{"id":1446,"date":"2014-08-22T21:42:15","date_gmt":"2014-08-22T21:42:15","guid":{"rendered":"http:\/\/www.verbum.biz\/escuelas-de-espanol\/?page_id=16"},"modified":"2025-06-17T14:01:04","modified_gmt":"2025-06-17T17:01:04","slug":"la-escuela-verbum","status":"publish","type":"page","link":"https:\/\/verbum.biz\/de\/","title":{"rendered":"Startseite"},"content":{"rendered":"<p><div class=\"fusion-fullwidth fullwidth-box fusion-builder-row-1 nonhundred-percent-fullwidth non-hundred-percent-height-scrolling\" style=\"--awb-border-radius-top-left:0px;--awb-border-radius-top-right:0px;--awb-border-radius-bottom-right:0px;--awb-border-radius-bottom-left:0px;--awb-flex-wrap:wrap;\" ><div class=\"fusion-builder-row fusion-row\"><div class=\"fusion-layout-column fusion_builder_column fusion-builder-column-0 fusion_builder_column_1_1 1_1 fusion-one-full fusion-column-first fusion-column-last\" style=\"--awb-bg-size:cover;\"><div class=\"fusion-column-wrapper fusion-column-has-shadow fusion-flex-column-wrapper-legacy\"><div class=\"fusion-text fusion-text-1\"><p>Unsere Verbum- Spanisch-Schule, gelegen im Herzen der Stadt <strong>Buenos Aires<\/strong>, bietet eine gro\u00dfe Auswahl an <strong>Spanischkursen<\/strong>, perfekt angepasst an die W\u00fcnsche und Interssen der Sch\u00fcler und Reisenden. Zudem gibt es <strong>Onlinekurse<\/strong>,<strong> Unterkunftsm\u00f6glichkeiten in Buenos Aires<\/strong>, <strong>Volunt\u00e4rm\u00f6glichkeiten<\/strong>, <strong>Praktika<\/strong>, <strong>Tango \u2013 und Salsaunterricht<\/strong> und nat\u00fcrlich kostenlose<strong> Freizeitangebote<\/strong>.<\/p>\n<\/div><div class=\"fusion-clearfix\"><\/div><\/div><\/div><\/div><\/div><div class=\"fusion-fullwidth fullwidth-box fusion-builder-row-2 fusion-parallax-none nonhundred-percent-fullwidth non-hundred-percent-height-scrolling\" style=\"--awb-border-sizes-top:1px;--awb-border-sizes-bottom:1px;--awb-border-sizes-left:0px;--awb-border-sizes-right:0px;--awb-border-radius-top-left:0px;--awb-border-radius-top-right:0px;--awb-border-radius-bottom-right:0px;--awb-border-radius-bottom-left:0px;--awb-padding-top:80px;--awb-margin-top:20px;--awb-margin-bottom:50px;--awb-background-image:url(&quot;https:\/\/verbum.biz\/wp-content\/uploads\/00-2.jpg&quot;);--awb-background-size:cover;--awb-flex-wrap:wrap;\" ><div class=\"fusion-builder-row fusion-row\"><div class=\"fusion-layout-column fusion_builder_column fusion-builder-column-1 fusion_builder_column_1_1 1_1 fusion-one-full fusion-column-first fusion-column-last fusion-column-no-min-height\" style=\"--awb-bg-size:cover;--awb-margin-bottom:0px;\"><div class=\"fusion-column-wrapper fusion-flex-column-wrapper-legacy\"><div class=\"fusion-reading-box-container reading-box-container-1\" style=\"--awb-title-color:#000000;--awb-margin-top:0px;--awb-margin-bottom:84px;\"><div class=\"reading-box\" style=\"background-color:rgba(255,255,255,0.85);border-width:0px;border-color:#f6f6f6;border-left-width:3px;border-left-color:var(--primary_color);border-style:solid;\"><a class=\"button fusion-button button-default fusion-button-large button-large button-flat fusion-desktop-button fusion-tagline-button continue fusion-desktop-button-margin continue-right\" style=\"-webkit-box-shadow:none;-moz-box-shadow:none;box-shadow:none;border-radius:2px 2px 2px 2px\" href=\"https:\/\/verbum.biz\/de\/anmeldungs\/\" target=\"_blank\" rel=\"noopener noreferrer\"><span>Buchen Sie Jetzt<\/span><\/a><h2>Spanisch lernen ist einfacher mit Verbum!<\/h2><div class=\"reading-box-description fusion-reading-box-additional\">W\u00e4hlen Sie aus der beliebtesten Kursen oder bitten uns um massgeschneiderte Kurse<\/div><div class=\"fusion-clearfix\"><\/div><a class=\"button fusion-button button-default fusion-button-large button-large button-flat fusion-mobile-button continue-right\" style=\"-webkit-box-shadow:none;-moz-box-shadow:none;box-shadow:none;border-radius:2px 2px 2px 2px\" href=\"https:\/\/verbum.biz\/de\/anmeldungs\/\" target=\"_blank\" rel=\"noopener noreferrer\"><span>Buchen Sie Jetzt<\/span><\/a><\/div><\/div><div class=\"fusion-clearfix\"><\/div><\/div><\/div><\/div><\/div><div class=\"fusion-fullwidth fullwidth-box fusion-builder-row-3 nonhundred-percent-fullwidth non-hundred-percent-height-scrolling\" style=\"--awb-border-radius-top-left:0px;--awb-border-radius-top-right:0px;--awb-border-radius-bottom-right:0px;--awb-border-radius-bottom-left:0px;--awb-flex-wrap:wrap;\" ><div class=\"fusion-builder-row fusion-row\"><div class=\"fusion-layout-column fusion_builder_column fusion-builder-column-2 fusion_builder_column_1_1 1_1 fusion-one-full fusion-column-first fusion-column-last\" style=\"--awb-bg-size:cover;\"><div class=\"fusion-column-wrapper fusion-column-has-shadow fusion-flex-column-wrapper-legacy\"><div class=\"fusion-title title fusion-title-1 fusion-title-text fusion-title-size-two\"><h2 class=\"fusion-title-heading title-heading-left\" style=\"margin:0;\">Unsere fr\u00f6hliche Studenten<\/h2><span class=\"awb-title-spacer\"><\/span><div class=\"title-sep-container\"><div class=\"title-sep sep-double sep-solid\" style=\"border-color:#e0dede;\"><\/div><\/div><\/div><div class=\"fusion-image-carousel fusion-image-carousel-fixed fusion-image-carousel-1 lightbox-enabled fusion-carousel-border\"><div class=\"awb-carousel awb-swiper awb-swiper-carousel awb-carousel--carousel awb-swiper-dots-position-bottom\" data-layout=\"carousel\" data-autoplay=\"no\" data-autoplayspeed=\"2500\" data-autoplaypause=\"no\" data-columns=\"5\" data-columnsmedium=\"1\" data-columnssmall=\"1\" data-itemmargin=\"13\" data-itemwidth=\"180\" data-touchscroll=\"no\" data-freemode=\"no\" data-imagesize=\"fixed\" data-scrollitems=\"0\" data-centeredslides=\"no\" data-rotationangle=\"50\" data-depth=\"100\" data-speed=\"500\" data-shadow=\"no\" data-pagination=\"bullets\" style=\"--awb-border-width:1px;--awb-border-color:#e9eaee;\"><div class=\"swiper-wrapper awb-image-carousel-wrapper fusion-flex-align-items-center\"><div class=\"swiper-slide\"><div class=\"fusion-carousel-item-wrapper\"><div class=\"fusion-image-wrapper hover-type-none\"><a data-rel=\"iLightbox[image_carousel_1]\" data-caption=\"Our Spanish School in Buenos Aires, Argentina\" data-title=\"spanish-school-buenos-aires-argentina-35\" aria-label=\"spanish-school-buenos-aires-argentina-35\" href=\"https:\/\/verbum.biz\/wp-content\/uploads\/spanish-school-buenos-aires-argentina-35.jpg\" target=\"_self\"><img decoding=\"async\" width=\"320\" height=\"202\" src=\"https:\/\/verbum.biz\/wp-content\/uploads\/spanish-school-buenos-aires-argentina-35-320x202.jpg\" class=\"attachment-blog-medium size-blog-medium\" alt=\"Our Spanish School in Buenos Aires, Argentina\" \/><\/a><\/div><\/div><\/div><div class=\"swiper-slide\"><div class=\"fusion-carousel-item-wrapper\"><div class=\"fusion-image-wrapper hover-type-none\"><a data-rel=\"iLightbox[image_carousel_1]\" data-caption=\"Our Spanish School in Buenos Aires, Argentina\" data-title=\"spanish-school-buenos-aires-argentina-2\" aria-label=\"spanish-school-buenos-aires-argentina-2\" href=\"https:\/\/verbum.biz\/wp-content\/uploads\/spanish-school-buenos-aires-argentina-2.jpg\" target=\"_self\"><img decoding=\"async\" width=\"320\" height=\"202\" src=\"https:\/\/verbum.biz\/wp-content\/uploads\/spanish-school-buenos-aires-argentina-2-320x202.jpg\" class=\"attachment-blog-medium size-blog-medium\" alt=\"Our Spanish School in Buenos Aires, Argentina\" \/><\/a><\/div><\/div><\/div><div class=\"swiper-slide\"><div class=\"fusion-carousel-item-wrapper\"><div class=\"fusion-image-wrapper hover-type-none\"><a data-rel=\"iLightbox[image_carousel_1]\" data-caption=\"Our Spanish School in Buenos Aires, Argentina\" data-title=\"spanish-school-buenos-aires-argentina-37\" aria-label=\"spanish-school-buenos-aires-argentina-37\" href=\"https:\/\/verbum.biz\/wp-content\/uploads\/spanish-school-buenos-aires-argentina-37.jpg\" target=\"_self\"><img decoding=\"async\" width=\"320\" height=\"202\" src=\"https:\/\/verbum.biz\/wp-content\/uploads\/spanish-school-buenos-aires-argentina-37-320x202.jpg\" class=\"attachment-blog-medium size-blog-medium\" alt=\"Our Spanish School in Buenos Aires, Argentina\" \/><\/a><\/div><\/div><\/div><div class=\"swiper-slide\"><div class=\"fusion-carousel-item-wrapper\"><div class=\"fusion-image-wrapper hover-type-none\"><a data-rel=\"iLightbox[image_carousel_1]\" data-caption=\"Our Spanish School in Buenos Aires, Argentina\" data-title=\"spanish-school-buenos-aires-argentina-4\" aria-label=\"spanish-school-buenos-aires-argentina-4\" href=\"https:\/\/verbum.biz\/wp-content\/uploads\/spanish-school-buenos-aires-argentina-4.jpg\" target=\"_self\"><img decoding=\"async\" width=\"320\" height=\"202\" src=\"https:\/\/verbum.biz\/wp-content\/uploads\/spanish-school-buenos-aires-argentina-4-320x202.jpg\" class=\"attachment-blog-medium size-blog-medium\" alt=\"Our Spanish School in Buenos Aires, Argentina\" \/><\/a><\/div><\/div><\/div><div class=\"swiper-slide\"><div class=\"fusion-carousel-item-wrapper\"><div class=\"fusion-image-wrapper hover-type-none\"><a data-rel=\"iLightbox[image_carousel_1]\" data-caption=\"Our Spanish School in Buenos Aires, Argentina\" data-title=\"spanish-school-buenos-aires-argentina-10\" aria-label=\"spanish-school-buenos-aires-argentina-10\" href=\"https:\/\/verbum.biz\/wp-content\/uploads\/spanish-school-buenos-aires-argentina-10.jpg\" target=\"_self\"><img decoding=\"async\" width=\"320\" height=\"202\" src=\"https:\/\/verbum.biz\/wp-content\/uploads\/spanish-school-buenos-aires-argentina-10-320x202.jpg\" class=\"attachment-blog-medium size-blog-medium\" alt=\"Our Spanish School in Buenos Aires, Argentina\" \/><\/a><\/div><\/div><\/div><div class=\"swiper-slide\"><div class=\"fusion-carousel-item-wrapper\"><div class=\"fusion-image-wrapper hover-type-none\"><a data-rel=\"iLightbox[image_carousel_1]\" data-caption=\"Our Spanish School in Buenos Aires, Argentina\" data-title=\"spanish-school-buenos-aires-argentina-7\" aria-label=\"spanish-school-buenos-aires-argentina-7\" href=\"https:\/\/verbum.biz\/wp-content\/uploads\/spanish-school-buenos-aires-argentina-7.jpg\" target=\"_self\"><img decoding=\"async\" width=\"320\" height=\"202\" src=\"https:\/\/verbum.biz\/wp-content\/uploads\/spanish-school-buenos-aires-argentina-7-320x202.jpg\" class=\"attachment-blog-medium size-blog-medium\" alt=\"Our Spanish School in Buenos Aires, Argentina\" \/><\/a><\/div><\/div><\/div><div class=\"swiper-slide\"><div class=\"fusion-carousel-item-wrapper\"><div class=\"fusion-image-wrapper hover-type-none\"><a data-rel=\"iLightbox[image_carousel_1]\" data-caption=\"Our Spanish School in Buenos Aires, Argentina\" data-title=\"spanish-school-buenos-aires-argentina-8\" aria-label=\"spanish-school-buenos-aires-argentina-8\" href=\"https:\/\/verbum.biz\/wp-content\/uploads\/spanish-school-buenos-aires-argentina-8.jpg\" target=\"_self\"><img decoding=\"async\" width=\"320\" height=\"202\" src=\"https:\/\/verbum.biz\/wp-content\/uploads\/spanish-school-buenos-aires-argentina-8-320x202.jpg\" class=\"attachment-blog-medium size-blog-medium\" alt=\"Our Spanish School in Buenos Aires, Argentina\" \/><\/a><\/div><\/div><\/div><div class=\"swiper-slide\"><div class=\"fusion-carousel-item-wrapper\"><div class=\"fusion-image-wrapper hover-type-none\"><a data-rel=\"iLightbox[image_carousel_1]\" data-caption=\"Our Spanish School in Buenos Aires, Argentina\" data-title=\"spanish-school-buenos-aires-argentina-15\" aria-label=\"spanish-school-buenos-aires-argentina-15\" href=\"https:\/\/verbum.biz\/wp-content\/uploads\/spanish-school-buenos-aires-argentina-15.jpg\" target=\"_self\"><img decoding=\"async\" width=\"320\" height=\"202\" src=\"https:\/\/verbum.biz\/wp-content\/uploads\/spanish-school-buenos-aires-argentina-15-320x202.jpg\" class=\"attachment-blog-medium size-blog-medium\" alt=\"Our Spanish School in Buenos Aires, Argentina\" \/><\/a><\/div><\/div><\/div><div class=\"swiper-slide\"><div class=\"fusion-carousel-item-wrapper\"><div class=\"fusion-image-wrapper hover-type-none\"><a data-rel=\"iLightbox[image_carousel_1]\" data-title=\"spanish-school-buenos-aires-argentina-38\" aria-label=\"spanish-school-buenos-aires-argentina-38\" href=\"https:\/\/verbum.biz\/wp-content\/uploads\/spanish-school-buenos-aires-argentina-38.jpg\" target=\"_self\"><img decoding=\"async\" width=\"320\" height=\"202\" src=\"https:\/\/verbum.biz\/wp-content\/uploads\/spanish-school-buenos-aires-argentina-38-320x202.jpg\" class=\"attachment-blog-medium size-blog-medium\" alt=\"\" \/><\/a><\/div><\/div><\/div><\/div><div class=\"awb-swiper-button awb-swiper-button-prev\"><i class=\"awb-icon-angle-left\" aria-hidden=\"true\"><\/i><\/div><div class=\"awb-swiper-button awb-swiper-button-next\"><i class=\"awb-icon-angle-right\" aria-hidden=\"true\"><\/i><\/div><\/div><\/div><div class=\"fusion-clearfix\"><\/div><\/div><\/div><div class=\"fusion-layout-column fusion_builder_column fusion-builder-column-3 fusion_builder_column_1_1 1_1 fusion-one-full fusion-column-first fusion-column-last\" style=\"--awb-bg-size:cover;\"><div class=\"fusion-column-wrapper fusion-column-has-shadow fusion-flex-column-wrapper-legacy\"><div class=\"fusion-tabs fusion-tabs-1 classic nav-is-justified horizontal-tabs icon-position-left mobile-mode-accordion\" style=\"--awb-title-border-radius-top-left:0px;--awb-title-border-radius-top-right:0px;--awb-title-border-radius-bottom-right:0px;--awb-title-border-radius-bottom-left:0px;--awb-inactive-color:#ebeaea;--awb-background-color:#ffffff;--awb-border-color:#ebeaea;--awb-active-border-color:#67b7e1;\"><div class=\"nav\"><ul class=\"nav-tabs nav-justified\" role=\"tablist\"><li class=\"active\" role=\"presentation\"><a class=\"tab-link\" data-toggle=\"tab\" role=\"tab\" aria-controls=\"tab-31d1d4440d5312752a6\" aria-selected=\"true\" id=\"fusion-tab-beliebtestenkurse\" href=\"#tab-31d1d4440d5312752a6\"><h4 class=\"fusion-tab-heading\">Beliebtesten Kurse<\/h4><\/a><\/li><li role=\"presentation\"><a class=\"tab-link\" data-toggle=\"tab\" role=\"tab\" aria-controls=\"tab-3a2574f528221d90208\" aria-selected=\"false\" tabindex=\"-1\" id=\"fusion-tab-unterkunft\" href=\"#tab-3a2574f528221d90208\"><h4 class=\"fusion-tab-heading\">Unterkunft<\/h4><\/a><\/li><li role=\"presentation\"><a class=\"tab-link\" data-toggle=\"tab\" role=\"tab\" aria-controls=\"tab-f1b73b0115dc0bc494b\" aria-selected=\"false\" tabindex=\"-1\" id=\"fusion-tab-freiwilligarbeit\" href=\"#tab-f1b73b0115dc0bc494b\"><h4 class=\"fusion-tab-heading\">Freiwilligarbeit<\/h4><\/a><\/li><li role=\"presentation\"><a class=\"tab-link\" data-toggle=\"tab\" role=\"tab\" aria-controls=\"tab-7c26e0466616a3bef3a\" aria-selected=\"false\" tabindex=\"-1\" id=\"fusion-tab-praktikum\" href=\"#tab-7c26e0466616a3bef3a\"><h4 class=\"fusion-tab-heading\">Praktikum<\/h4><\/a><\/li><\/ul><\/div><div class=\"tab-content\"><div class=\"nav fusion-mobile-tab-nav\"><ul class=\"nav-tabs nav-justified\" role=\"tablist\"><li class=\"active\" role=\"presentation\"><a class=\"tab-link\" data-toggle=\"tab\" role=\"tab\" aria-controls=\"tab-31d1d4440d5312752a6\" aria-selected=\"true\" id=\"mobile-fusion-tab-beliebtestenkurse\" href=\"#tab-31d1d4440d5312752a6\"><h4 class=\"fusion-tab-heading\">Beliebtesten Kurse<\/h4><\/a><\/li><\/ul><\/div><div class=\"tab-pane fade fusion-clearfix in active\" role=\"tabpanel\" tabindex=\"0\" aria-labelledby=\"fusion-tab-beliebtestenkurse\" id=\"tab-31d1d4440d5312752a6\">\n<p><strong>Lernen Sie<\/strong> effektiv und erfolgreich <strong>Spanisch<\/strong>. Nehmen Sie an <strong>kulturellen Freizeitaktivit\u00e4ten<\/strong> teil und lernen Sie gleichzeitig Argentinien und seine Bev\u00f6lkerung kennen.<\/p>\n<p>Wir bieten <strong>Sprachkurse f\u00fcr Erwachsene, Kinder und Jugendliche<\/strong> an.<\/p>\n<p>Wir bieten auch <strong>Spezialkurse<\/strong> (<strong>Business Spanisch<\/strong>, <strong>Spanisch f\u00fcr Austausch- oder Auslandsstudenten<\/strong>, <strong>Spanisch f\u00fcr Mediziner<\/strong>, <strong>Spanisch fuer Rechtsanw\u00e4lte<\/strong>, usw.) an.<\/p>\n<p>Ausserdem bieten wir <strong>Kurse zur Vorbereitung auf international anerkannte Pr\u00fcfungen<\/strong> an.<\/p>\n<p>Unsere <strong>meistbesuchten<\/strong> <strong>Spanischkurse<\/strong>:<\/p>\n<table border=\"1\" align=\"center\">\n<tbody>\n<tr>\n<td style=\"text-align: center;\" rowspan=\"2\">Kurse<\/td>\n<td style=\"text-align: center;\" rowspan=\"2\">Format<\/td>\n<td style=\"text-align: center;\" colspan=\"2\">Stunde\/Woche<\/td>\n<td style=\"text-align: center;\" rowspan=\"2\">SpanishStufen<\/td>\n<td style=\"text-align: center;\" colspan=\"4\">Preise (US Dollars)<\/td>\n<\/tr>\n<tr>\n<td style=\"text-align: center;\">Gruppe<\/td>\n<td style=\"text-align: center;\">Privat<\/td>\n<td style=\"text-align: center;\">1 Woche<\/td>\n<td style=\"text-align: center;\">2 Wochen<\/td>\n<td style=\"text-align: center;\">3 Wochen<\/td>\n<td style=\"text-align: center;\">4 Wochen<\/td>\n<\/tr>\n<tr>\n<td>\u00a0 Intensivkurse<\/td>\n<td style=\"text-align: center;\">Gruppe<\/td>\n<td style=\"text-align: center;\">20<\/td>\n<td style=\"text-align: center;\">&#8211;<\/td>\n<td style=\"text-align: center;\">Alle<\/td>\n<td style=\"text-align: center;\">$195<\/td>\n<td style=\"text-align: center;\">$385<\/td>\n<td style=\"text-align: center;\">$575<\/td>\n<td style=\"text-align: center;\">$760<\/td>\n<\/tr>\n<tr>\n<td style=\"text-align: center;\">Langzeitkurse<\/td>\n<td style=\"text-align: center;\">Gruppe<\/td>\n<td style=\"text-align: center;\">10<\/td>\n<td style=\"text-align: center;\">&#8211;<\/td>\n<td style=\"text-align: center;\">Alle<\/td>\n<td style=\"text-align: center;\">$120<\/td>\n<td style=\"text-align: center;\">$235<\/td>\n<td style=\"text-align: center;\">$350<\/td>\n<td style=\"text-align: center;\">$465<\/td>\n<\/tr>\n<tr>\n<td style=\"text-align: center;\">Superntensivkurse<\/td>\n<td style=\"text-align: center;\">Gruppe &amp; Privat<\/td>\n<td style=\"text-align: center;\">20<\/td>\n<td style=\"text-align: center;\">10<\/td>\n<td style=\"text-align: center;\">Alle<\/td>\n<td style=\"text-align: center;\">$345<\/td>\n<td style=\"text-align: center;\">\u00a0$680<\/td>\n<td style=\"text-align: center;\">$1020<\/td>\n<td style=\"text-align: center;\">$1360<\/td>\n<\/tr>\n<tr>\n<td style=\"text-align: center;\">Einzelunterricht<\/td>\n<td style=\"text-align: center;\">Privat<\/td>\n<td style=\"text-align: center;\" colspan=\"2\">Auf Anfrage<\/td>\n<td style=\"text-align: center;\">Alle<\/td>\n<td style=\"text-align: center;\" colspan=\"4\">$27 pro Stunde<\/td>\n<\/tr>\n<\/tbody>\n<\/table>\n<\/div><div class=\"nav fusion-mobile-tab-nav\"><ul class=\"nav-tabs nav-justified\" role=\"tablist\"><li role=\"presentation\"><a class=\"tab-link\" data-toggle=\"tab\" role=\"tab\" aria-controls=\"tab-3a2574f528221d90208\" aria-selected=\"false\" tabindex=\"-1\" id=\"mobile-fusion-tab-unterkunft\" href=\"#tab-3a2574f528221d90208\"><h4 class=\"fusion-tab-heading\">Unterkunft<\/h4><\/a><\/li><\/ul><\/div><div class=\"tab-pane fade fusion-clearfix\" role=\"tabpanel\" tabindex=\"0\" aria-labelledby=\"fusion-tab-unterkunft\" id=\"tab-3a2574f528221d90208\">\n<p>Sie k\u00f6nnen Ihre <strong>Unterkunft<\/strong> \u00fcber Verbum buchen. Wir k\u00f6nnen f\u00fcr Sie ein <strong>Zimmer in Anteilwohnung\u00a0<\/strong>in der n\u00e4he der Schule\u00a0buchen oder f\u00fcr Sie eine <strong>Unterkunft bei einer Familie<\/strong> oder argentinischen Studenten organisieren. Auf Anfrage buchen wir f\u00fcr Sie auch gerne ein Hotelzimmer, ein Zimmer in einer Fr\u00fchst\u00fcckspension oder ein Apartment buchen.<\/p>\n<p>Sie k\u00f6nnen uns gerne schreiben\u00a0um mit uns \u00fcber Ihre Vorstellungen zu sprechen.<\/p>\n<\/div><div class=\"nav fusion-mobile-tab-nav\"><ul class=\"nav-tabs nav-justified\" role=\"tablist\"><li role=\"presentation\"><a class=\"tab-link\" data-toggle=\"tab\" role=\"tab\" aria-controls=\"tab-f1b73b0115dc0bc494b\" aria-selected=\"false\" tabindex=\"-1\" id=\"mobile-fusion-tab-freiwilligarbeit\" href=\"#tab-f1b73b0115dc0bc494b\"><h4 class=\"fusion-tab-heading\">Freiwilligarbeit<\/h4><\/a><\/li><\/ul><\/div><div class=\"tab-pane fade fusion-clearfix\" role=\"tabpanel\" tabindex=\"0\" aria-labelledby=\"fusion-tab-freiwilligarbeit\" id=\"tab-f1b73b0115dc0bc494b\">\n<p>Wir bieten auch die M\u00f6glichkeit einen <strong>Volunt\u00e4rdienst<\/strong> in<strong> Buenos Aires<\/strong>, w\u00e4hrend oder nach dem Spanischkurs, zu leisten. Es stehen viele verschiedene Arbeitsbereiche zur Auswahl. In allen wird spanisch gesprochen Somit kann man die Fremsprache auch in Alltagssituationen einsetzten und zudem die lokalen Projekte unterst\u00fctzen. Dieses Angebot ist f\u00fcr alle unserer Sch\u00fcler kostenlos.<\/p>\n<\/div><div class=\"nav fusion-mobile-tab-nav\"><ul class=\"nav-tabs nav-justified\" role=\"tablist\"><li role=\"presentation\"><a class=\"tab-link\" data-toggle=\"tab\" role=\"tab\" aria-controls=\"tab-7c26e0466616a3bef3a\" aria-selected=\"false\" tabindex=\"-1\" id=\"mobile-fusion-tab-praktikum\" href=\"#tab-7c26e0466616a3bef3a\"><h4 class=\"fusion-tab-heading\">Praktikum<\/h4><\/a><\/li><\/ul><\/div><div class=\"tab-pane fade fusion-clearfix\" role=\"tabpanel\" tabindex=\"0\" aria-labelledby=\"fusion-tab-praktikum\" id=\"tab-7c26e0466616a3bef3a\">\n<p>Verbum bietet <strong>Praktikumsstellen<\/strong> in <em><strong>Buenos Aires<\/strong><\/em> in den verschiedensten Branchen und Bereichen<\/p>\n<\/div><\/div><\/div><div class=\"fusion-clearfix\"><\/div><\/div><\/div><div class=\"fusion-layout-column fusion_builder_column fusion-builder-column-4 fusion_builder_column_1_1 1_1 fusion-one-full fusion-column-first fusion-column-last\" style=\"--awb-bg-size:cover;\"><div class=\"fusion-column-wrapper fusion-column-has-shadow fusion-flex-column-wrapper-legacy\"><div class=\"fusion-title title fusion-title-2 fusion-title-text fusion-title-size-two\"><h2 class=\"fusion-title-heading title-heading-left\" style=\"margin:0;\">Feedbacks von unseren Spanischsch\u00fclern<\/h2><span class=\"awb-title-spacer\"><\/span><div class=\"title-sep-container\"><div class=\"title-sep sep-double sep-solid\" style=\"border-color:#e0dede;\"><\/div><\/div><\/div><div class=\"fusion-recent-posts fusion-recent-posts-1 avada-container layout-default layout-columns-3\"><section class=\"fusion-columns columns fusion-columns-3 columns-3\"><article class=\"post fusion-column column col col-lg-4 col-md-4 col-sm-4\"><div class=\"recent-posts-content\"><span class=\"vcard\" style=\"display: none;\"><span class=\"fn\"><a href=\"https:\/\/verbum.biz\/de\/author\/luis-engaddi\/\" title=\"Beitr\u00e4ge von Marina Boschi\" rel=\"author\">Marina Boschi<\/a><\/span><\/span><span class=\"updated\" style=\"display:none;\">2026-02-16T19:35:43-03:00<\/span><h4 class=\"entry-title\"><a href=\"https:\/\/verbum.biz\/de\/boludo-bedeutung-argentinisch\/\">Schimpfw\u00f6rter auf Spanisch: Was bedeuteten \u201eboludo\u201d und \u201epelotudo\u201d urspr\u00fcnglich?<\/a><\/h4><p class=\"meta\"><span class=\"vcard\" style=\"display: none;\"><span class=\"fn\"><a href=\"https:\/\/verbum.biz\/de\/author\/luis-engaddi\/\" title=\"Beitr\u00e4ge von Marina Boschi\" rel=\"author\">Marina Boschi<\/a><\/span><\/span><span class=\"updated\" style=\"display:none;\">2026-02-16T19:35:43-03:00<\/span><span>M\u00e4rz 22nd, 2019<\/span><span class=\"fusion-inline-sep\">|<\/span><span class=\"fusion-comments\"><span>Kommentare deaktiviert<span class=\"screen-reader-text\"> f\u00fcr Schimpfw\u00f6rter auf Spanisch: Was bedeuteten \u201eboludo\u201d und \u201epelotudo\u201d urspr\u00fcnglich?<\/span><\/span><\/span><\/p><p> \u201eBoludo\u201c und \u201epelotudo\u201c sind Schimpfw\u00f6rter, die in Argentinien speziell f\u00fcr \u201edumm\u201c verwendet werden. Aber [...]<\/p><\/div><\/article><article class=\"post fusion-column column col col-lg-4 col-md-4 col-sm-4\"><div class=\"recent-posts-content\"><span class=\"vcard\" style=\"display: none;\"><span class=\"fn\"><a href=\"https:\/\/verbum.biz\/de\/author\/luis-engaddi\/\" title=\"Beitr\u00e4ge von Marina Boschi\" rel=\"author\">Marina Boschi<\/a><\/span><\/span><span class=\"updated\" style=\"display:none;\">2019-03-21T12:56:42-03:00<\/span><h4 class=\"entry-title\"><a href=\"https:\/\/verbum.biz\/de\/week-of-the-art-in-ba-april-8th-to-14th\/\">Week of the art in BA: April 8th to 14th<\/a><\/h4><p class=\"meta\"><span class=\"vcard\" style=\"display: none;\"><span class=\"fn\"><a href=\"https:\/\/verbum.biz\/de\/author\/luis-engaddi\/\" title=\"Beitr\u00e4ge von Marina Boschi\" rel=\"author\">Marina Boschi<\/a><\/span><\/span><span class=\"updated\" style=\"display:none;\">2019-03-21T12:56:42-03:00<\/span><span>M\u00e4rz 21st, 2019<\/span><span class=\"fusion-inline-sep\">|<\/span><span class=\"fusion-comments\"><span>Kommentare deaktiviert<span class=\"screen-reader-text\"> f\u00fcr Week of the art in BA: April 8th to 14th<\/span><\/span><\/span><\/p><p>From Monday 8 to Sunday 14 April, contemporary art becomes protagonist in the City through [...]<\/p><\/div><\/article><article class=\"post fusion-column column col col-lg-4 col-md-4 col-sm-4\"><div class=\"recent-posts-content\"><span class=\"vcard\" style=\"display: none;\"><span class=\"fn\"><a href=\"https:\/\/verbum.biz\/de\/author\/luis-engaddi\/\" title=\"Beitr\u00e4ge von Marina Boschi\" rel=\"author\">Marina Boschi<\/a><\/span><\/span><span class=\"updated\" style=\"display:none;\">2019-03-19T12:52:43-03:00<\/span><h4 class=\"entry-title\"><a href=\"https:\/\/verbum.biz\/de\/the-libreria-de-avila-the-oldest-bookstore-in-buenos-aires-and-a-witness-to-argentine-history\/\">The Librer\u00eda de \u00c1vila: the oldest bookstore in Buenos Aires and a witness to Argentine History<\/a><\/h4><p class=\"meta\"><span class=\"vcard\" style=\"display: none;\"><span class=\"fn\"><a href=\"https:\/\/verbum.biz\/de\/author\/luis-engaddi\/\" title=\"Beitr\u00e4ge von Marina Boschi\" rel=\"author\">Marina Boschi<\/a><\/span><\/span><span class=\"updated\" style=\"display:none;\">2019-03-19T12:52:43-03:00<\/span><span>M\u00e4rz 19th, 2019<\/span><span class=\"fusion-inline-sep\">|<\/span><span class=\"fusion-comments\"><span>Kommentare deaktiviert<span class=\"screen-reader-text\"> f\u00fcr The Librer\u00eda de \u00c1vila: the oldest bookstore in Buenos Aires and a witness to Argentine History<\/span><\/span><\/span><\/p><p>Known today as the \"Library of the College\" was founded in 1785 and continues in [...]<\/p><\/div><\/article><\/section><\/div><div class=\"fusion-clearfix\"><\/div><\/div><\/div><\/div><\/div><\/p>\n","protected":false},"excerpt":{"rendered":"","protected":false},"author":1,"featured_media":0,"parent":0,"menu_order":0,"comment_status":"open","ping_status":"closed","template":"","meta":{"footnotes":""},"class_list":["post-1446","page","type-page","status-publish","hentry"],"_links":{"self":[{"href":"https:\/\/verbum.biz\/de\/wp-json\/wp\/v2\/pages\/1446","targetHints":{"allow":["GET"]}}],"collection":[{"href":"https:\/\/verbum.biz\/de\/wp-json\/wp\/v2\/pages"}],"about":[{"href":"https:\/\/verbum.biz\/de\/wp-json\/wp\/v2\/types\/page"}],"author":[{"embeddable":true,"href":"https:\/\/verbum.biz\/de\/wp-json\/wp\/v2\/users\/1"}],"replies":[{"embeddable":true,"href":"https:\/\/verbum.biz\/de\/wp-json\/wp\/v2\/comments?post=1446"}],"version-history":[{"count":11,"href":"https:\/\/verbum.biz\/de\/wp-json\/wp\/v2\/pages\/1446\/revisions"}],"predecessor-version":[{"id":6506,"href":"https:\/\/verbum.biz\/de\/wp-json\/wp\/v2\/pages\/1446\/revisions\/6506"}],"wp:attachment":[{"href":"https:\/\/verbum.biz\/de\/wp-json\/wp\/v2\/media?parent=1446"}],"curies":[{"name":"wp","href":"https:\/\/api.w.org\/{rel}","templated":true}]}}