{"id":1634,"date":"2014-12-26T21:55:24","date_gmt":"2014-12-26T21:55:24","guid":{"rendered":"http:\/\/verbum.biz\/sprachschulen-spanisch-buenos-aires\/?page_id=1634"},"modified":"2025-06-17T13:57:08","modified_gmt":"2025-06-17T16:57:08","slug":"online-spanischunterricht","status":"publish","type":"page","link":"https:\/\/verbum.biz\/de\/online-spanischunterricht\/","title":{"rendered":"Online Spanischunterricht"},"content":{"rendered":"<div class=\"fusion-fullwidth fullwidth-box fusion-builder-row-1 nonhundred-percent-fullwidth non-hundred-percent-height-scrolling\" style=\"--awb-border-radius-top-left:0px;--awb-border-radius-top-right:0px;--awb-border-radius-bottom-right:0px;--awb-border-radius-bottom-left:0px;--awb-flex-wrap:wrap;\" ><div class=\"fusion-builder-row fusion-row\"><div class=\"fusion-layout-column fusion_builder_column fusion-builder-column-0 fusion_builder_column_1_2 1_2 fusion-one-half fusion-column-first\" style=\"--awb-bg-size:cover;width:50%;width:calc(50% - ( ( 4% ) * 0.5 ) );margin-right: 4%;\"><div class=\"fusion-column-wrapper fusion-column-has-shadow fusion-flex-column-wrapper-legacy\"><div class=\"fusion-image-element in-legacy-container\" style=\"--awb-caption-title-font-family:var(--h2_typography-font-family);--awb-caption-title-font-weight:var(--h2_typography-font-weight);--awb-caption-title-font-style:var(--h2_typography-font-style);--awb-caption-title-size:var(--h2_typography-font-size);--awb-caption-title-transform:var(--h2_typography-text-transform);--awb-caption-title-line-height:var(--h2_typography-line-height);--awb-caption-title-letter-spacing:var(--h2_typography-letter-spacing);\"><span class=\" fusion-imageframe imageframe-none imageframe-1 hover-type-none\"><img decoding=\"async\" width=\"1000\" height=\"500\" title=\"spanish-school-buenos-aires-classes-online-lessons\" src=\"https:\/\/verbum.biz\/wp-content\/uploads\/spanish-school-buenos-aires-classes-online-lessons.jpg\" alt class=\"img-responsive wp-image-2950\" srcset=\"https:\/\/verbum.biz\/wp-content\/uploads\/spanish-school-buenos-aires-classes-online-lessons-200x100.jpg 200w, https:\/\/verbum.biz\/wp-content\/uploads\/spanish-school-buenos-aires-classes-online-lessons-400x200.jpg 400w, https:\/\/verbum.biz\/wp-content\/uploads\/spanish-school-buenos-aires-classes-online-lessons-600x300.jpg 600w, https:\/\/verbum.biz\/wp-content\/uploads\/spanish-school-buenos-aires-classes-online-lessons-800x400.jpg 800w, https:\/\/verbum.biz\/wp-content\/uploads\/spanish-school-buenos-aires-classes-online-lessons.jpg 1000w\" sizes=\"(max-width: 800px) 100vw, 600px\" \/><\/span><\/div><div class=\"fusion-clearfix\"><\/div><\/div><\/div><div class=\"fusion-layout-column fusion_builder_column fusion-builder-column-1 fusion_builder_column_1_2 1_2 fusion-one-half fusion-column-last\" style=\"--awb-bg-size:cover;width:50%;width:calc(50% - ( ( 4% ) * 0.5 ) );\"><div class=\"fusion-column-wrapper fusion-column-has-shadow fusion-flex-column-wrapper-legacy\"><div class=\"fusion-text fusion-text-1\"><p>Spanisch online Lernen: flexibel, einfach, schnell und bequem. Fuer alle Stufen.<\/p>\n<p>Lernen Sie die spanische Sprache mit professionellen muttersprachigen Sprachlehrer\/innen im Online-Einzelunterricht.<\/p>\n<p>Schnelle und h\u00f6chsteffiziente Lernmethode, die Spa\u00df macht.\u00a0\u00a0Au\u00dferdem sind unsere Online Angebote gut strukturiert und einfach aufgebaut, um Spanisch perfekt als Fremdsprache lernen zu k\u00f6nnen.<\/p>\n<p>Preis: US $ 27\/Stunde.<\/p>\n<\/div><div class=\"fusion-clearfix\"><\/div><\/div><\/div><div class=\"fusion-layout-column fusion_builder_column fusion-builder-column-2 fusion_builder_column_1_1 1_1 fusion-one-full fusion-column-first fusion-column-last\" style=\"--awb-bg-size:cover;\"><div class=\"fusion-column-wrapper fusion-column-has-shadow fusion-flex-column-wrapper-legacy\"><div class=\"fusion-text fusion-text-2\"><p>Inkludierte Leistungen:<\/p>\n<ul>\n<li>Verschiedene Pakete m\u00f6glich \u2013 w\u00f6chentlich, monatlich, viertelj\u00e4hrlich<\/li>\n<li>Grammatik und \u00dcbungen<\/li>\n<li>Verbesserung der \u00dcbungen\/Hausaufgaben: \u00dcbungen werden per Mail geschickt und danach von dem Spanischlehrer korregiert<\/li>\n<li>Konversationen und freies Sprechen<\/li>\n<li>Lese- und H\u00f6rverstehen<\/li>\n<li>DELE Pr\u00fcfungsvorbereitung<\/li>\n<li>Allgemeines Spanisch oder Spanisch f\u00fcr bestimme Anl\u00e4sse( Medizinische Fachbegriffe, Business- oder Literaturspanisch)<\/li>\n<li>Vorbereitung bestimmter Dokumente\/ \u00dcbungen etc.<\/li>\n<\/ul>\n<p>Warum f\u00fcr uns entscheiden?<\/p>\n<ul>\n<li>Qualifizierte und erfahrene Lehrer: Wir sind ein Team bestehend aus qualifizierten \u201eMuttersprachlern\u201c, die viel Erfahrung haben und speziell geschult wurden, um Spanisch via Skype zu unterrichten.<\/li>\n<li>Der Unterricht wird komplett auf den Sch\u00fcler abgestimmt. Abh\u00e4ngig vom K\u00f6nnen des Sch\u00fclers und von seinen W\u00fcnschen, bauen wir einen \u201e Spanischplan\u201c auf, damit das Ziel am schnellsten und effizientesten erreicht wird.<\/li>\n<li>Unsere Kurse bieten Grammtikwiederholungen, freies Sprechen, Verbesserung der Schreibfertigkeiten und Vergr\u00f6\u00dferung des Wortschatzes.<\/li>\n<li>Die Lehrer, nat\u00fcrlich gut qualifiziert, sind zudem sehr freundlich und hilsbereit. Sie gehen gerne auch Vorschl\u00e4ge, W\u00fcnsche und Verbesserungen ein.<\/li>\n<li>Skype funktioniert tats\u00e4chlich zum Spanisch Lernen. Es ist sehr effizient, da man Einzelunternicht nimmt, und praktisch, weil es von jedem Land der Welt aus m\u00f6glich ist. Der ganz gro\u00dfe Vorteil dabei: es funktioniert direkt von zu Hause aus!<\/li>\n<li>W\u00e4hrend des Kurses ist man im direkten Kontakt mit dem Lehrer, \u00fcber Skype und auch per Mail. Der Lehrer korregiert die Hausaufgaben, hilft bei Fragen und r\u00e4umt Zweifel aus.<\/li>\n<\/ul>\n<\/div><div class=\"fusion-clearfix\"><\/div><\/div><\/div><\/div><\/div>\n","protected":false},"excerpt":{"rendered":"","protected":false},"author":1,"featured_media":0,"parent":0,"menu_order":0,"comment_status":"open","ping_status":"open","template":"","meta":{"footnotes":""},"class_list":["post-1634","page","type-page","status-publish","hentry"],"_links":{"self":[{"href":"https:\/\/verbum.biz\/de\/wp-json\/wp\/v2\/pages\/1634","targetHints":{"allow":["GET"]}}],"collection":[{"href":"https:\/\/verbum.biz\/de\/wp-json\/wp\/v2\/pages"}],"about":[{"href":"https:\/\/verbum.biz\/de\/wp-json\/wp\/v2\/types\/page"}],"author":[{"embeddable":true,"href":"https:\/\/verbum.biz\/de\/wp-json\/wp\/v2\/users\/1"}],"replies":[{"embeddable":true,"href":"https:\/\/verbum.biz\/de\/wp-json\/wp\/v2\/comments?post=1634"}],"version-history":[{"count":6,"href":"https:\/\/verbum.biz\/de\/wp-json\/wp\/v2\/pages\/1634\/revisions"}],"predecessor-version":[{"id":6500,"href":"https:\/\/verbum.biz\/de\/wp-json\/wp\/v2\/pages\/1634\/revisions\/6500"}],"wp:attachment":[{"href":"https:\/\/verbum.biz\/de\/wp-json\/wp\/v2\/media?parent=1634"}],"curies":[{"name":"wp","href":"https:\/\/api.w.org\/{rel}","templated":true}]}}