{"id":1813,"date":"2014-08-22T21:52:54","date_gmt":"2014-08-22T21:52:54","guid":{"rendered":"http:\/\/www.verbum.biz\/escuelas-de-espanol\/?page_id=22"},"modified":"2019-07-03T05:31:28","modified_gmt":"2019-07-03T08:31:28","slug":"buenos-aires-uber-uns","status":"publish","type":"page","link":"https:\/\/verbum.biz\/de\/buenos-aires-uber-uns\/","title":{"rendered":"\u00dcber uns"},"content":{"rendered":"<div class=\"fusion-fullwidth fullwidth-box fusion-builder-row-1 nonhundred-percent-fullwidth non-hundred-percent-height-scrolling\" style=\"--awb-border-radius-top-left:0px;--awb-border-radius-top-right:0px;--awb-border-radius-bottom-right:0px;--awb-border-radius-bottom-left:0px;--awb-flex-wrap:wrap;\" ><div class=\"fusion-builder-row fusion-row\"><div class=\"fusion-layout-column fusion_builder_column fusion-builder-column-0 fusion_builder_column_1_2 1_2 fusion-one-half fusion-column-first\" style=\"--awb-bg-size:cover;width:50%;width:calc(50% - ( ( 4% ) * 0.5 ) );margin-right: 4%;\"><div class=\"fusion-column-wrapper fusion-column-has-shadow fusion-flex-column-wrapper-legacy\"><div class=\"fusion-slider-sc fusion-flexslider-loading flexslider flexslider-hover-type-none\" data-slideshow_autoplay=\"1\" data-slideshow_smooth_height=\"0\" data-slideshow_speed=\"7000\" style=\"max-width:100%;height:100%;\"><ul class=\"slides\">\n<li class=\"image\"><span class=\"fusion-image-hover-element hover-type-none\"><img decoding=\"async\" src=\"https:\/\/verbum.biz\/wp-content\/uploads\/spanish-school-buenos-aires-argentina-33.jpg\" alt=\"spanish-school-buenos-aires-argentina\" width=\"640\" height=\"480\" \/><\/span><\/li>\n<li class=\"image\"><span class=\"fusion-image-hover-element hover-type-none\"><img decoding=\"async\" src=\"https:\/\/verbum.biz\/wp-content\/uploads\/spanish-school-buenos-aires-argentina-32.jpg\" alt=\"spanish-school-buenos-aires-argentina\" width=\"640\" height=\"480\" \/><\/span><\/li>\n<li class=\"image\"><span class=\"fusion-image-hover-element hover-type-none\"><img decoding=\"async\" src=\"https:\/\/verbum.biz\/wp-content\/uploads\/spanish-school-buenos-aires-argentina-34.jpg\" alt=\"spanish-school-buenos-aires-argentina\" width=\"448\" height=\"336\" \/><\/span><\/li>\n<li class=\"image\"><span class=\"fusion-image-hover-element hover-type-none\"><img decoding=\"async\" src=\"https:\/\/verbum.biz\/wp-content\/uploads\/spanish-school-buenos-aires-argentina-29.jpg\" alt=\"spanish-school-buenos-aires-argentina\" width=\"640\" height=\"427\" \/><\/span><\/li>\n<li class=\"image\"><span class=\"fusion-image-hover-element hover-type-none\"><img decoding=\"async\" src=\"https:\/\/verbum.biz\/wp-content\/uploads\/spanish-school-buenos-aires-argentina-30.jpg\" alt=\"spanish-school-buenos-aires-argentina\" width=\"640\" height=\"480\" \/><\/span><\/li>\n<\/ul><\/div><div class=\"fusion-clearfix\"><\/div><\/div><\/div><div class=\"fusion-layout-column fusion_builder_column fusion-builder-column-1 fusion_builder_column_1_2 1_2 fusion-one-half fusion-column-last\" style=\"--awb-bg-size:cover;width:50%;width:calc(50% - ( ( 4% ) * 0.5 ) );\"><div class=\"fusion-column-wrapper fusion-column-has-shadow fusion-flex-column-wrapper-legacy\"><div class=\"fusion-title title fusion-title-1 fusion-title-text fusion-title-size-two\"><h2 class=\"fusion-title-heading title-heading-left\" style=\"margin:0;\">Wilkommen in unserer Sprachschule!<\/h2><span class=\"awb-title-spacer\"><\/span><div class=\"title-sep-container\"><div class=\"title-sep sep-double sep-solid\" style=\"border-color:#e0dede;\"><\/div><\/div><\/div><div class=\"fusion-text fusion-text-1\"><p>Wir sind eine Gruppe von Lehrern die sich dem unterrichten von Spanisch widmen. Wir bef\u00fcworten das Studieren von Spanisch im Ausland und f\u00f6rdern den internationalen kulturellen Austausch.<\/p>\n<p>Unsere Programme richten sich an Teilnehmer die das Land, seine Kultur und seine Sprache kennenlernen wollen. Dies beinhaltet vor allem Sch\u00fcler und Studenten als auch Teilnehmer mit abgeschlossener Berufsausbildung die generellen linguistischen oder spezifischen Unterricht ben\u00f6tigen. Die verschiedenen Kurse werden das ganze Jahr \u00fcber angeboten und sind was Dauer, Uhrzeit und Intensit\u00f6t betrifft sehr flexibel ausgerichtet. Unsere Kurse werden sowohl von Privatpersonen als auch von Firmen und Institutionen gebucht. Unser Ziel ist es ein freundliches und stimulierendes Lernumfeld zu schaffen das unseren Sch\u00fclern die M\u00f6glichkeit bietet die notwendigen linguistischen F\u00e4higkeiten zu erlernen. Wir f\u00f6rdern auch das Wissen \u00fcber Lateinamerika und Spanien indem wir Informationen \u00fcber deren Kulturen, Gesellschaften und politischen Verh\u00e4ltnisse vermitteln.<\/p>\n<\/div><div class=\"fusion-clearfix\"><\/div><\/div><\/div><div class=\"fusion-layout-column fusion_builder_column fusion-builder-column-2 fusion_builder_column_1_1 1_1 fusion-one-full fusion-column-first fusion-column-last\" style=\"--awb-bg-size:cover;\"><div class=\"fusion-column-wrapper fusion-column-has-shadow fusion-flex-column-wrapper-legacy\"><div class=\"fusion-title title fusion-title-2 fusion-title-text fusion-title-size-two\"><h2 class=\"fusion-title-heading title-heading-left\" style=\"margin:0;\">Unsere fr\u00f6hliche Studenten<\/h2><span class=\"awb-title-spacer\"><\/span><div class=\"title-sep-container\"><div class=\"title-sep sep-double sep-solid\" style=\"border-color:#e0dede;\"><\/div><\/div><\/div><div class=\"fusion-image-carousel fusion-image-carousel-fixed fusion-image-carousel-1 lightbox-enabled fusion-carousel-border\"><div class=\"awb-carousel awb-swiper awb-swiper-carousel awb-carousel--carousel awb-swiper-dots-position-bottom\" data-layout=\"carousel\" data-autoplay=\"no\" data-autoplayspeed=\"2500\" data-autoplaypause=\"no\" data-columns=\"5\" data-columnsmedium=\"1\" data-columnssmall=\"1\" data-itemmargin=\"13\" data-itemwidth=\"180\" data-touchscroll=\"no\" data-freemode=\"no\" data-imagesize=\"fixed\" data-scrollitems=\"0\" data-centeredslides=\"no\" data-rotationangle=\"50\" data-depth=\"100\" data-speed=\"500\" data-shadow=\"no\" data-pagination=\"bullets\" style=\"--awb-border-width:1px;--awb-border-color:#e9eaee;\"><div class=\"swiper-wrapper awb-image-carousel-wrapper fusion-flex-align-items-center\"><div class=\"swiper-slide\"><div class=\"fusion-carousel-item-wrapper\"><div class=\"fusion-image-wrapper hover-type-none\"><a data-rel=\"iLightbox[image_carousel_1]\" data-caption=\"Our Spanish School in Buenos Aires, Argentina\" data-title=\"spanish-school-buenos-aires-argentina-35\" aria-label=\"spanish-school-buenos-aires-argentina-35\" href=\"https:\/\/verbum.biz\/wp-content\/uploads\/spanish-school-buenos-aires-argentina-35.jpg\" target=\"_self\"><img decoding=\"async\" width=\"320\" height=\"202\" src=\"https:\/\/verbum.biz\/wp-content\/uploads\/spanish-school-buenos-aires-argentina-35-320x202.jpg\" class=\"attachment-blog-medium size-blog-medium\" alt=\"Our Spanish School in Buenos Aires, Argentina\" \/><\/a><\/div><\/div><\/div><div class=\"swiper-slide\"><div class=\"fusion-carousel-item-wrapper\"><div class=\"fusion-image-wrapper hover-type-none\"><a data-rel=\"iLightbox[image_carousel_1]\" data-caption=\"Our Spanish School in Buenos Aires, Argentina\" data-title=\"spanish-school-buenos-aires-argentina-2\" aria-label=\"spanish-school-buenos-aires-argentina-2\" href=\"https:\/\/verbum.biz\/wp-content\/uploads\/spanish-school-buenos-aires-argentina-2.jpg\" target=\"_self\"><img decoding=\"async\" width=\"320\" height=\"202\" src=\"https:\/\/verbum.biz\/wp-content\/uploads\/spanish-school-buenos-aires-argentina-2-320x202.jpg\" class=\"attachment-blog-medium size-blog-medium\" alt=\"Our Spanish School in Buenos Aires, Argentina\" \/><\/a><\/div><\/div><\/div><div class=\"swiper-slide\"><div class=\"fusion-carousel-item-wrapper\"><div class=\"fusion-image-wrapper hover-type-none\"><a data-rel=\"iLightbox[image_carousel_1]\" data-caption=\"Our Spanish School in Buenos Aires, Argentina\" data-title=\"spanish-school-buenos-aires-argentina-37\" aria-label=\"spanish-school-buenos-aires-argentina-37\" href=\"https:\/\/verbum.biz\/wp-content\/uploads\/spanish-school-buenos-aires-argentina-37.jpg\" target=\"_self\"><img decoding=\"async\" width=\"320\" height=\"202\" src=\"https:\/\/verbum.biz\/wp-content\/uploads\/spanish-school-buenos-aires-argentina-37-320x202.jpg\" class=\"attachment-blog-medium size-blog-medium\" alt=\"Our Spanish School in Buenos Aires, Argentina\" \/><\/a><\/div><\/div><\/div><div class=\"swiper-slide\"><div class=\"fusion-carousel-item-wrapper\"><div class=\"fusion-image-wrapper hover-type-none\"><a data-rel=\"iLightbox[image_carousel_1]\" data-caption=\"Our Spanish School in Buenos Aires, Argentina\" data-title=\"spanish-school-buenos-aires-argentina-4\" aria-label=\"spanish-school-buenos-aires-argentina-4\" href=\"https:\/\/verbum.biz\/wp-content\/uploads\/spanish-school-buenos-aires-argentina-4.jpg\" target=\"_self\"><img decoding=\"async\" width=\"320\" height=\"202\" src=\"https:\/\/verbum.biz\/wp-content\/uploads\/spanish-school-buenos-aires-argentina-4-320x202.jpg\" class=\"attachment-blog-medium size-blog-medium\" alt=\"Our Spanish School in Buenos Aires, Argentina\" \/><\/a><\/div><\/div><\/div><div class=\"swiper-slide\"><div class=\"fusion-carousel-item-wrapper\"><div class=\"fusion-image-wrapper hover-type-none\"><a data-rel=\"iLightbox[image_carousel_1]\" data-caption=\"Our Spanish School in Buenos Aires, Argentina\" data-title=\"spanish-school-buenos-aires-argentina-10\" aria-label=\"spanish-school-buenos-aires-argentina-10\" href=\"https:\/\/verbum.biz\/wp-content\/uploads\/spanish-school-buenos-aires-argentina-10.jpg\" target=\"_self\"><img decoding=\"async\" width=\"320\" height=\"202\" src=\"https:\/\/verbum.biz\/wp-content\/uploads\/spanish-school-buenos-aires-argentina-10-320x202.jpg\" class=\"attachment-blog-medium size-blog-medium\" alt=\"Our Spanish School in Buenos Aires, Argentina\" \/><\/a><\/div><\/div><\/div><div class=\"swiper-slide\"><div class=\"fusion-carousel-item-wrapper\"><div class=\"fusion-image-wrapper hover-type-none\"><a data-rel=\"iLightbox[image_carousel_1]\" data-caption=\"Our Spanish School in Buenos Aires, Argentina\" data-title=\"spanish-school-buenos-aires-argentina-7\" aria-label=\"spanish-school-buenos-aires-argentina-7\" href=\"https:\/\/verbum.biz\/wp-content\/uploads\/spanish-school-buenos-aires-argentina-7.jpg\" target=\"_self\"><img decoding=\"async\" width=\"320\" height=\"202\" src=\"https:\/\/verbum.biz\/wp-content\/uploads\/spanish-school-buenos-aires-argentina-7-320x202.jpg\" class=\"attachment-blog-medium size-blog-medium\" alt=\"Our Spanish School in Buenos Aires, Argentina\" \/><\/a><\/div><\/div><\/div><div class=\"swiper-slide\"><div class=\"fusion-carousel-item-wrapper\"><div class=\"fusion-image-wrapper hover-type-none\"><a data-rel=\"iLightbox[image_carousel_1]\" data-caption=\"Our Spanish School in Buenos Aires, Argentina\" data-title=\"spanish-school-buenos-aires-argentina-8\" aria-label=\"spanish-school-buenos-aires-argentina-8\" href=\"https:\/\/verbum.biz\/wp-content\/uploads\/spanish-school-buenos-aires-argentina-8.jpg\" target=\"_self\"><img decoding=\"async\" width=\"320\" height=\"202\" src=\"https:\/\/verbum.biz\/wp-content\/uploads\/spanish-school-buenos-aires-argentina-8-320x202.jpg\" class=\"attachment-blog-medium size-blog-medium\" alt=\"Our Spanish School in Buenos Aires, Argentina\" \/><\/a><\/div><\/div><\/div><div class=\"swiper-slide\"><div class=\"fusion-carousel-item-wrapper\"><div class=\"fusion-image-wrapper hover-type-none\"><a data-rel=\"iLightbox[image_carousel_1]\" data-caption=\"Our Spanish School in Buenos Aires, Argentina\" data-title=\"spanish-school-buenos-aires-argentina-15\" aria-label=\"spanish-school-buenos-aires-argentina-15\" href=\"https:\/\/verbum.biz\/wp-content\/uploads\/spanish-school-buenos-aires-argentina-15.jpg\" target=\"_self\"><img decoding=\"async\" width=\"320\" height=\"202\" src=\"https:\/\/verbum.biz\/wp-content\/uploads\/spanish-school-buenos-aires-argentina-15-320x202.jpg\" class=\"attachment-blog-medium size-blog-medium\" alt=\"Our Spanish School in Buenos Aires, Argentina\" \/><\/a><\/div><\/div><\/div><div class=\"swiper-slide\"><div class=\"fusion-carousel-item-wrapper\"><div class=\"fusion-image-wrapper hover-type-none\"><a data-rel=\"iLightbox[image_carousel_1]\" data-title=\"spanish-school-buenos-aires-argentina-38\" aria-label=\"spanish-school-buenos-aires-argentina-38\" href=\"https:\/\/verbum.biz\/wp-content\/uploads\/\/spanish-school-buenos-aires-argentina-38-600x337.jpg\" target=\"_self\"><img decoding=\"async\" width=\"320\" height=\"202\" src=\"https:\/\/verbum.biz\/wp-content\/uploads\/spanish-school-buenos-aires-argentina-38-320x202.jpg\" class=\"attachment-blog-medium size-blog-medium\" alt=\"\" \/><\/a><\/div><\/div><\/div><\/div><div class=\"awb-swiper-button awb-swiper-button-prev\"><i class=\"awb-icon-angle-left\" aria-hidden=\"true\"><\/i><\/div><div class=\"awb-swiper-button awb-swiper-button-next\"><i class=\"awb-icon-angle-right\" aria-hidden=\"true\"><\/i><\/div><\/div><\/div><div class=\"fusion-clearfix\"><\/div><\/div><\/div><div class=\"fusion-layout-column fusion_builder_column fusion-builder-column-3 fusion_builder_column_1_2 1_2 fusion-one-half fusion-column-first\" style=\"--awb-bg-size:cover;width:50%;width:calc(50% - ( ( 4% ) * 0.5 ) );margin-right: 4%;\"><div class=\"fusion-column-wrapper fusion-column-has-shadow fusion-flex-column-wrapper-legacy\"><div class=\"fusion-title title fusion-title-3 fusion-title-text fusion-title-size-two\"><h2 class=\"fusion-title-heading title-heading-left\" style=\"margin:0;\">Warum Verbum?<\/h2><span class=\"awb-title-spacer\"><\/span><div class=\"title-sep-container\"><div class=\"title-sep sep-double sep-solid\" style=\"border-color:#e0dede;\"><\/div><\/div><\/div><div class=\"fusion-text fusion-text-2\"><ul>\n<li>Bem\u00fcht um Resultate: Wir bem\u00fchen uns um ein ernsthaftes und ausgewogenes Lernprogramm um ausgezeichnete Lernerfolge gew\u00e4hrleisten zu k\u00f6nnen. li&gt;<\/li>\n<li>Hochqualifizierte Lehrer: Unsere Lehrer haben Universit\u00e4tsabschl\u00fcsse als Spanischlehrer f\u00fcr Ausl\u00e4nder. Jene die Business Spanisch unterrichten haben Abschl\u00fcsse in Wirtchaft. Sie haben grosse Erfahrung darin Studenten, Angestellte, Touristen und Mitarbeiter von ausl\u00e4ndischen Botschaften in Spanisch zu unterrichten und werden Sie motivieren auf angenehme Art zu lernen. li&gt;<\/li>\n<li>Unterschiedliche Kurse: Wir bieten eine Vielzahl unterschiedlicher Kurse um Ihren W\u00fcnschen, Bed\u00fcrfnissen und Interessen zu entsprechen (standard, semi-intensive und intensive Kurse, Privatunterricht und Spanisch fuer verschiedene Zwecke: Business, Reisen, etc.) und Vorbereitung auf internationale Pr\u00fcfungen.<\/li>\n<li>Individuelle Aufmerksamkeit: Unsere Sch\u00fclerzahlen sind auf 7 Sch\u00fcler pro Klasse beschr\u00e4nkt damit unsere Lehrer auf alle Sch\u00fcler einzeln eingehen k\u00f6nnen und es f\u00fcr jeden gen\u00fcgend Zeit und M\u00f6glichkeiten gibt im Unterricht Spanisch sprechen zu \u00fcben.<\/li>\n<li>Flexible Stundenpl\u00e4ne: Unsere sehr flexibel gestalteten Stundenpl\u00e4ne k\u00f6nnen nach Absprache ge\u00e4ndert werden.<\/li>\n<li>Gute Erreichbarkeit: Unsere Schule befindet sich in einem gut zug\u00e4nglichem Stadtteil und ist mit \u00f6ffentlichen Verkehrsmitteln einfach zu erreichen.<\/li>\n<li>\u2022Focus auf Kommunikation: Wir arbeiten an den vier Hauptkommunikationsf\u00e4higkeiten: lesen, schreiben, sprechen und h\u00f6ren und verwenden modernste Lenrmaterialien die Ihnen das Lernen erleichtern damit es Ihnen schon nach kurzer Zeit m\u00f6glich ist Spanisch zu verstehen und auf Spanisch zu kommunizieren.<\/li>\n<li>Einrichtung: An unserer Schule herrscht eine warme und famili\u00e4re Atmosph\u00e4re. Die Klassenzimmer sind mit Audio- und Videoger\u00e4ten ausgestattet die von den Lehrern im Unterricht eingesetzt werden. Bei uns gibt es gratis Caf\u00e9, Tee und Geb\u00e4ck, Lernmaterialien, ein Kultur- und Freizeitprogramm und wir unterst\u00fctzen Sie dabei eine geeignete Unterkunft zu finden.<\/li>\n<li>Und viel mehr als nur eine Sprache: bei Verbum Spanisch zu lernen bedeutet mehr als nur eine Sprache zu lernen. Es bedeutet eine interessante Erfahrung zu machen und Freundschaften mit Menschen aus der ganzen Welt zu schliessen. Unser Ziel ist es Sie mit einer neuen Kultur bekannt zu machen und Sie in unseren Alltag zu integrieren.<\/li>\n<\/ul>\n<\/div><div class=\"fusion-clearfix\"><\/div><\/div><\/div><div class=\"fusion-layout-column fusion_builder_column fusion-builder-column-4 fusion_builder_column_1_2 1_2 fusion-one-half fusion-column-last\" style=\"--awb-bg-size:cover;width:50%;width:calc(50% - ( ( 4% ) * 0.5 ) );\"><div class=\"fusion-column-wrapper fusion-column-has-shadow fusion-flex-column-wrapper-legacy\"><div class=\"fusion-title title fusion-title-4 fusion-title-text fusion-title-size-two\"><h2 class=\"fusion-title-heading title-heading-left\" style=\"margin:0;\">Anerkennungen<\/h2><span class=\"awb-title-spacer\"><\/span><div class=\"title-sep-container\"><div class=\"title-sep sep-double sep-solid\" style=\"border-color:#e0dede;\"><\/div><\/div><\/div><div class=\"fusion-image-element fusion-image-align-center in-legacy-container\" style=\"text-align:center;--awb-caption-title-font-family:var(--h2_typography-font-family);--awb-caption-title-font-weight:var(--h2_typography-font-weight);--awb-caption-title-font-style:var(--h2_typography-font-style);--awb-caption-title-size:var(--h2_typography-font-size);--awb-caption-title-transform:var(--h2_typography-text-transform);--awb-caption-title-line-height:var(--h2_typography-line-height);--awb-caption-title-letter-spacing:var(--h2_typography-letter-spacing);\"><div class=\"imageframe-align-center\"><span class=\" fusion-imageframe imageframe-none imageframe-1 hover-type-none\"><img decoding=\"async\" width=\"90\" height=\"15\" alt=\"spanish-school-buenos-aires-sea\" title=\"spanish-school-buenos-aires-sea\" src=\"https:\/\/verbum.biz\/wp-content\/uploads\/spanish-school-buenos-aires-sea-e1416614374775.jpg\" class=\"img-responsive wp-image-1212\"\/><\/span><\/div><\/div><div class=\"fusion-text fusion-text-3\"><ul>\n<li>Verbum wird von SEA (Language Centers Association) von Argentinien anerkannt<\/li>\n<\/ul>\n<\/div><div class=\"fusion-image-element fusion-image-align-center in-legacy-container\" style=\"text-align:center;--awb-caption-title-font-family:var(--h2_typography-font-family);--awb-caption-title-font-weight:var(--h2_typography-font-weight);--awb-caption-title-font-style:var(--h2_typography-font-style);--awb-caption-title-size:var(--h2_typography-font-size);--awb-caption-title-transform:var(--h2_typography-text-transform);--awb-caption-title-line-height:var(--h2_typography-line-height);--awb-caption-title-letter-spacing:var(--h2_typography-letter-spacing);\"><div class=\"imageframe-align-center\"><span class=\" fusion-imageframe imageframe-none imageframe-2 hover-type-none\"><img decoding=\"async\" width=\"80\" height=\"50\" alt=\"spanish-school-buenos-aires-fidescu\" title=\"spanish-school-buenos-aires-fidescu\" src=\"https:\/\/verbum.biz\/wp-content\/uploads\/spanish-school-buenos-aires-fidescu-e1416614081683.jpg\" class=\"img-responsive wp-image-1210\"\/><\/span><\/div><\/div><div class=\"fusion-text fusion-text-4\"><ul>\n<li>Verbum ist ein Pr\u00fcfungszentrum der DIE (Diploma Internacional de Espa\u00f1ol))<\/li>\n<\/ul>\n<\/div><div class=\"fusion-image-element fusion-image-align-center in-legacy-container\" style=\"text-align:center;--awb-caption-title-font-family:var(--h2_typography-font-family);--awb-caption-title-font-weight:var(--h2_typography-font-weight);--awb-caption-title-font-style:var(--h2_typography-font-style);--awb-caption-title-size:var(--h2_typography-font-size);--awb-caption-title-transform:var(--h2_typography-text-transform);--awb-caption-title-line-height:var(--h2_typography-line-height);--awb-caption-title-letter-spacing:var(--h2_typography-letter-spacing);\"><div class=\"imageframe-align-center\"><span class=\" fusion-imageframe imageframe-none imageframe-3 hover-type-none\"><img decoding=\"async\" width=\"80\" height=\"46\" title=\"spanish-school-buenos-aires-lonely-planet\" src=\"https:\/\/verbum.biz\/wp-content\/uploads\/spanish-school-buenos-aires-lonely-planet-e1416607698856.gif\" alt class=\"img-responsive wp-image-5833\"\/><\/span><\/div><\/div><div class=\"fusion-text fusion-text-5\"><ul>\n<li>Empfohlen von Tripadvisor und Lonely Planet).<\/li>\n<\/ul>\n<\/div><div class=\"fusion-image-element fusion-image-align-center in-legacy-container\" style=\"text-align:center;--awb-caption-title-font-family:var(--h2_typography-font-family);--awb-caption-title-font-weight:var(--h2_typography-font-weight);--awb-caption-title-font-style:var(--h2_typography-font-style);--awb-caption-title-size:var(--h2_typography-font-size);--awb-caption-title-transform:var(--h2_typography-text-transform);--awb-caption-title-line-height:var(--h2_typography-line-height);--awb-caption-title-letter-spacing:var(--h2_typography-letter-spacing);\"><div class=\"imageframe-align-center\"><span class=\" fusion-imageframe imageframe-none imageframe-4 hover-type-none\"><img decoding=\"async\" width=\"80\" height=\"50\" title=\"spanish-school-buenos-aires-trip-advisor\" src=\"https:\/\/verbum.biz\/wp-content\/uploads\/spanish-school-buenos-aires-trip-advisor-e1416614244597.png\" alt class=\"img-responsive wp-image-5824\"\/><\/span><\/div><\/div><div class=\"fusion-text fusion-text-6\"><ul>\n<li>Wir gewannen das Certificate of Excellence 2014 von Trip Advisor.<\/li>\n<\/ul>\n<\/div><div class=\"fusion-clearfix\"><\/div><\/div><\/div><\/div><\/div>\n","protected":false},"excerpt":{"rendered":"","protected":false},"author":1,"featured_media":0,"parent":0,"menu_order":0,"comment_status":"closed","ping_status":"closed","template":"","meta":{"footnotes":""},"class_list":["post-1813","page","type-page","status-publish","hentry"],"_links":{"self":[{"href":"https:\/\/verbum.biz\/de\/wp-json\/wp\/v2\/pages\/1813","targetHints":{"allow":["GET"]}}],"collection":[{"href":"https:\/\/verbum.biz\/de\/wp-json\/wp\/v2\/pages"}],"about":[{"href":"https:\/\/verbum.biz\/de\/wp-json\/wp\/v2\/types\/page"}],"author":[{"embeddable":true,"href":"https:\/\/verbum.biz\/de\/wp-json\/wp\/v2\/users\/1"}],"replies":[{"embeddable":true,"href":"https:\/\/verbum.biz\/de\/wp-json\/wp\/v2\/comments?post=1813"}],"version-history":[{"count":6,"href":"https:\/\/verbum.biz\/de\/wp-json\/wp\/v2\/pages\/1813\/revisions"}],"predecessor-version":[{"id":3184,"href":"https:\/\/verbum.biz\/de\/wp-json\/wp\/v2\/pages\/1813\/revisions\/3184"}],"wp:attachment":[{"href":"https:\/\/verbum.biz\/de\/wp-json\/wp\/v2\/media?parent=1813"}],"curies":[{"name":"wp","href":"https:\/\/api.w.org\/{rel}","templated":true}]}}