{"id":1821,"date":"2014-08-22T22:02:39","date_gmt":"2014-08-22T22:02:39","guid":{"rendered":"http:\/\/www.verbum.biz\/escuelas-de-espanol\/?page_id=47"},"modified":"2019-07-03T05:09:59","modified_gmt":"2019-07-03T08:09:59","slug":"anderen-diensten","status":"publish","type":"page","link":"https:\/\/verbum.biz\/de\/spanisch-kursen\/anderen-diensten\/","title":{"rendered":"Tour, Transfer &#038; Anderen Diensten"},"content":{"rendered":"<p><div class=\"fusion-fullwidth fullwidth-box fusion-builder-row-1 nonhundred-percent-fullwidth non-hundred-percent-height-scrolling\" style=\"--awb-border-radius-top-left:0px;--awb-border-radius-top-right:0px;--awb-border-radius-bottom-right:0px;--awb-border-radius-bottom-left:0px;--awb-flex-wrap:wrap;\" ><div class=\"fusion-builder-row fusion-row\"><div class=\"fusion-layout-column fusion_builder_column fusion-builder-column-0 fusion_builder_column_1_1 1_1 fusion-one-full fusion-column-first fusion-column-last\" style=\"--awb-bg-size:cover;\"><div class=\"fusion-column-wrapper fusion-column-has-shadow fusion-flex-column-wrapper-legacy\"><div class=\"fusion-text fusion-text-1\"><p>Ob Sie einen Spanischkurs bei uns nehmen oder nicht, immer k\u00f6nnen Sie eine der folgenden Diensten buchen.<\/p>\n<\/div><div class=\"fusion-clearfix\"><\/div><\/div><\/div><\/div><\/div><div class=\"fusion-fullwidth fullwidth-box fusion-builder-row-2 nonhundred-percent-fullwidth non-hundred-percent-height-scrolling\" style=\"--awb-border-radius-top-left:0px;--awb-border-radius-top-right:0px;--awb-border-radius-bottom-right:0px;--awb-border-radius-bottom-left:0px;--awb-flex-wrap:wrap;\" ><div class=\"fusion-builder-row fusion-row\"><div class=\"fusion-layout-column fusion_builder_column fusion-builder-column-1 fusion_builder_column_1_1 1_1 fusion-one-full fusion-column-first fusion-column-last\" style=\"--awb-bg-size:cover;\"><div class=\"fusion-column-wrapper fusion-column-has-shadow fusion-flex-column-wrapper-legacy\"><div class=\"fusion-tabs fusion-tabs-1 classic nav-is-justified horizontal-tabs icon-position-left mobile-mode-accordion\" style=\"--awb-title-border-radius-top-left:0px;--awb-title-border-radius-top-right:0px;--awb-title-border-radius-bottom-right:0px;--awb-title-border-radius-bottom-left:0px;--awb-inactive-color:#ebeaea;--awb-background-color:#ffffff;--awb-border-color:#ebeaea;--awb-active-border-color:#67b7e1;\"><div class=\"nav\"><ul class=\"nav-tabs nav-justified\" role=\"tablist\"><li class=\"active\" role=\"presentation\"><a class=\"tab-link\" data-toggle=\"tab\" role=\"tab\" aria-controls=\"tab-eba77f5ba32a3fb6cc1\" aria-selected=\"true\" id=\"fusion-tab-privatetagestouren\" href=\"#tab-eba77f5ba32a3fb6cc1\"><h4 class=\"fusion-tab-heading\">Private Tagestouren<\/h4><\/a><\/li><li role=\"presentation\"><a class=\"tab-link\" data-toggle=\"tab\" role=\"tab\" aria-controls=\"tab-f3826617f4ba3876ab0\" aria-selected=\"false\" tabindex=\"-1\" id=\"fusion-tab-flughafeabholservice\" href=\"#tab-f3826617f4ba3876ab0\"><h4 class=\"fusion-tab-heading\">Flughafe Abholservice<\/h4><\/a><\/li><li role=\"presentation\"><a class=\"tab-link\" data-toggle=\"tab\" role=\"tab\" aria-controls=\"tab-38815a122a3feeafa85\" aria-selected=\"false\" tabindex=\"-1\" id=\"fusion-tab-dancelessons\" href=\"#tab-38815a122a3feeafa85\"><h4 class=\"fusion-tab-heading\">Dance Lessons<\/h4><\/a><\/li><\/ul><\/div><div class=\"tab-content\"><div class=\"nav fusion-mobile-tab-nav\"><ul class=\"nav-tabs nav-justified\" role=\"tablist\"><li class=\"active\" role=\"presentation\"><a class=\"tab-link\" data-toggle=\"tab\" role=\"tab\" aria-controls=\"tab-eba77f5ba32a3fb6cc1\" aria-selected=\"true\" id=\"mobile-fusion-tab-privatetagestouren\" href=\"#tab-eba77f5ba32a3fb6cc1\"><h4 class=\"fusion-tab-heading\">Private Tagestouren<\/h4><\/a><\/li><\/ul><\/div><div class=\"tab-pane fade fusion-clearfix in active\" role=\"tabpanel\" tabindex=\"0\" aria-labelledby=\"fusion-tab-privatetagestouren\" id=\"tab-eba77f5ba32a3fb6cc1\">Diese Tagestouren sind wie folgt m\u00f6glich:<\/p>\n<ul>\n<li>Gef\u00fchrt von einem qualifiziertem Spanischlehrer , um seine Sprachkenntnisse zu verbessern und die Sprache zu \u00fcben. Fragen k\u00f6nnen, wenn n\u00f6tig, auch in Englisch gestellt werden.li&gt;<\/li>\n<li>Gef\u00fchrt in Englisch, wenn keine oder zu wenig Spanischkenntnisse vorhanden sind.<\/li>\n<\/ul>\n<p>Dieser Tages-\/Halbtagesausflug bietet die M\u00f6glichkeit alle Sehensw\u00fcrdigkeiten, die Stadtteile, Distrikte und die Vielf\u00e4ltigkeit von Buenos Aires zu erleben.<\/p>\n<p>W\u00e4hrend dieser Tour wird Buenos Aires zu Fuss und mit \u00f6ffentlichen Verkehrsmitteln entdeckt, genaustens und individuell.<\/p>\n<p>Da es sich dabei um private Touren handelt, gibt es keinen genauen Zeitplan. Dieser wird mit dem Teilnehmer besprochen und abgestimmt. Nat\u00fcrlich sind spontane und flexible Entscheidungen m\u00f6glich.<br \/>\nAlle Touren sind kundenspezifisch und individuell gestaltet. Zudem bieten wir Thementouren an.<\/p>\n<p>Preise:<\/p>\n<style type='text\/css'>\n\t\t\t\t.pricing-table-1.fusion-pricing-table .panel-container, .pricing-table-1.fusion-pricing-table .standout .panel-container,\n\t\t\t\t.pricing-table-1.full-boxed-pricing.fusion-pricing-table {background-color:#ffffff;}\n\t\t\t\t.pricing-table-1.fusion-pricing-table .list-group .list-group-item,\n\t\t\t\t.pricing-table-1.fusion-pricing-table .list-group .list-group-item:last-child{background-color:#9eafbf; border-color:#ededed;}\n\t\t\t\t.pricing-table-1.full-boxed-pricing.fusion-pricing-table .panel-wrapper:hover .panel-heading,\n\t\t\t\t.pricing-table-1.fusion-pricing-table .panel-wrapper:hover .list-group-item {background-color:#ffffff;}\n\t\t\t\t.pricing-table-1.full-boxed-pricing.fusion-pricing-table .panel-heading{background-color:#9eafbf;}\n\t\t\t\t.pricing-table-1.fusion-pricing-table .fusion-panel, .pricing-table-1 .panel-wrapper:last-child .fusion-panel,\n\t\t\t\t.pricing-table-1.fusion-pricing-table .standout .fusion-panel, .pricing-table-1.fusion-pricing-table  .panel-heading,\n\t\t\t\t.pricing-table-1.fusion-pricing-table .panel-body, .pricing-table-1.fusion-pricing-table .panel-footer{border-color:#ededed;}\n\t\t\t\t.pricing-table-1.fusion-pricing-table .panel-body, .pricing-table-1.fusion-pricing-table .panel-footer{background-color:#ffffff;}\n\t\t\t\t.pricing-table-1.sep-boxed-pricing.fusion-pricing-table .panel-heading h3{color:#333333;}\n\t\t\t\t.pricing-table-1.full-boxed-pricing.fusion-pricing-table .panel-heading h3{color:#333333;}\n\t\t\t\t.pricing-table-1.fusion-pricing-table .panel-body .price .decimal-part{color:#62a2c4;}\n\t\t\t\t.pricing-table-1.fusion-pricing-table .panel-body .price .integer-part{color:#62a2c4;}\n\t\t\t\t.pricing-table-1.fusion-pricing-table ul.list-group li{color:#000000;}\n\t\t\t\t<\/style><div class=\"fusion-pricing-table pricing-table-1 full-boxed-pricing row fusion-columns-2 columns-2 fusion-clearfix\">\n<div class=\"panel-wrapper fusion-column column col-lg-6 col-md-6 col-sm-6 fusion-pricingtable-column\"><div class=\"panel-container\"><div class=\"fusion-panel\"><div class=\"panel-heading\"><h3 class=\"title-row\">Halbtagestouren<\/h3><\/div><div class=\"panel-body pricing-row\"><div class=\"price \"><span class=\"currency\">US $<\/span><span class=\"integer-part\">130<\/span><span class=\"time price-without-decimal\">4 Stunden<\/span><\/div><\/div><ul class=\"list-group\"><li class=\"list-group-item normal-row\">Halbtagestouren<\/li><\/ul><div class=\"panel-footer footer-row\">Buchen Sie jetzt<\/div><\/div><\/div><\/div>\n<div class=\"panel-wrapper fusion-column column col-lg-6 col-md-6 col-sm-6 fusion-pricingtable-column\"><div class=\"panel-container\"><div class=\"fusion-panel\"><div class=\"panel-heading\"><h3 class=\"title-row\">Ganztagestouren<\/h3><\/div><div class=\"panel-body pricing-row\"><div class=\"price \"><span class=\"currency\">US $<\/span><span class=\"integer-part\">200<\/span><span class=\"time price-without-decimal\">7 Stunden<\/span><\/div><\/div><ul class=\"list-group\"><li class=\"list-group-item normal-row\">Ganztagestouren<\/li><\/ul><div class=\"panel-footer footer-row\">Buchen Sie jetzt!<\/div><\/div><\/div><\/div>\n<\/div><\/div><div class=\"nav fusion-mobile-tab-nav\"><ul class=\"nav-tabs nav-justified\" role=\"tablist\"><li role=\"presentation\"><a class=\"tab-link\" data-toggle=\"tab\" role=\"tab\" aria-controls=\"tab-f3826617f4ba3876ab0\" aria-selected=\"false\" tabindex=\"-1\" id=\"mobile-fusion-tab-flughafeabholservice\" href=\"#tab-f3826617f4ba3876ab0\"><h4 class=\"fusion-tab-heading\">Flughafe Abholservice<\/h4><\/a><\/li><\/ul><\/div><div class=\"tab-pane fade fusion-clearfix\" role=\"tabpanel\" tabindex=\"0\" aria-labelledby=\"fusion-tab-flughafeabholservice\" id=\"tab-f3826617f4ba3876ab0\">\n<div class=\"fusion-builder-row fusion-builder-row-inner fusion-row\"><div class=\"fusion-layout-column fusion_builder_column_inner fusion-builder-nested-column-0 fusion_builder_column_inner_1_2 1_2 fusion-one-half fusion-column-first\" style=\"--awb-bg-size:cover;width:50%;width:calc(50% - ( ( 4% ) * 0.5 ) );margin-right: 4%;\"><div class=\"fusion-column-wrapper fusion-flex-column-wrapper-legacy\"><div class=\"fusion-text fusion-text-2\"><p>Zwischen Flughafen und Unterkunft: US $ 50. Jorge, der Fahrer, wird auf Sie am Flughafen mit einem Schild mit Ihrem Namen warten, so dass man ihn erkennen kann.<\/p>\n<\/div><div class=\"fusion-clearfix\"><\/div><\/div><\/div><div class=\"fusion-layout-column fusion_builder_column_inner fusion-builder-nested-column-1 fusion_builder_column_inner_1_2 1_2 fusion-one-half fusion-column-last\" style=\"--awb-bg-size:cover;width:50%;width:calc(50% - ( ( 4% ) * 0.5 ) );\"><div class=\"fusion-column-wrapper fusion-flex-column-wrapper-legacy\"><style type='text\/css'>\n\t\t\t\t.pricing-table-2.fusion-pricing-table .panel-container, .pricing-table-2.fusion-pricing-table .standout .panel-container,\n\t\t\t\t.pricing-table-2.full-boxed-pricing.fusion-pricing-table {background-color:#ffffff;}\n\t\t\t\t.pricing-table-2.fusion-pricing-table .list-group .list-group-item,\n\t\t\t\t.pricing-table-2.fusion-pricing-table .list-group .list-group-item:last-child{background-color:#9eafbf; border-color:#ededed;}\n\t\t\t\t.pricing-table-2.full-boxed-pricing.fusion-pricing-table .panel-wrapper:hover .panel-heading,\n\t\t\t\t.pricing-table-2.fusion-pricing-table .panel-wrapper:hover .list-group-item {background-color:#ffffff;}\n\t\t\t\t.pricing-table-2.full-boxed-pricing.fusion-pricing-table .panel-heading{background-color:#9eafbf;}\n\t\t\t\t.pricing-table-2.fusion-pricing-table .fusion-panel, .pricing-table-2 .panel-wrapper:last-child .fusion-panel,\n\t\t\t\t.pricing-table-2.fusion-pricing-table .standout .fusion-panel, .pricing-table-2.fusion-pricing-table  .panel-heading,\n\t\t\t\t.pricing-table-2.fusion-pricing-table .panel-body, .pricing-table-2.fusion-pricing-table .panel-footer{border-color:#ededed;}\n\t\t\t\t.pricing-table-2.fusion-pricing-table .panel-body, .pricing-table-2.fusion-pricing-table .panel-footer{background-color:#ffffff;}\n\t\t\t\t.pricing-table-2.sep-boxed-pricing.fusion-pricing-table .panel-heading h3{color:#333333;}\n\t\t\t\t.pricing-table-2.full-boxed-pricing.fusion-pricing-table .panel-heading h3{color:#333333;}\n\t\t\t\t.pricing-table-2.fusion-pricing-table .panel-body .price .decimal-part{color:#62a2c4;}\n\t\t\t\t.pricing-table-2.fusion-pricing-table .panel-body .price .integer-part{color:#62a2c4;}\n\t\t\t\t.pricing-table-2.fusion-pricing-table ul.list-group li{color:#000000;}\n\t\t\t\t<\/style><div class=\"fusion-pricing-table pricing-table-2 full-boxed-pricing row fusion-columns-1 columns-1 fusion-clearfix\">\n<div class=\"panel-wrapper fusion-column column col-lg-12 col-md-12 col-sm-12 fusion-pricingtable-column\"><div class=\"panel-container\"><div class=\"fusion-panel\"><div class=\"panel-heading\"><h3 class=\"title-row\">Airport\/City Pick Up<\/h3><\/div><div class=\"panel-body pricing-row\"><div class=\"price \"><span class=\"currency\">US $<\/span><span class=\"integer-part\">50<\/span><span class=\"time price-without-decimal\">each way<\/span><\/div><\/div><ul class=\"list-group\"><li class=\"list-group-item normal-row\">Pick Ups from \/to the City<\/li><\/ul><div class=\"panel-footer footer-row\">Book Now!<\/div><\/div><\/div><\/div>\n<\/div><div class=\"fusion-clearfix\"><\/div><\/div><\/div><\/div>\n<\/div><div class=\"nav fusion-mobile-tab-nav\"><ul class=\"nav-tabs nav-justified\" role=\"tablist\"><li role=\"presentation\"><a class=\"tab-link\" data-toggle=\"tab\" role=\"tab\" aria-controls=\"tab-38815a122a3feeafa85\" aria-selected=\"false\" tabindex=\"-1\" id=\"mobile-fusion-tab-dancelessons\" href=\"#tab-38815a122a3feeafa85\"><h4 class=\"fusion-tab-heading\">Dance Lessons<\/h4><\/a><\/li><\/ul><\/div><div class=\"tab-pane fade fusion-clearfix\" role=\"tabpanel\" tabindex=\"0\" aria-labelledby=\"fusion-tab-dancelessons\" id=\"tab-38815a122a3feeafa85\">\n<p>Gruppen- oder Einzelunterricht: Tango, Salsa und Folklore in der Schule oder bei Partners Schulen in T\u00e4nze spezialisiert.<\/p>\n<div class=\"fusion-builder-row fusion-builder-row-inner fusion-row\"><div class=\"fusion-layout-column fusion_builder_column_inner fusion-builder-nested-column-2 fusion_builder_column_inner_1_2 1_2 fusion-one-half fusion-column-first\" style=\"--awb-bg-size:cover;width:50%;width:calc(50% - ( ( 4% ) * 0.5 ) );margin-right: 4%;\"><div class=\"fusion-column-wrapper fusion-flex-column-wrapper-legacy\"><style type='text\/css'>\n\t\t\t\t.pricing-table-3.fusion-pricing-table .panel-container, .pricing-table-3.fusion-pricing-table .standout .panel-container,\n\t\t\t\t.pricing-table-3.full-boxed-pricing.fusion-pricing-table {background-color:#ffffff;}\n\t\t\t\t.pricing-table-3.fusion-pricing-table .list-group .list-group-item,\n\t\t\t\t.pricing-table-3.fusion-pricing-table .list-group .list-group-item:last-child{background-color:#9eafbf; border-color:#ededed;}\n\t\t\t\t.pricing-table-3.full-boxed-pricing.fusion-pricing-table .panel-wrapper:hover .panel-heading,\n\t\t\t\t.pricing-table-3.fusion-pricing-table .panel-wrapper:hover .list-group-item {background-color:#ffffff;}\n\t\t\t\t.pricing-table-3.full-boxed-pricing.fusion-pricing-table .panel-heading{background-color:#9eafbf;}\n\t\t\t\t.pricing-table-3.fusion-pricing-table .fusion-panel, .pricing-table-3 .panel-wrapper:last-child .fusion-panel,\n\t\t\t\t.pricing-table-3.fusion-pricing-table .standout .fusion-panel, .pricing-table-3.fusion-pricing-table  .panel-heading,\n\t\t\t\t.pricing-table-3.fusion-pricing-table .panel-body, .pricing-table-3.fusion-pricing-table .panel-footer{border-color:#ededed;}\n\t\t\t\t.pricing-table-3.fusion-pricing-table .panel-body, .pricing-table-3.fusion-pricing-table .panel-footer{background-color:#ffffff;}\n\t\t\t\t.pricing-table-3.sep-boxed-pricing.fusion-pricing-table .panel-heading h3{color:#333333;}\n\t\t\t\t.pricing-table-3.full-boxed-pricing.fusion-pricing-table .panel-heading h3{color:#333333;}\n\t\t\t\t.pricing-table-3.fusion-pricing-table .panel-body .price .decimal-part{color:#62a2c4;}\n\t\t\t\t.pricing-table-3.fusion-pricing-table .panel-body .price .integer-part{color:#62a2c4;}\n\t\t\t\t.pricing-table-3.fusion-pricing-table ul.list-group li{color:#000000;}\n\t\t\t\t<\/style><div class=\"fusion-pricing-table pricing-table-3 full-boxed-pricing row fusion-columns-1 columns-1 fusion-clearfix\">\n<div class=\"panel-wrapper fusion-column column col-lg-12 col-md-12 col-sm-12 fusion-pricingtable-column\"><div class=\"panel-container\"><div class=\"fusion-panel\"><div class=\"panel-heading\"><h3 class=\"title-row\">Tango Program<\/h3><\/div><div class=\"panel-body pricing-row\"><div class=\"price \"><span class=\"currency\">US $<\/span><span class=\"integer-part\">150<\/span><span class=\"time price-without-decimal\">week<\/span><\/div><\/div><ul class=\"list-group\"><li class=\"list-group-item normal-row\">2 group classes<\/li><li class=\"list-group-item normal-row\">2 hrs each class\/total 4 hrs per week. These classes are offered Monday to Friday from 8 to 10 pm<\/li><li class=\"list-group-item normal-row\">+<\/li><li class=\"list-group-item normal-row\">2 one-on-one classes. The timetable is arranged according to the student\u00b4s preferences.<\/li><li class=\"list-group-item normal-row\">1 hr each class\/total 2 hrs per week<\/li><\/ul><div class=\"panel-footer footer-row\">Book Now!<\/div><\/div><\/div><\/div>\n<\/div><div class=\"fusion-clearfix\"><\/div><\/div><\/div>\n<div class=\"fusion-layout-column fusion_builder_column_inner fusion-builder-nested-column-3 fusion_builder_column_inner_1_2 1_2 fusion-one-half fusion-column-last\" style=\"--awb-bg-size:cover;width:50%;width:calc(50% - ( ( 4% ) * 0.5 ) );\"><div class=\"fusion-column-wrapper fusion-flex-column-wrapper-legacy\"><style type='text\/css'>\n\t\t\t\t.pricing-table-4.fusion-pricing-table .panel-container, .pricing-table-4.fusion-pricing-table .standout .panel-container,\n\t\t\t\t.pricing-table-4.full-boxed-pricing.fusion-pricing-table {background-color:#ffffff;}\n\t\t\t\t.pricing-table-4.fusion-pricing-table .list-group .list-group-item,\n\t\t\t\t.pricing-table-4.fusion-pricing-table .list-group .list-group-item:last-child{background-color:#9eafbf; border-color:#ededed;}\n\t\t\t\t.pricing-table-4.full-boxed-pricing.fusion-pricing-table .panel-wrapper:hover .panel-heading,\n\t\t\t\t.pricing-table-4.fusion-pricing-table .panel-wrapper:hover .list-group-item {background-color:#ffffff;}\n\t\t\t\t.pricing-table-4.full-boxed-pricing.fusion-pricing-table .panel-heading{background-color:#9eafbf;}\n\t\t\t\t.pricing-table-4.fusion-pricing-table .fusion-panel, .pricing-table-4 .panel-wrapper:last-child .fusion-panel,\n\t\t\t\t.pricing-table-4.fusion-pricing-table .standout .fusion-panel, .pricing-table-4.fusion-pricing-table  .panel-heading,\n\t\t\t\t.pricing-table-4.fusion-pricing-table .panel-body, .pricing-table-4.fusion-pricing-table .panel-footer{border-color:#ededed;}\n\t\t\t\t.pricing-table-4.fusion-pricing-table .panel-body, .pricing-table-4.fusion-pricing-table .panel-footer{background-color:#ffffff;}\n\t\t\t\t.pricing-table-4.sep-boxed-pricing.fusion-pricing-table .panel-heading h3{color:#333333;}\n\t\t\t\t.pricing-table-4.full-boxed-pricing.fusion-pricing-table .panel-heading h3{color:#333333;}\n\t\t\t\t.pricing-table-4.fusion-pricing-table .panel-body .price .decimal-part{color:#62a2c4;}\n\t\t\t\t.pricing-table-4.fusion-pricing-table .panel-body .price .integer-part{color:#62a2c4;}\n\t\t\t\t.pricing-table-4.fusion-pricing-table ul.list-group li{color:#000000;}\n\t\t\t\t<\/style><div class=\"fusion-pricing-table pricing-table-4 full-boxed-pricing row fusion-columns-1 columns-1 fusion-clearfix\">\n<div class=\"panel-wrapper fusion-column column col-lg-12 col-md-12 col-sm-12 fusion-pricingtable-column\"><div class=\"panel-container\"><div class=\"fusion-panel\"><div class=\"panel-heading\"><h3 class=\"title-row\">Salsa<\/h3><\/div><div class=\"panel-body pricing-row\"><div class=\"price \"><span class=\"currency\">US $<\/span><span class=\"integer-part\">15<\/span><span class=\"time price-without-decimal\">hour<\/span><\/div><\/div><ul class=\"list-group\"><li class=\"list-group-item normal-row\">one-on-one classes<\/li><\/ul><div class=\"panel-footer footer-row\">Book Now!<\/div><\/div><\/div><\/div>\n<\/div><div class=\"fusion-clearfix\"><\/div><\/div><\/div><\/div>\n<\/div><\/div><\/div><div class=\"fusion-clearfix\"><\/div><\/div><\/div><\/div><\/div><div class=\"fusion-fullwidth fullwidth-box fusion-builder-row-3 fusion-parallax-none nonhundred-percent-fullwidth non-hundred-percent-height-scrolling\" style=\"--awb-border-radius-top-left:0px;--awb-border-radius-top-right:0px;--awb-border-radius-bottom-right:0px;--awb-border-radius-bottom-left:0px;--awb-padding-top:80px;--awb-margin-top:20px;--awb-margin-bottom:50px;--awb-background-image:url(&quot;https:\/\/verbum.biz\/wp-content\/uploads\/tours.jpg&quot;);--awb-background-size:cover;--awb-border-sizes-top:1px;--awb-border-sizes-bottom:1px;--awb-flex-wrap:wrap;\" ><div class=\"fusion-builder-row fusion-row\"><div class=\"fusion-layout-column fusion_builder_column fusion-builder-column-2 fusion_builder_column_1_1 1_1 fusion-one-full fusion-column-first fusion-column-last fusion-column-no-min-height\" style=\"--awb-bg-size:cover;--awb-margin-bottom:0px;\"><div class=\"fusion-column-wrapper fusion-flex-column-wrapper-legacy\"><div class=\"fusion-reading-box-container reading-box-container-1\" style=\"--awb-title-color:#000000;--awb-margin-top:0px;--awb-margin-bottom:84px;\"><div class=\"reading-box\" style=\"background-color:rgba(255,255,255,0.85);border-width:0px;border-color:#e5e4e4;border-left-width:3px;border-left-color:var(--primary_color);border-style:solid;\"><a class=\"button fusion-button button-default fusion-button-large button-large button-flat fusion-desktop-button fusion-tagline-button continue fusion-desktop-button-margin continue-right\" style=\"-webkit-box-shadow:none;-moz-box-shadow:none;box-shadow:none;border-radius:0px 0px 0px 0px\" href=\"https:\/\/verbum.biz\/de\/anmeldungs\/\" target=\"_blank\" rel=\"noopener noreferrer\"><span>Buchen Sie Jetzt<\/span><\/a><h2>Spanisch lernen ist einfacher mit Verbum!<\/h2><div class=\"reading-box-description fusion-reading-box-additional\">W\u00e4hlen Sie aus der beliebtesten Kursen oder bitten uns um massgeschneiderte Kurse<\/div><div class=\"fusion-clearfix\"><\/div><a class=\"button fusion-button button-default fusion-button-large button-large button-flat fusion-mobile-button continue-right\" style=\"-webkit-box-shadow:none;-moz-box-shadow:none;box-shadow:none;border-radius:0px 0px 0px 0px\" href=\"https:\/\/verbum.biz\/de\/anmeldungs\/\" target=\"_blank\" rel=\"noopener noreferrer\"><span>Buchen Sie Jetzt<\/span><\/a><\/div><\/div><div class=\"fusion-clearfix\"><\/div><\/div><\/div><\/div><\/div><\/p>\n","protected":false},"excerpt":{"rendered":"","protected":false},"author":1,"featured_media":0,"parent":1811,"menu_order":3,"comment_status":"open","ping_status":"closed","template":"","meta":{"footnotes":""},"class_list":["post-1821","page","type-page","status-publish","hentry"],"_links":{"self":[{"href":"https:\/\/verbum.biz\/de\/wp-json\/wp\/v2\/pages\/1821","targetHints":{"allow":["GET"]}}],"collection":[{"href":"https:\/\/verbum.biz\/de\/wp-json\/wp\/v2\/pages"}],"about":[{"href":"https:\/\/verbum.biz\/de\/wp-json\/wp\/v2\/types\/page"}],"author":[{"embeddable":true,"href":"https:\/\/verbum.biz\/de\/wp-json\/wp\/v2\/users\/1"}],"replies":[{"embeddable":true,"href":"https:\/\/verbum.biz\/de\/wp-json\/wp\/v2\/comments?post=1821"}],"version-history":[{"count":3,"href":"https:\/\/verbum.biz\/de\/wp-json\/wp\/v2\/pages\/1821\/revisions"}],"predecessor-version":[{"id":3175,"href":"https:\/\/verbum.biz\/de\/wp-json\/wp\/v2\/pages\/1821\/revisions\/3175"}],"up":[{"embeddable":true,"href":"https:\/\/verbum.biz\/de\/wp-json\/wp\/v2\/pages\/1811"}],"wp:attachment":[{"href":"https:\/\/verbum.biz\/de\/wp-json\/wp\/v2\/media?parent=1821"}],"curies":[{"name":"wp","href":"https:\/\/api.w.org\/{rel}","templated":true}]}}