{"id":1458,"date":"2014-08-22T22:06:26","date_gmt":"2014-08-22T22:06:26","guid":{"rendered":"http:\/\/www.verbum.biz\/escuelas-de-espanol\/?page_id=51"},"modified":"2014-08-22T22:06:26","modified_gmt":"2014-08-22T22:06:26","slug":"contactenos","status":"publish","type":"page","link":"https:\/\/verbum.biz\/es\/contactenos\/","title":{"rendered":"Cont\u00e1ctenos!"},"content":{"rendered":"<p><strong>Ubicaci\u00f3n<\/strong><\/p>\n<p>Verbum est\u00e1 ubicado en Jer\u00f3nimo Salguero 553, casi esquina de Av. Corrientes, en el barrio de Almagro y muy cerca del barrio de Palermo. Si viene en subte, estamos a una cuadra de la estaci\u00f3n Medrano de la l\u00ednea &#8216;B&#8217; y a 5 cuadras de la estaci\u00f3n Castro barros de la l\u00ednea &#8216;A&#8217;. Los buses (colectivos) 19, 128, 151, 160 y 168 pasan frente a nuestra puerta.<\/p>\n<p><strong>Escribinos!<\/strong><\/p>\n","protected":false},"excerpt":{"rendered":"<p>Ubicaci\u00f3n Verbum est\u00e1 ubicado en Jer\u00f3nimo Salguero 553, casi esquina de Av. Corrientes, en el barrio de Almagro y muy cerca del barrio de Palermo. Si viene en subte, estamos a una cuadra de la estaci\u00f3n Medrano de la l\u00ednea &#8216;B&#8217; y a 5 cuadras de la estaci\u00f3n Castro barros de la l\u00ednea &#8216;A&#8217;. Los  [&#8230;]<\/p>\n","protected":false},"author":1,"featured_media":0,"parent":0,"menu_order":0,"comment_status":"open","ping_status":"closed","template":"contact.php","meta":{"footnotes":""},"class_list":["post-1458","page","type-page","status-publish","hentry"],"_links":{"self":[{"href":"https:\/\/verbum.biz\/es\/wp-json\/wp\/v2\/pages\/1458","targetHints":{"allow":["GET"]}}],"collection":[{"href":"https:\/\/verbum.biz\/es\/wp-json\/wp\/v2\/pages"}],"about":[{"href":"https:\/\/verbum.biz\/es\/wp-json\/wp\/v2\/types\/page"}],"author":[{"embeddable":true,"href":"https:\/\/verbum.biz\/es\/wp-json\/wp\/v2\/users\/1"}],"replies":[{"embeddable":true,"href":"https:\/\/verbum.biz\/es\/wp-json\/wp\/v2\/comments?post=1458"}],"version-history":[{"count":0,"href":"https:\/\/verbum.biz\/es\/wp-json\/wp\/v2\/pages\/1458\/revisions"}],"wp:attachment":[{"href":"https:\/\/verbum.biz\/es\/wp-json\/wp\/v2\/media?parent=1458"}],"curies":[{"name":"wp","href":"https:\/\/api.w.org\/{rel}","templated":true}]}}