{"id":1847,"date":"2014-12-26T21:40:30","date_gmt":"2014-12-26T21:40:30","guid":{"rendered":"http:\/\/verbum.biz\/escuelas-espanol\/?page_id=1725"},"modified":"2025-06-17T13:57:50","modified_gmt":"2025-06-17T16:57:50","slug":"clases-espanol-online","status":"publish","type":"page","link":"https:\/\/verbum.biz\/es\/clases-espanol-online\/","title":{"rendered":"Clases de Espa\u00f1ol Online"},"content":{"rendered":"<div class=\"fusion-fullwidth fullwidth-box fusion-builder-row-1 hundred-percent-fullwidth non-hundred-percent-height-scrolling\" style=\"--awb-border-radius-top-left:0px;--awb-border-radius-top-right:0px;--awb-border-radius-bottom-right:0px;--awb-border-radius-bottom-left:0px;--awb-overflow:visible;--awb-flex-wrap:wrap;\" ><div class=\"fusion-builder-row fusion-row\"><div class=\"fusion-layout-column fusion_builder_column fusion-builder-column-0 fusion_builder_column_1_2 1_2 fusion-one-half fusion-column-first\" style=\"--awb-bg-size:cover;width:50%;width:calc(50% - ( ( 4% ) * 0.5 ) );margin-right: 4%;\"><div class=\"fusion-column-wrapper fusion-column-has-shadow fusion-flex-column-wrapper-legacy\"><div class=\"fusion-image-element in-legacy-container\" style=\"--awb-caption-title-font-family:var(--h2_typography-font-family);--awb-caption-title-font-weight:var(--h2_typography-font-weight);--awb-caption-title-font-style:var(--h2_typography-font-style);--awb-caption-title-size:var(--h2_typography-font-size);--awb-caption-title-transform:var(--h2_typography-text-transform);--awb-caption-title-line-height:var(--h2_typography-line-height);--awb-caption-title-letter-spacing:var(--h2_typography-letter-spacing);\"><span class=\" fusion-imageframe imageframe-none imageframe-1 hover-type-none\"><img decoding=\"async\" width=\"300\" height=\"150\" alt=\"Online Spanish Lessons\" title=\"spanish-school-buenos-aires-classes-online-lessons\" src=\"https:\/\/verbum.biz\/wp-content\/uploads\/spanish-school-buenos-aires-classes-online-lessons-300x150.png\" class=\"img-responsive wp-image-1459\" srcset=\"https:\/\/verbum.biz\/wp-content\/uploads\/spanish-school-buenos-aires-classes-online-lessons-200x100.png 200w, https:\/\/verbum.biz\/wp-content\/uploads\/spanish-school-buenos-aires-classes-online-lessons-400x200.png 400w, https:\/\/verbum.biz\/wp-content\/uploads\/spanish-school-buenos-aires-classes-online-lessons-600x300.png 600w, https:\/\/verbum.biz\/wp-content\/uploads\/spanish-school-buenos-aires-classes-online-lessons-800x400.png 800w, https:\/\/verbum.biz\/wp-content\/uploads\/spanish-school-buenos-aires-classes-online-lessons.png 1000w\" sizes=\"(max-width: 800px) 100vw, 300px\" \/><\/span><\/div><div class=\"fusion-clearfix\"><\/div><\/div><\/div><div class=\"fusion-layout-column fusion_builder_column fusion-builder-column-1 fusion_builder_column_1_2 1_2 fusion-one-half fusion-column-last\" style=\"--awb-bg-size:cover;width:50%;width:calc(50% - ( ( 4% ) * 0.5 ) );\"><div class=\"fusion-column-wrapper fusion-column-has-shadow fusion-flex-column-wrapper-legacy\"><div class=\"fusion-text fusion-text-1\"><p>Nuestro objetivo son aquellas personas que por el motivo que fuere, no pueden asistir a una clase tradicional. Entre las muchas ventajas de nuestro servicio, la mas importante sin duda, es la posibilidad de hablar con un profesor nativo del idioma espa\u00f1ol , en una conversaci\u00f3n en tiempo real, y completamente privada.<\/p>\n<p>La cantidad y frecuencia de las clases son determinadas exclusivamente por el alumno.<br \/>\nCada alumno ser\u00e1 provisto de todo el material necesario y tendr\u00e1 la posibilidad de contactarse con su profesor las 24hs, mediante e-mail y mensajeros instant\u00e1neos.<\/p>\n<p>Las clases son totalmente multimedia, haciendo especial \u00e9nfasis en conversaci\u00f3n y fluidez, ayudando al alumno a comprender el lenguaje, tanto escrito como hablado.<\/p>\n<p>Precio: US $ 27\/ hora.<\/p>\n<\/div><div class=\"fusion-clearfix\"><\/div><\/div><\/div><\/div><\/div>\n","protected":false},"excerpt":{"rendered":"","protected":false},"author":1,"featured_media":0,"parent":0,"menu_order":0,"comment_status":"open","ping_status":"open","template":"","meta":{"footnotes":""},"class_list":["post-1847","page","type-page","status-publish","hentry"],"_links":{"self":[{"href":"https:\/\/verbum.biz\/es\/wp-json\/wp\/v2\/pages\/1847","targetHints":{"allow":["GET"]}}],"collection":[{"href":"https:\/\/verbum.biz\/es\/wp-json\/wp\/v2\/pages"}],"about":[{"href":"https:\/\/verbum.biz\/es\/wp-json\/wp\/v2\/types\/page"}],"author":[{"embeddable":true,"href":"https:\/\/verbum.biz\/es\/wp-json\/wp\/v2\/users\/1"}],"replies":[{"embeddable":true,"href":"https:\/\/verbum.biz\/es\/wp-json\/wp\/v2\/comments?post=1847"}],"version-history":[{"count":4,"href":"https:\/\/verbum.biz\/es\/wp-json\/wp\/v2\/pages\/1847\/revisions"}],"predecessor-version":[{"id":6501,"href":"https:\/\/verbum.biz\/es\/wp-json\/wp\/v2\/pages\/1847\/revisions\/6501"}],"wp:attachment":[{"href":"https:\/\/verbum.biz\/es\/wp-json\/wp\/v2\/media?parent=1847"}],"curies":[{"name":"wp","href":"https:\/\/api.w.org\/{rel}","templated":true}]}}