{"id":1850,"date":"2014-10-03T17:59:49","date_gmt":"2014-10-03T17:59:49","guid":{"rendered":"http:\/\/www.verbum.biz\/spanish-schools\/?page_id=690"},"modified":"2024-04-17T15:13:03","modified_gmt":"2024-04-17T18:13:03","slug":"buenos-aires-es","status":"publish","type":"page","link":"https:\/\/verbum.biz\/es\/buenos-aires-es\/","title":{"rendered":"Buenos Aires-es"},"content":{"rendered":"<div class=\"fusion-fullwidth fullwidth-box fusion-builder-row-1 fusion-flex-container nonhundred-percent-fullwidth non-hundred-percent-height-scrolling\" style=\"--awb-border-radius-top-left:0px;--awb-border-radius-top-right:0px;--awb-border-radius-bottom-right:0px;--awb-border-radius-bottom-left:0px;--awb-flex-wrap:wrap;\" ><div class=\"fusion-builder-row fusion-row fusion-flex-align-items-flex-start fusion-flex-content-wrap\" style=\"max-width:1144px;margin-left: calc(-4% \/ 2 );margin-right: calc(-4% \/ 2 );\"><div class=\"fusion-layout-column fusion_builder_column fusion-builder-column-0 fusion_builder_column_1_2 1_2 fusion-flex-column\" style=\"--awb-bg-blend:overlay;--awb-bg-size:cover;--awb-width-large:50%;--awb-margin-top-large:0px;--awb-spacing-right-large:3.84%;--awb-margin-bottom-large:20px;--awb-spacing-left-large:3.84%;--awb-width-medium:100%;--awb-spacing-right-medium:1.92%;--awb-spacing-left-medium:1.92%;--awb-width-small:100%;--awb-spacing-right-small:1.92%;--awb-spacing-left-small:1.92%;\"><div class=\"fusion-column-wrapper fusion-flex-justify-content-flex-start fusion-content-layout-column\"><div class=\"fusion-slider-sc\"><div class=\"fusion-flexslider-loading flexslider flexslider-hover-type-none\" data-slideshow_autoplay=\"1\" data-slideshow_smooth_height=\"0\" data-slideshow_speed=\"7000\" style=\"max-width:100%;height:100%;\"><ul class=\"slides\">\n<li class=\"image\"><span class=\"fusion-image-hover-element hover-type-none\"><img decoding=\"async\" src=\"https:\/\/verbum.biz\/wp-content\/uploads\/spanish-lessons-buenos-aires-argentina-11.jpg\" alt=\"spanish-lessons-buenos-aires-argentina\" width=\"268\" height=\"188\" \/><\/span><\/li>\n<li class=\"image\"><span class=\"fusion-image-hover-element hover-type-none\"><img decoding=\"async\" src=\"https:\/\/verbum.biz\/wp-content\/uploads\/spanish-lessons-buenos-aires-argentina.jpg\" alt=\"spanish-lessons-buenos-aires-argentina\" width=\"287\" height=\"176\" \/><\/span><\/li>\n<li class=\"image\"><span class=\"fusion-image-hover-element hover-type-none\"><img decoding=\"async\" src=\"https:\/\/verbum.biz\/wp-content\/uploads\/spanish-lessons-buenos-aires-argentina-3.jpg\" alt=\"spanish-lessons-buenos-aires-argentina\" width=\"281\" height=\"179\" \/><\/span><\/li>\n<li class=\"image\"><span class=\"fusion-image-hover-element hover-type-none\"><img decoding=\"async\" src=\"https:\/\/verbum.biz\/wp-content\/uploads\/spanish-lessons-buenos-aires-argentina-4.jpg\" alt=\"spanish-lessons-buenos-aires-argentina\" width=\"273\" height=\"184\" \/><\/span><\/li>\n<li class=\"image\"><span class=\"fusion-image-hover-element hover-type-none\"><img decoding=\"async\" src=\"https:\/\/verbum.biz\/wp-content\/uploads\/spanish-lessons-buenos-aires-argentina-5.jpg\" width=\"259\" height=\"194\" \/><\/span><\/li>\n<li class=\"image\"><span class=\"fusion-image-hover-element hover-type-none\"><img decoding=\"async\" src=\"https:\/\/verbum.biz\/wp-content\/uploads\/spanish-lessons-buenos-aires-argentina-6.jpg\" alt=\"spanish-lessons-buenos-aires-argentina\" width=\"322\" height=\"157\" \/><\/span><\/li>\n<li class=\"image\"><span class=\"fusion-image-hover-element hover-type-none\"><img decoding=\"async\" src=\"https:\/\/verbum.biz\/wp-content\/uploads\/spanish-lessons-buenos-aires-argentina-7.png\" alt=\"spanish-lessons-buenos-aires-argentina\" width=\"275\" height=\"183\" \/><\/span><\/li>\n<li class=\"image\"><span class=\"fusion-image-hover-element hover-type-none\"><img decoding=\"async\" src=\"https:\/\/verbum.biz\/wp-content\/uploads\/spanish-lessons-buenos-aires-argentina-8.jpg\" alt=\"spanish-lessons-buenos-aires-argentina\" width=\"306\" height=\"165\" \/><\/span><\/li>\n<li class=\"image\"><span class=\"fusion-image-hover-element hover-type-none\"><img decoding=\"async\" src=\"https:\/\/verbum.biz\/wp-content\/uploads\/spanish-lessons-buenos-aires-argentina-9.png\" alt=\"spanish-lessons-buenos-aires-argentina\" width=\"275\" height=\"183\" \/><\/span><\/li>\n<li class=\"image\"><span class=\"fusion-image-hover-element hover-type-none\"><img decoding=\"async\" src=\"https:\/\/verbum.biz\/wp-content\/uploads\/spanish-lessons-buenos-aires-argentina-10.jpg\" alt=\"spanish-lessons-buenos-aires-argentina\" width=\"275\" height=\"183\" \/><\/span><\/li>\n<\/ul><\/div><\/div><\/div><\/div><div class=\"fusion-layout-column fusion_builder_column fusion-builder-column-1 fusion_builder_column_1_2 1_2 fusion-flex-column\" style=\"--awb-bg-blend:overlay;--awb-bg-size:cover;--awb-width-large:50%;--awb-margin-top-large:0px;--awb-spacing-right-large:3.84%;--awb-margin-bottom-large:20px;--awb-spacing-left-large:3.84%;--awb-width-medium:100%;--awb-spacing-right-medium:1.92%;--awb-spacing-left-medium:1.92%;--awb-width-small:100%;--awb-spacing-right-small:1.92%;--awb-spacing-left-small:1.92%;\"><div class=\"fusion-column-wrapper fusion-flex-justify-content-flex-start fusion-content-layout-column\"><div class=\"fusion-title title fusion-title-1 fusion-title-text fusion-title-size-two\"><div class=\"title-sep-container title-sep-container-left fusion-no-large-visibility fusion-no-medium-visibility fusion-no-small-visibility\"><div class=\"title-sep sep-double sep-solid\" style=\"border-color:#e0dede;\"><\/div><\/div><span class=\"awb-title-spacer fusion-no-large-visibility fusion-no-medium-visibility fusion-no-small-visibility\"><\/span><h2 class=\"fusion-title-heading title-heading-left\" style=\"margin:0;\">Buenos Aires, &#8216;la ciudad que nunca duerme&#8217;!<\/h2><span class=\"awb-title-spacer\"><\/span><div class=\"title-sep-container title-sep-container-right\"><div class=\"title-sep sep-double sep-solid\" style=\"border-color:#e0dede;\"><\/div><\/div><\/div><div class=\"fusion-text fusion-text-1\"><p>Buenos Aires, hermosa y animada ciudad principal de Argentina, est\u00e1 situado en las orillas del R\u00edo de la Plata y es el hogar de m\u00e1s de un tercio de la poblaci\u00f3n argentina. Construida por los inmigrantes europeos, principalmente de Italia y Espa\u00f1a, Buenos Aires menudo sorprende a los visitantes por primera vez con su parecido a las partes de Par\u00eds, Roma y Barcelona. Esto se debe a la grandeza de su arquitectura, teatros de renombre mundial, amplias tiendas y caf\u00e9s de la ciudad, y algunos de los mejores espect\u00e1culos y vida nocturna en el mundo.<\/p>\n<p>Buenos Aires ofrece una cocina gourmet, centros comerciales impresionantes, enormes parques, mercados al aire libre y una vibrante vida nocturna. Tambi\u00e9n cuenta con un calendario repleto que incluye un escaparate para diez d\u00edas en el cine internacional y el Festival Internacional de Tango entre otros eventos.<\/p>\n<\/div><\/div><\/div><div class=\"fusion-layout-column fusion_builder_column fusion-builder-column-2 fusion_builder_column_1_1 1_1 fusion-flex-column\" style=\"--awb-bg-size:cover;--awb-width-large:100%;--awb-margin-top-large:0px;--awb-spacing-right-large:1.92%;--awb-margin-bottom-large:0px;--awb-spacing-left-large:1.92%;--awb-width-medium:100%;--awb-spacing-right-medium:1.92%;--awb-spacing-left-medium:1.92%;--awb-width-small:100%;--awb-spacing-right-small:1.92%;--awb-spacing-left-small:1.92%;\"><div class=\"fusion-column-wrapper fusion-flex-justify-content-flex-start fusion-content-layout-column\"><div class=\"fusion-text fusion-text-2\"><p>Recomendamos:<\/p>\n<\/div><\/div><\/div><div class=\"fusion-layout-column fusion_builder_column fusion-builder-column-3 fusion_builder_column_1_3 1_3 fusion-flex-column\" style=\"--awb-bg-blend:overlay;--awb-bg-size:cover;--awb-width-large:33.333333333333%;--awb-margin-top-large:0px;--awb-spacing-right-large:5.76%;--awb-margin-bottom-large:20px;--awb-spacing-left-large:5.76%;--awb-width-medium:100%;--awb-spacing-right-medium:1.92%;--awb-spacing-left-medium:1.92%;--awb-width-small:100%;--awb-spacing-right-small:1.92%;--awb-spacing-left-small:1.92%;\"><div class=\"fusion-column-wrapper fusion-flex-justify-content-flex-start fusion-content-layout-column\"><div class=\"fusion-text fusion-text-3\"><ul>\n<li>Visitar el Obelisco, el monumento m\u00e1s famoso de Buenos Aires, en la Avenida 9 de Julio, la m\u00e1s ancha del mundo.<\/li>\n<li>Explorar el centro hist\u00f3rico de la ciudad: Plaza de Mayo, la Casa Rosada, la Catedral, el Cabildo y otros importantes edificios c\u00edvicos.<\/li>\n<li>Asistir a una actuaci\u00f3n (o al menos una visita guiada) en el famoso Teatro Col\u00f3n (Teatro Col\u00f3n), el segundo m\u00e1s grande teatro de artes esc\u00e9nicas en el hemisferio sur.<\/li>\n<li>Aprender a bailar tango<\/li>\n<\/ul>\n<\/div><\/div><\/div><div class=\"fusion-layout-column fusion_builder_column fusion-builder-column-4 fusion_builder_column_1_3 1_3 fusion-flex-column\" style=\"--awb-bg-blend:overlay;--awb-bg-size:cover;--awb-width-large:33.333333333333%;--awb-margin-top-large:0px;--awb-spacing-right-large:5.76%;--awb-margin-bottom-large:20px;--awb-spacing-left-large:5.76%;--awb-width-medium:100%;--awb-spacing-right-medium:1.92%;--awb-spacing-left-medium:1.92%;--awb-width-small:100%;--awb-spacing-right-small:1.92%;--awb-spacing-left-small:1.92%;\"><div class=\"fusion-column-wrapper fusion-flex-justify-content-flex-start fusion-content-layout-column\"><div class=\"fusion-text fusion-text-4\"><ul>\n<li>Pasar la noche de fiesta lejos en un club de baile de moda.<\/li>\n<li>A la caza de un tesoro de antig\u00fcedades en una polvorienta tienda de San Telmo o en la popular feria de los domingos de San Telmo.<\/li>\n<li>Codearse con los anteriormente ricos y famosos en el cementerio de la Recoleta. La \u00abcasa\u00bb m\u00e1s visitada es la de Evita, la tumba de la esposa de Per\u00f3n.<\/li>\n<li>Asistir a un super apasionado partido de futbol entre River y Boca.<\/li>\n<li>Almuerzar o cenar en una parrilla (restaurante de carnes)<\/li>\n<\/ul>\n<\/div><\/div><\/div><div class=\"fusion-layout-column fusion_builder_column fusion-builder-column-5 fusion_builder_column_1_3 1_3 fusion-flex-column\" style=\"--awb-bg-blend:overlay;--awb-bg-size:cover;--awb-width-large:33.333333333333%;--awb-margin-top-large:0px;--awb-spacing-right-large:5.76%;--awb-margin-bottom-large:20px;--awb-spacing-left-large:5.76%;--awb-width-medium:100%;--awb-spacing-right-medium:1.92%;--awb-spacing-left-medium:1.92%;--awb-width-small:100%;--awb-spacing-right-small:1.92%;--awb-spacing-left-small:1.92%;\"><div class=\"fusion-column-wrapper fusion-flex-justify-content-flex-start fusion-content-layout-column\"><div class=\"fusion-text fusion-text-5\"><ul>\n<li>Visitar la Feria de Mataderos (mataderos outdoor&#8217;s mercado), que tiene lugar los domingos y es una fiesta popular de las tradiciones rurales del pa\u00eds e incluye artesan\u00edas, productos gastron\u00f3micos regionales, m\u00fasica tradicional, bailes locales, y los jinetes gauchos tradicionales.<\/li>\n<li>El ir a la animada y colorida &#8216;Caminito&#8217; en La Boca, donde se dice que el tango se origin\u00f3 en los burdeles, y sin olvidar pasar por el Museo de<\/li>\n<li>Bellas Artes en el camino.<\/li>\n<li>Visitar los &#8216;Cafes Notables&#8217; o bares destacados de la ciudad.<\/li>\n<\/ul>\n<\/div><\/div><\/div><div class=\"fusion-layout-column fusion_builder_column fusion-builder-column-6 fusion_builder_column_1_1 1_1 fusion-flex-column\" style=\"--awb-bg-size:cover;--awb-width-large:100%;--awb-margin-top-large:0px;--awb-spacing-right-large:1.92%;--awb-margin-bottom-large:0px;--awb-spacing-left-large:1.92%;--awb-width-medium:100%;--awb-spacing-right-medium:1.92%;--awb-spacing-left-medium:1.92%;--awb-width-small:100%;--awb-spacing-right-small:1.92%;--awb-spacing-left-small:1.92%;\"><div class=\"fusion-column-wrapper fusion-flex-justify-content-flex-start fusion-content-layout-column\"><div class=\"fusion-text fusion-text-6\"><p>De experimentar Buenos Aires usted sabr\u00e1 por qu\u00e9 tantas personas se han enamorado de esta ciudad, e incluso decidi\u00f3 quedarse aqu\u00ed.<\/p>\n<\/div><\/div><\/div><\/div><\/div>\n","protected":false},"excerpt":{"rendered":"","protected":false},"author":1,"featured_media":0,"parent":0,"menu_order":0,"comment_status":"closed","ping_status":"closed","template":"","meta":{"footnotes":""},"class_list":["post-1850","page","type-page","status-publish","hentry"],"_links":{"self":[{"href":"https:\/\/verbum.biz\/es\/wp-json\/wp\/v2\/pages\/1850","targetHints":{"allow":["GET"]}}],"collection":[{"href":"https:\/\/verbum.biz\/es\/wp-json\/wp\/v2\/pages"}],"about":[{"href":"https:\/\/verbum.biz\/es\/wp-json\/wp\/v2\/types\/page"}],"author":[{"embeddable":true,"href":"https:\/\/verbum.biz\/es\/wp-json\/wp\/v2\/users\/1"}],"replies":[{"embeddable":true,"href":"https:\/\/verbum.biz\/es\/wp-json\/wp\/v2\/comments?post=1850"}],"version-history":[{"count":1,"href":"https:\/\/verbum.biz\/es\/wp-json\/wp\/v2\/pages\/1850\/revisions"}],"predecessor-version":[{"id":6186,"href":"https:\/\/verbum.biz\/es\/wp-json\/wp\/v2\/pages\/1850\/revisions\/6186"}],"wp:attachment":[{"href":"https:\/\/verbum.biz\/es\/wp-json\/wp\/v2\/media?parent=1850"}],"curies":[{"name":"wp","href":"https:\/\/api.w.org\/{rel}","templated":true}]}}