{"id":1851,"date":"2014-10-03T18:15:50","date_gmt":"2014-10-03T18:15:50","guid":{"rendered":"http:\/\/www.verbum.biz\/spanish-schools\/?page_id=692"},"modified":"2024-04-17T15:04:22","modified_gmt":"2024-04-17T18:04:22","slug":"argentina-es","status":"publish","type":"page","link":"https:\/\/verbum.biz\/es\/argentina-es\/","title":{"rendered":"Argentina-es"},"content":{"rendered":"<div class=\"fusion-fullwidth fullwidth-box fusion-builder-row-1 fusion-flex-container has-pattern-background has-mask-background nonhundred-percent-fullwidth non-hundred-percent-height-scrolling\" style=\"--awb-border-radius-top-left:0px;--awb-border-radius-top-right:0px;--awb-border-radius-bottom-right:0px;--awb-border-radius-bottom-left:0px;--awb-flex-wrap:wrap;\" ><div class=\"fusion-builder-row fusion-row fusion-flex-align-items-flex-start fusion-flex-content-wrap\" style=\"max-width:1144px;margin-left: calc(-4% \/ 2 );margin-right: calc(-4% \/ 2 );\"><div class=\"fusion-layout-column fusion_builder_column fusion-builder-column-0 fusion_builder_column_1_2 1_2 fusion-flex-column\" style=\"--awb-bg-blend:overlay;--awb-bg-size:cover;--awb-width-large:50%;--awb-margin-top-large:0px;--awb-spacing-right-large:3.84%;--awb-margin-bottom-large:20px;--awb-spacing-left-large:3.84%;--awb-width-medium:100%;--awb-spacing-right-medium:1.92%;--awb-spacing-left-medium:1.92%;--awb-width-small:100%;--awb-spacing-right-small:1.92%;--awb-spacing-left-small:1.92%;\"><div class=\"fusion-column-wrapper fusion-flex-justify-content-flex-start fusion-content-layout-column\"><div class=\"fusion-slider-sc\"><div class=\"fusion-flexslider-loading flexslider flexslider-hover-type-none\" data-slideshow_autoplay=\"1\" data-slideshow_smooth_height=\"0\" data-slideshow_speed=\"7000\" style=\"max-width:100%;height:100%;\"><ul class=\"slides\"><li class=\"image\"><span class=\"fusion-image-hover-element hover-type-none\"><img decoding=\"async\" src=\"https:\/\/verbum.biz\/wp-content\/uploads\/spanish-lessons-argentina-8-2.jpg\" width=\"1024\" height=\"768\" class=\"wp-image-4001\" srcset=\"https:\/\/verbum.biz\/wp-content\/uploads\/spanish-lessons-argentina-8-2-200x150.jpg 200w, https:\/\/verbum.biz\/wp-content\/uploads\/spanish-lessons-argentina-8-2-400x300.jpg 400w, https:\/\/verbum.biz\/wp-content\/uploads\/spanish-lessons-argentina-8-2-600x450.jpg 600w, https:\/\/verbum.biz\/wp-content\/uploads\/spanish-lessons-argentina-8-2-800x600.jpg 800w, https:\/\/verbum.biz\/wp-content\/uploads\/spanish-lessons-argentina-8-2.jpg 1024w\" sizes=\"(max-width: 1024px) 100vw, (max-width: 640px) 100vw, 600px\" \/><\/span><\/li><li class=\"image\"><span class=\"fusion-image-hover-element hover-type-none\"><img decoding=\"async\" src=\"https:\/\/verbum.biz\/wp-content\/uploads\/spanish-lessons-argentina-6-2.jpg\" width=\"720\" height=\"540\" class=\"wp-image-3981\" srcset=\"https:\/\/verbum.biz\/wp-content\/uploads\/spanish-lessons-argentina-6-2-200x150.jpg 200w, https:\/\/verbum.biz\/wp-content\/uploads\/spanish-lessons-argentina-6-2-400x300.jpg 400w, https:\/\/verbum.biz\/wp-content\/uploads\/spanish-lessons-argentina-6-2-600x450.jpg 600w, https:\/\/verbum.biz\/wp-content\/uploads\/spanish-lessons-argentina-6-2.jpg 720w\" sizes=\"(max-width: 1024px) 100vw, (max-width: 640px) 100vw, 600px\" \/><\/span><\/li><li class=\"image\"><span class=\"fusion-image-hover-element hover-type-none\"><img decoding=\"async\" src=\"https:\/\/verbum.biz\/wp-content\/uploads\/spanish-lessons-argentina-4-2.jpg\" width=\"259\" height=\"194\" class=\"wp-image-3971\" srcset=\"https:\/\/verbum.biz\/wp-content\/uploads\/spanish-lessons-argentina-4-2-200x150.jpg 200w, https:\/\/verbum.biz\/wp-content\/uploads\/spanish-lessons-argentina-4-2.jpg 259w\" sizes=\"(max-width: 1024px) 100vw, (max-width: 640px) 100vw, 259px\" \/><\/span><\/li><li class=\"image\"><span class=\"fusion-image-hover-element hover-type-none\"><img decoding=\"async\" src=\"https:\/\/verbum.biz\/wp-content\/uploads\/spanish-lessons-argentina-7-2.jpg\" width=\"480\" height=\"287\" class=\"wp-image-3991\" srcset=\"https:\/\/verbum.biz\/wp-content\/uploads\/spanish-lessons-argentina-7-2-200x120.jpg 200w, https:\/\/verbum.biz\/wp-content\/uploads\/spanish-lessons-argentina-7-2-400x239.jpg 400w, https:\/\/verbum.biz\/wp-content\/uploads\/spanish-lessons-argentina-7-2.jpg 480w\" sizes=\"(max-width: 1024px) 100vw, (max-width: 640px) 100vw, 480px\" \/><\/span><\/li><li class=\"image\"><span class=\"fusion-image-hover-element hover-type-none\"><img decoding=\"async\" src=\"https:\/\/verbum.biz\/wp-content\/uploads\/spanish-lessons-argentina-9-2.jpg\" width=\"448\" height=\"294\" class=\"wp-image-4011\" srcset=\"https:\/\/verbum.biz\/wp-content\/uploads\/spanish-lessons-argentina-9-2-200x131.jpg 200w, https:\/\/verbum.biz\/wp-content\/uploads\/spanish-lessons-argentina-9-2-400x263.jpg 400w, https:\/\/verbum.biz\/wp-content\/uploads\/spanish-lessons-argentina-9-2.jpg 448w\" sizes=\"(max-width: 1024px) 100vw, (max-width: 640px) 100vw, 448px\" \/><\/span><\/li><li class=\"image\"><span class=\"fusion-image-hover-element hover-type-none\"><img decoding=\"async\" src=\"https:\/\/verbum.biz\/wp-content\/uploads\/spanish-lessons-argentina-11-2.jpg\" width=\"448\" height=\"299\" class=\"wp-image-4021\" srcset=\"https:\/\/verbum.biz\/wp-content\/uploads\/spanish-lessons-argentina-11-2-200x133.jpg 200w, https:\/\/verbum.biz\/wp-content\/uploads\/spanish-lessons-argentina-11-2-400x267.jpg 400w, https:\/\/verbum.biz\/wp-content\/uploads\/spanish-lessons-argentina-11-2.jpg 448w\" sizes=\"(max-width: 1024px) 100vw, (max-width: 640px) 100vw, 448px\" \/><\/span><\/li><li class=\"image\"><span class=\"fusion-image-hover-element hover-type-none\"><img decoding=\"async\" src=\"https:\/\/verbum.biz\/wp-content\/uploads\/spanish-lessons-argentina-12-2.jpg\" width=\"600\" height=\"374\" class=\"wp-image-4031\" srcset=\"https:\/\/verbum.biz\/wp-content\/uploads\/spanish-lessons-argentina-12-2-200x125.jpg 200w, https:\/\/verbum.biz\/wp-content\/uploads\/spanish-lessons-argentina-12-2-400x249.jpg 400w, https:\/\/verbum.biz\/wp-content\/uploads\/spanish-lessons-argentina-12-2.jpg 600w\" sizes=\"(max-width: 1024px) 100vw, (max-width: 640px) 100vw, 600px\" \/><\/span><\/li><\/ul><\/div><\/div><\/div><\/div><div class=\"fusion-layout-column fusion_builder_column fusion-builder-column-1 fusion_builder_column_1_2 1_2 fusion-flex-column\" style=\"--awb-bg-blend:overlay;--awb-bg-size:cover;--awb-width-large:50%;--awb-margin-top-large:0px;--awb-spacing-right-large:3.84%;--awb-margin-bottom-large:20px;--awb-spacing-left-large:3.84%;--awb-width-medium:100%;--awb-spacing-right-medium:1.92%;--awb-spacing-left-medium:1.92%;--awb-width-small:100%;--awb-spacing-right-small:1.92%;--awb-spacing-left-small:1.92%;\"><div class=\"fusion-column-wrapper fusion-flex-justify-content-flex-start fusion-content-layout-column\"><div class=\"fusion-title title fusion-title-1 fusion-title-text fusion-title-size-two\"><div class=\"title-sep-container title-sep-container-left fusion-no-large-visibility fusion-no-medium-visibility fusion-no-small-visibility\"><div class=\"title-sep sep-double sep-solid\" style=\"border-color:#e0dede;\"><\/div><\/div><span class=\"awb-title-spacer fusion-no-large-visibility fusion-no-medium-visibility fusion-no-small-visibility\"><\/span><h2 class=\"fusion-title-heading title-heading-left\" style=\"margin:0;\">Bienvenido a Argentina!<\/h2><span class=\"awb-title-spacer\"><\/span><div class=\"title-sep-container title-sep-container-right\"><div class=\"title-sep sep-double sep-solid\" style=\"border-color:#e0dede;\"><\/div><\/div><\/div><div class=\"fusion-text fusion-text-1\"><p>Argentina. El nombre evoca im\u00e1genes de f\u00fatbol, el tango, Pampas, Evita y Maradona. Pero hay m\u00e1s, mucho m\u00e1s. Perm\u00edtanos decirle m\u00e1s sobre Argentina y el enorme abanico de posibilidades que le ofrece.<\/p>\n<p>Argentina limita con Bolivia y Paraguay por el norte, Brasil, Uruguay y el Oc\u00e9ano Atl\u00e1ntico en el este, y por el Oc\u00e9ano Atl\u00e1ntico y Chile por el oeste y el sur.<\/p>\n<p>Consta de casi toda la mitad sur de Am\u00e9rica del Sur, Argentina es el octavo pa\u00eds m\u00e1s grande del mundo, con una superficie de 2.800.000 kil\u00f3metros cuadrados. Argentina posee algunas de las monta\u00f1as m\u00e1s altas del mundo (Aconcagua, 22.834 ft., 6960 m., es el pico m\u00e1s alto del mundo fuera de los existentes en el Himalaya), desiertos extensos y cascadas impresionantes, con la diversidad de la tierra que van desde silvestre, las zonas remotas del sur de la Patagonia, a la bulliciosa ciudad de Buenos Aires. Desde hoteles en ciudades balneareas espl\u00e9ndidas a aldeas de alta monta\u00f1a, la elecci\u00f3n es enorme, si quieres una experiencia no costosa, un recorrido cultural, o un d\u00eda de fiesta exclusiva de alto precio.<\/p>\n<\/div><\/div><\/div><div class=\"fusion-layout-column fusion_builder_column fusion-builder-column-2 fusion_builder_column_1_1 1_1 fusion-flex-column fusion-flex-align-self-flex-start fusion-column-no-min-height\" style=\"--awb-bg-size:cover;--awb-width-large:100%;--awb-margin-top-large:0px;--awb-spacing-right-large:1.92%;--awb-margin-bottom-large:0px;--awb-spacing-left-large:1.92%;--awb-width-medium:100%;--awb-spacing-right-medium:1.92%;--awb-spacing-left-medium:1.92%;--awb-width-small:100%;--awb-spacing-right-small:1.92%;--awb-spacing-left-small:1.92%;\"><div class=\"fusion-column-wrapper fusion-flex-justify-content-flex-start fusion-content-layout-column\"><div class=\"fusion-title title fusion-title-2 fusion-title-text fusion-title-size-two\"><div class=\"title-sep-container title-sep-container-left fusion-no-large-visibility fusion-no-medium-visibility fusion-no-small-visibility\"><div class=\"title-sep sep-double sep-solid\" style=\"border-color:#e0dede;\"><\/div><\/div><span class=\"awb-title-spacer fusion-no-large-visibility fusion-no-medium-visibility fusion-no-small-visibility\"><\/span><h2 class=\"fusion-title-heading title-heading-left\" style=\"margin:0;\">Tips sobre Argentina<\/h2><span class=\"awb-title-spacer\"><\/span><div class=\"title-sep-container title-sep-container-right\"><div class=\"title-sep sep-double sep-solid\" style=\"border-color:#e0dede;\"><\/div><\/div><\/div><\/div><\/div><div class=\"fusion-layout-column fusion_builder_column fusion-builder-column-3 fusion_builder_column_1_1 1_1 fusion-flex-column fusion-flex-align-self-flex-start fusion-column-no-min-height\" style=\"--awb-bg-size:cover;--awb-width-large:100%;--awb-margin-top-large:0px;--awb-spacing-right-large:1.92%;--awb-margin-bottom-large:0px;--awb-spacing-left-large:1.92%;--awb-width-medium:100%;--awb-spacing-right-medium:1.92%;--awb-spacing-left-medium:1.92%;--awb-width-small:100%;--awb-spacing-right-small:1.92%;--awb-spacing-left-small:1.92%;\"><div class=\"fusion-column-wrapper fusion-flex-justify-content-flex-start fusion-content-layout-column\"><div class=\"fusion-tabs fusion-tabs-1 classic nav-is-justified horizontal-tabs icon-position-left mobile-mode-accordion\" style=\"--awb-title-border-radius-top-left:0px;--awb-title-border-radius-top-right:0px;--awb-title-border-radius-bottom-right:0px;--awb-title-border-radius-bottom-left:0px;--awb-alignment:start;--awb-inactive-color:#ebeaea;--awb-background-color:#ffffff;--awb-border-color:#ebeaea;--awb-active-border-color:#67b7e1;\"><div class=\"nav\"><ul class=\"nav-tabs nav-justified\" role=\"tablist\"><li class=\"active\" role=\"presentation\"><a class=\"tab-link\" data-toggle=\"tab\" role=\"tab\" aria-controls=\"tab-f212aea85959d6bfc23\" aria-selected=\"true\" id=\"fusion-tab-cultura\" href=\"#tab-f212aea85959d6bfc23\"><h4 class=\"fusion-tab-heading\">Cultura<\/h4><\/a><\/li><li role=\"presentation\"><a class=\"tab-link\" data-toggle=\"tab\" role=\"tab\" aria-controls=\"tab-9aba51fc5b76304ffe8\" aria-selected=\"false\" tabindex=\"-1\" id=\"fusion-tab-deportes\" href=\"#tab-9aba51fc5b76304ffe8\"><h4 class=\"fusion-tab-heading\">Deportes<\/h4><\/a><\/li><li role=\"presentation\"><a class=\"tab-link\" data-toggle=\"tab\" role=\"tab\" aria-controls=\"tab-07b2207f3b25a37454d\" aria-selected=\"false\" tabindex=\"-1\" id=\"fusion-tab-regionesdeargentina\" href=\"#tab-07b2207f3b25a37454d\"><h4 class=\"fusion-tab-heading\">Regiones de Argentina<\/h4><\/a><\/li><\/ul><\/div><div class=\"tab-content\"><div class=\"nav fusion-mobile-tab-nav\"><ul class=\"nav-tabs nav-justified\" role=\"tablist\"><li class=\"active\" role=\"presentation\"><a class=\"tab-link\" data-toggle=\"tab\" role=\"tab\" aria-controls=\"tab-f212aea85959d6bfc23\" aria-selected=\"true\" id=\"mobile-fusion-tab-cultura\" href=\"#tab-f212aea85959d6bfc23\"><h4 class=\"fusion-tab-heading\">Cultura<\/h4><\/a><\/li><\/ul><\/div><div class=\"tab-pane fade fusion-clearfix in active\" role=\"tabpanel\" tabindex=\"0\" aria-labelledby=\"fusion-tab-cultura\" id=\"tab-f212aea85959d6bfc23\">\n<p>Las ra\u00edces culturales de Argentina son principalmente europeas y que se reflejan claramente en su arquitectura, m\u00fasica, literatura y estilo de vida.<\/p>\n<p>Cuenta con una intensa actividad cultural. Se ve en las festividades, exposiciones, cines, teatros y conciertos que tienen lugar en las principales ciudades.<\/p>\n<p>La m\u00fasica caracter\u00edstica de la ciudad de Buenos Aires es el tango de fama mundial. En otras regiones, el folclore incluye varios ritmos y estilos.<\/p>\n<p>La comida t\u00edpica argentina es el asado (barbacoa: carne cocinado sobre brasas), aparte de empanadas (una especie de pastel de carne que viene con una variedad de otros rellenos), tamales (un plato hecho de harina de ma\u00edz, pollo o carne envuelta en hojas de ma\u00edz), humita (plato a base de ma\u00edz rallado, pimientos y tomates envueltos en las hojas verdes de ma\u00edz) y locro (plato a base de carne, papa, calabaza, ma\u00edz y chile dulce).<\/p>\n<p>Nuestra bebida caracter\u00edstica pa\u00eds es mate (infusi\u00f3n).<\/p>\n<p>Sin embargo, y debido a la importante migraci\u00f3n actual que poblaron el pa\u00eds, existe una muy variada cocina internacional: espa\u00f1ola, italiana, franc\u00e9s, alemana, escandinava, Griega, Inglesa, sueca, h\u00fangara, holandesa, chilena, m\u00e9xicana, euskera, jud\u00eda, rusa, ucraniana, china, japonesa, tailandesa y \u00e1rabe.<\/p>\n<p>La calidad de sus vinos y carnes es mundialmente conocida y la nueva cocina argentina ha alcanzado un nivel internacional que destaca por sus chefs calificados.<\/p>\n<\/div><div class=\"nav fusion-mobile-tab-nav\"><ul class=\"nav-tabs nav-justified\" role=\"tablist\"><li role=\"presentation\"><a class=\"tab-link\" data-toggle=\"tab\" role=\"tab\" aria-controls=\"tab-9aba51fc5b76304ffe8\" aria-selected=\"false\" tabindex=\"-1\" id=\"mobile-fusion-tab-deportes\" href=\"#tab-9aba51fc5b76304ffe8\"><h4 class=\"fusion-tab-heading\">Deportes<\/h4><\/a><\/li><\/ul><\/div><div class=\"tab-pane fade fusion-clearfix\" role=\"tabpanel\" tabindex=\"0\" aria-labelledby=\"fusion-tab-deportes\" id=\"tab-9aba51fc5b76304ffe8\">\n<p>A pesar de que se practican varios deportes, f\u00fatbol (soccer) es el m\u00e1s destacado. En la ciudad de Buenos Aires hay un gran n\u00famero de estadios, algunos de ellos con una capacidad de m\u00e1s de 40.000 personas.<\/p>\n<p>Los amantes del esqu\u00ed pueden elegir entre numerosos centros invernales para practicarlo.<\/p>\n<p>Pesca deportiva puede ser practicada en todo el pa\u00eds. Argentina es bien conocida por los grandes Dorados y las variedades de los salm\u00f3nidos.<\/p>\n<p>Debido a su extensi\u00f3n y diversidad de climas Argentina ofrecen la oportunidad de practicar cualquier tipo de deportes tradicionales y de aventura como moton\u00e1utica, velerismo, canotaje, kayak, rafting, buceo, senderismo, escalada, bicicleta de monta\u00f1a, paracaidismo, ala delta, esqu\u00ed y snowboard.<\/p>\n<\/div><div class=\"nav fusion-mobile-tab-nav\"><ul class=\"nav-tabs nav-justified\" role=\"tablist\"><li role=\"presentation\"><a class=\"tab-link\" data-toggle=\"tab\" role=\"tab\" aria-controls=\"tab-07b2207f3b25a37454d\" aria-selected=\"false\" tabindex=\"-1\" id=\"mobile-fusion-tab-regionesdeargentina\" href=\"#tab-07b2207f3b25a37454d\"><h4 class=\"fusion-tab-heading\">Regiones de Argentina<\/h4><\/a><\/li><\/ul><\/div><div class=\"tab-pane fade fusion-clearfix\" role=\"tabpanel\" tabindex=\"0\" aria-labelledby=\"fusion-tab-regionesdeargentina\" id=\"tab-07b2207f3b25a37454d\">\n<p>Argentina tiene bellezas naturales excepcionales, porque comprende un territorio diverso de monta\u00f1as, mesetas y llanuras con todas las variaciones clim\u00e1ticas<\/p>\n<p>Hay varias regiones clim\u00e1ticas y paisaj\u00edsticas. Los ge\u00f3grafos suelen reconocer cinco \u00e1reas f\u00edsicas principales:<\/p>\n<ol>\n<li>Noroeste<br \/>\nEs la regi\u00f3n de las altas monta\u00f1as, picos volc\u00e1nicos, lagos de sal y el cielo azul.<br \/>\nIncluye Jujuy, Salta, Catamarca, La Rioja, Tucum\u00e1n y provincias de Santiago del Estero.<br \/>\nSus m\u00e1s bellos lugares son la Quebrada de Humahuaca, El Valles Calchaqu\u00edes, la ciudad de Salta y El Tren a las Nubes (Ferrocarril a las Nubes). Esta zona se llamaba \u00abPachamama\u00bb (Madre Tierra) por los nativos incas.<\/li>\n<li>Nordeste<br \/>\n2.1 Mesopotamia: Mesopotamia, una amplia llanura entre los r\u00edos Iguaz\u00fa, Paran\u00e1 y Uruguay en el norte de Argentina. Es h\u00fameda, pantanosa y extremadamente caliente durante el verano. Abarca las provincias de Misiones, Corrientes y Entre R\u00edos. Tiene varios lugares hermosos para visitar, siendo los m\u00e1s importantes el Parque Nacional El Palmar, que los preserva los \u00faltimos ejemplos de Yatay, palmeras de casi 800 a\u00f1os, las Misiones Jesu\u00edticas y las cataratas de Iguaz\u00fa (cascadas impresionantes). Siendo est\u00e1s dos \u00faltimas protegidas por la UNESCO, como parte del Patrimonio de la Humanidad. Adem\u00e1s hay fuentes termales en varias ciudades.<br \/>\n2.2 Regi\u00f3n Chaco: Esta zona \u00e1rida en el oeste es parte del enorme Gran Chaco, una regi\u00f3n que Argentina comparte con Bolivia, Paraguay y Brasil. El Chaco contiene pastizales y bosque espinoso. Incluye las siguientes provincias: Formosa, Chaco y Santa Fe. Aunque la parte sur de esta \u00faltima pertenece a la regi\u00f3n pampeana.<\/li>\n<li>Regi\u00f3n Pampeana<br \/>\nEstas f\u00e9rtiles llanuras son el granero de Argentina. Consisten en la Pampa H\u00fameda a lo largo del litoral y la Pampa seca en el oeste y el sur. La regi\u00f3n incluye Buenos Aires, as\u00ed como las playas de clase mundial de los alrededores donde hay varios balnearios que reciben una gran cantidad de turistas que viajan all\u00ed para disfrutar de las hermosas playas, el agua azul y actividades culturales. Esta regi\u00f3n es la cuna del legendario Gaucho. Tambi\u00e9n es aqu\u00ed donde se produce la carne m\u00e1s sabrosa del mundo, y tambi\u00e9n donde la m\u00fasica folcl\u00f3rica argentina tiene sus principales artistas. Disfrute alojarse en uno de los cientos de estancias y residencias de estilo colonial, brit\u00e1nico o franc\u00e9s que cubren la Pampa. Participe en todas las actividades que tienen que hacerse en una estancia: conducci\u00f3n, atado, y el marcado de las vacas y las ovejas junto con el \u00abGaucho\u00bb, y vistiendo el traje tradicional. Disfrutando de la buena comida, con el asado argentino como el plato principal, y al lado del fuego al final del d\u00eda..<\/li>\n<li>Cuyo<br \/>\nIt is an arid mountainous region, which is cut by plentiful rivers that make up majestic canyons such as that of the AtuelCanyon. Rafting, mountaineering, trekking and many other adventure activities are all possible here. Excellent ski resorts such as that of Las Le\u00f1as Valley. There are wonderful wineries to visit.This region includes San Juan, Mendoza and San Luis provinces.<\/li>\n<li>Patagonia<br \/>\nPatagonia se encuentra en el sur del r\u00edo Colorado. Tiene una superficie de m\u00e1s de 770.000 kil\u00f3metros cuadrados, e incluye cinco provincias: Neuqu\u00e9n, R\u00edo Negro, Chubut, Santa Cruz y Tierra del Fuego. La Patagonia es reconocida internacionalmente por la gran variedad y belleza de sus paisajes. Los h\u00e1bitats de la Patagonia &#8211; muchos de ellos con caracter\u00edsticas \u00fanicas en mundo- est\u00e1n protegidos por la existencia de 12 parques y reservas nacionales. Patagonia se puede dividir en 3 partes:<\/p>\n<ol>\n<li>Patagonia Andina: La regi\u00f3n monta\u00f1osa Patagonia, salpicada de lagos naturales, glaciares y bosques es uno de los paisajes m\u00e1s asombrosos de la Argentina. Excelente para actividades de turismo aventura como trekking, rafting y monta\u00f1ismo. Los deportes acu\u00e1ticos y excursiones en sus numerosos lagos. Hay excelentes estaciones de esqu\u00ed de la nieve, como Chapelco, Cerro Catedral y muchos manantiales de agua caliente remojo despu\u00e9s.<\/li>\n<li>Patagonia Atl\u00e1ntica: La parte oriental de la Patagonia que limita con el Oc\u00e9ano Atl\u00e1ntico y, a veces llamada la meseta patag\u00f3nica, posee un relieve muy distinta. Una zona rica en vida marina. En la zona norte, encontrar\u00e1 buenas playas para nadar con temperaturas agradables de agua. El buceo es una de las otras atracciones importantes.<\/li>\n<li>Tierra del Fuego: Tierra del Fuego (La Tierra de Fuego) es en realidad un archipi\u00e9lago incluyendo la Isla Grande de Tierra del Fuego (que Argentina comparte con el vecino Chile) y numerosas islas m\u00e1s peque\u00f1as. Isla Grande del Norte es similar en terreno a las llanuras de la Patagonia, mientras que el \u00e1rea monta\u00f1osa en el sur est\u00e1 lleno de bosques y glaciares.<\/li>\n<\/ol>\n<\/li>\n<\/ol>\n<\/div><\/div><\/div><\/div><\/div><\/div><\/div>\n","protected":false},"excerpt":{"rendered":"","protected":false},"author":1,"featured_media":0,"parent":0,"menu_order":0,"comment_status":"open","ping_status":"closed","template":"","meta":{"footnotes":""},"class_list":["post-1851","page","type-page","status-publish","hentry"],"_links":{"self":[{"href":"https:\/\/verbum.biz\/es\/wp-json\/wp\/v2\/pages\/1851","targetHints":{"allow":["GET"]}}],"collection":[{"href":"https:\/\/verbum.biz\/es\/wp-json\/wp\/v2\/pages"}],"about":[{"href":"https:\/\/verbum.biz\/es\/wp-json\/wp\/v2\/types\/page"}],"author":[{"embeddable":true,"href":"https:\/\/verbum.biz\/es\/wp-json\/wp\/v2\/users\/1"}],"replies":[{"embeddable":true,"href":"https:\/\/verbum.biz\/es\/wp-json\/wp\/v2\/comments?post=1851"}],"version-history":[{"count":2,"href":"https:\/\/verbum.biz\/es\/wp-json\/wp\/v2\/pages\/1851\/revisions"}],"predecessor-version":[{"id":6185,"href":"https:\/\/verbum.biz\/es\/wp-json\/wp\/v2\/pages\/1851\/revisions\/6185"}],"wp:attachment":[{"href":"https:\/\/verbum.biz\/es\/wp-json\/wp\/v2\/media?parent=1851"}],"curies":[{"name":"wp","href":"https:\/\/api.w.org\/{rel}","templated":true}]}}