{"id":1854,"date":"2014-08-22T22:01:41","date_gmt":"2014-08-22T22:01:41","guid":{"rendered":"http:\/\/www.verbum.biz\/escuelas-de-espanol\/?page_id=45"},"modified":"2024-04-17T14:38:45","modified_gmt":"2024-04-17T17:38:45","slug":"voluntariado-buenos-aires-es","status":"publish","type":"page","link":"https:\/\/verbum.biz\/es\/voluntariado-buenos-aires-es\/","title":{"rendered":"Voluntariado-es"},"content":{"rendered":"<p><div class=\"fusion-fullwidth fullwidth-box fusion-builder-row-1 fusion-flex-container has-pattern-background has-mask-background nonhundred-percent-fullwidth non-hundred-percent-height-scrolling\" style=\"--awb-border-radius-top-left:0px;--awb-border-radius-top-right:0px;--awb-border-radius-bottom-right:0px;--awb-border-radius-bottom-left:0px;--awb-flex-wrap:wrap;\" ><div class=\"fusion-builder-row fusion-row fusion-flex-align-items-flex-start fusion-flex-content-wrap\" style=\"max-width:1144px;margin-left: calc(-4% \/ 2 );margin-right: calc(-4% \/ 2 );\"><div class=\"fusion-layout-column fusion_builder_column fusion-builder-column-0 fusion_builder_column_1_2 1_2 fusion-flex-column\" style=\"--awb-bg-blend:overlay;--awb-bg-size:cover;--awb-width-large:50%;--awb-margin-top-large:0px;--awb-spacing-right-large:3.84%;--awb-margin-bottom-large:20px;--awb-spacing-left-large:3.84%;--awb-width-medium:100%;--awb-spacing-right-medium:1.92%;--awb-spacing-left-medium:1.92%;--awb-width-small:100%;--awb-spacing-right-small:1.92%;--awb-spacing-left-small:1.92%;\"><div class=\"fusion-column-wrapper fusion-flex-justify-content-flex-start fusion-content-layout-column\"><div class=\"fusion-slider-sc\"><div class=\"fusion-flexslider-loading flexslider flexslider-hover-type-none\" data-slideshow_autoplay=\"1\" data-slideshow_smooth_height=\"0\" data-slideshow_speed=\"7000\" style=\"max-width:100%;height:100%;\"><ul class=\"slides\">\n<li class=\"image\"><span class=\"fusion-image-hover-element hover-type-none\"><img decoding=\"async\" src=\"https:\/\/verbum.biz\/wp-content\/uploads\/spanish-school-buenos-aires-volunteer-1.jpg\" alt=\"spanish-school-buenos-aires-volunteer\" width=\"960\" height=\"720\" \/><\/span><\/li>\n<li class=\"image\"><span class=\"fusion-image-hover-element hover-type-none\"><img decoding=\"async\" src=\"https:\/\/verbum.biz\/wp-content\/uploads\/spanish-school-buenos-aires-volunteer-2.jpg\" alt=\"spanish-school-buenos-aires-volunteer\" width=\"960\" height=\"720\" \/><\/span><\/li>\n<li class=\"image\"><span class=\"fusion-image-hover-element hover-type-none\"><img decoding=\"async\" src=\"https:\/\/verbum.biz\/wp-content\/uploads\/spanish-school-buenos-aires-volunteer-3.jpg\" alt=\"spanish-school-buenos-aires-volunteer\" width=\"960\" height=\"720\" \/><\/span><\/li>\n<li class=\"image\"><span class=\"fusion-image-hover-element hover-type-none\"><img decoding=\"async\" src=\"https:\/\/verbum.biz\/wp-content\/uploads\/spanish-school-buenos-aires-volunteer-4.jpg\" alt=\"spanish-school-buenos-aires-volunteer\" width=\"448\" height=\"336\" \/><\/span><\/li>\n<li class=\"image\"><span class=\"fusion-image-hover-element hover-type-none\"><img decoding=\"async\" src=\"https:\/\/verbum.biz\/wp-content\/uploads\/spanish-school-buenos-aires-volunteer-5.jpg\" alt=\"spanish-school-buenos-aires-volunteer\" width=\"593\" height=\"444\" \/><\/span><\/li>\n<li class=\"image\"><span class=\"fusion-image-hover-element hover-type-none\"><img decoding=\"async\" src=\"https:\/\/verbum.biz\/wp-content\/uploads\/spanish-school-buenos-aires-volunteer-6.jpg\" alt=\"spanish-school-buenos-aires-volunteer\" width=\"593\" height=\"419\" \/><\/span><\/li>\n<li class=\"image\"><span class=\"fusion-image-hover-element hover-type-none\"><img decoding=\"async\" src=\"https:\/\/verbum.biz\/wp-content\/uploads\/spanish-school-buenos-aires-volunteer-7.jpg\" alt=\"spanish-school-buenos-aires-volunteer\" width=\"593\" height=\"409\" \/><\/span><\/li>\n<\/ul><\/div><\/div><\/div><\/div><div class=\"fusion-layout-column fusion_builder_column fusion-builder-column-1 fusion_builder_column_1_2 1_2 fusion-flex-column\" style=\"--awb-bg-blend:overlay;--awb-bg-size:cover;--awb-width-large:50%;--awb-margin-top-large:0px;--awb-spacing-right-large:3.84%;--awb-margin-bottom-large:20px;--awb-spacing-left-large:3.84%;--awb-width-medium:100%;--awb-spacing-right-medium:1.92%;--awb-spacing-left-medium:1.92%;--awb-width-small:100%;--awb-spacing-right-small:1.92%;--awb-spacing-left-small:1.92%;\"><div class=\"fusion-column-wrapper fusion-flex-justify-content-flex-start fusion-content-layout-column\"><div class=\"fusion-text fusion-text-1\"><p>\u00bfLe preocupan los aspectos sociales de la cultura que visita? \u00bfQuiere ayudar a aquellos que lo necesitan?<\/p>\n<p>Un trabajo voluntario puede ser la puerta a nuevas e interesantes oportunidades. Tambi\u00e9n brinda la maravillosa oportunidad de experimentar la vida local al mismo tiempo que se devuelve algo a la comunidad.<\/p>\n<p>Trabajar como voluntario en Buenos Aires es desafiante y gratificante y le dar\u00e1 una sensaci\u00f3n real de logro personal.<\/p>\n<\/div><\/div><\/div><div class=\"fusion-layout-column fusion_builder_column fusion-builder-column-2 fusion_builder_column_1_2 1_2 fusion-flex-column\" style=\"--awb-bg-blend:overlay;--awb-bg-size:cover;--awb-width-large:50%;--awb-margin-top-large:0px;--awb-spacing-right-large:3.84%;--awb-margin-bottom-large:20px;--awb-spacing-left-large:3.84%;--awb-width-medium:100%;--awb-spacing-right-medium:1.92%;--awb-spacing-left-medium:1.92%;--awb-width-small:100%;--awb-spacing-right-small:1.92%;--awb-spacing-left-small:1.92%;\"><div class=\"fusion-column-wrapper fusion-flex-justify-content-flex-start fusion-content-layout-column\"><div class=\"fusion-text fusion-text-2\"><p>Nuestros voluntarios pueden participar en una amplia variedad de proyectos en las \u00e1 reas de desarrollo comunitario, educaci\u00f3n, salud y conservaci\u00f3n del medio ambiente en Argentina.<\/p>\n<\/div><\/div><\/div><div class=\"fusion-layout-column fusion_builder_column fusion-builder-column-3 fusion_builder_column_1_2 1_2 fusion-flex-column\" style=\"--awb-bg-blend:overlay;--awb-bg-size:cover;--awb-width-large:50%;--awb-margin-top-large:0px;--awb-spacing-right-large:3.84%;--awb-margin-bottom-large:20px;--awb-spacing-left-large:3.84%;--awb-width-medium:100%;--awb-spacing-right-medium:1.92%;--awb-spacing-left-medium:1.92%;--awb-width-small:100%;--awb-spacing-right-small:1.92%;--awb-spacing-left-small:1.92%;\"><div class=\"fusion-column-wrapper fusion-flex-justify-content-flex-start fusion-content-layout-column\"><div class=\"fusion-text fusion-text-3\"><p>El rol que los voluntarios desempe\u00f1en durante su programa se basar\u00e1 en sus habilidades e intereses. Por este motivo Verbum ha trabajado para desarrollar una gran variedad de opciones de voluntariado.<\/p>\n<\/div><\/div><\/div><div class=\"fusion-layout-column fusion_builder_column fusion-builder-column-4 fusion_builder_column_1_2 1_2 fusion-flex-column\" style=\"--awb-bg-blend:overlay;--awb-bg-size:cover;--awb-width-large:50%;--awb-margin-top-large:0px;--awb-spacing-right-large:3.84%;--awb-margin-bottom-large:20px;--awb-spacing-left-large:3.84%;--awb-width-medium:100%;--awb-spacing-right-medium:1.92%;--awb-spacing-left-medium:1.92%;--awb-width-small:100%;--awb-spacing-right-small:1.92%;--awb-spacing-left-small:1.92%;\"><div class=\"fusion-column-wrapper fusion-flex-justify-content-flex-start fusion-content-layout-column\"><div class=\"accordian fusion-accordian\" style=\"--awb-border-size:1px;--awb-icon-size:13px;--awb-content-font-size:13px;--awb-icon-alignment:left;--awb-hover-color:#f9f9f9;--awb-border-color:#cccccc;--awb-background-color:#ffffff;--awb-divider-color:#e0dede;--awb-divider-hover-color:#e0dede;--awb-icon-color:#ffffff;--awb-title-color:#007eff;--awb-content-color:#000000;--awb-icon-box-color:#333333;--awb-toggle-hover-accent-color:#67b7e1;--awb-title-font-family:&quot;Antic Slab&quot;;--awb-title-font-weight:400;--awb-title-font-style:normal;--awb-title-font-size:13px;--awb-title-letter-spacing:0px;--awb-title-line-height:1.54;--awb-content-font-family:&quot;PT Sans&quot;;--awb-content-font-style:normal;--awb-content-font-weight:400;\"><div class=\"panel-group fusion-toggle-icon-boxed\" id=\"accordion-1854-1\"><div class=\"fusion-panel panel-default panel-bf624d6e5d9750292 fusion-toggle-has-divider\" style=\"--awb-title-color:#007eff;--awb-content-color:#000000;\"><div class=\"panel-heading\"><h4 class=\"panel-title toggle\" id=\"toggle_bf624d6e5d9750292\"><a aria-expanded=\"false\" aria-controls=\"bf624d6e5d9750292\" role=\"button\" data-toggle=\"collapse\" data-parent=\"#accordion-1854-1\" data-target=\"#bf624d6e5d9750292\" href=\"#bf624d6e5d9750292\"><span class=\"fusion-toggle-icon-wrapper\" aria-hidden=\"true\"><i class=\"fa-fusion-box active-icon awb-icon-minus\" aria-hidden=\"true\"><\/i><i class=\"fa-fusion-box inactive-icon awb-icon-plus\" aria-hidden=\"true\"><\/i><\/span><span class=\"fusion-toggle-heading\">\u00bfPor qu\u00e9 trabajar como Voluntario a trav\u00e9s de Verbum?<\/span><\/a><\/h4><\/div><div id=\"bf624d6e5d9750292\" class=\"panel-collapse collapse \" aria-labelledby=\"toggle_bf624d6e5d9750292\"><div class=\"panel-body toggle-content fusion-clearfix\">\n<ul style=\"--awb-line-height:23.8px;--awb-icon-width:23.8px;--awb-icon-height:23.8px;--awb-icon-margin:9.8px;--awb-content-margin:33.6px;--awb-circlecolor:#a0ce4e;--awb-circle-yes-font-size:12.32px;\" class=\"fusion-checklist fusion-checklist-1 fusion-checklist-default type-icons\">\n\n<li class=\"fusion-li-item\" style=\"\"><span class=\"icon-wrapper circle-yes\"><i class=\"fusion-li-icon fa fa-check\" aria-hidden=\"true\"><\/i><\/span><div class=\"fusion-li-item-content\">Ser\u00e1 asignado a un trabajo voluntariado de acuerdo a sus necesidades y requerimientos.<\/div><\/li>\n<li class=\"fusion-li-item\" style=\"\"><span class=\"icon-wrapper circle-yes\"><i class=\"fusion-li-icon fa fa-check\" aria-hidden=\"true\"><\/i><\/span><div class=\"fusion-li-item-content\">Muchos empleadores y compa\u00f1\u00edas valoran mucho el trabajo voluntario. Si en su curr\u00edculo vitae figura una experiencia de trabajo voluntario, eso significa que es una persona flexible, paciente y comprometida.<\/div><\/li>\n<li class=\"fusion-li-item\" style=\"\"><span class=\"icon-wrapper circle-yes\"><i class=\"fusion-li-icon fa fa-check\" aria-hidden=\"true\"><\/i><\/span><div class=\"fusion-li-item-content\">Tendr\u00e1 completo apoyo de nuestro staff durante su voluntariado.<\/div><\/li>\n<li class=\"fusion-li-item\" style=\"\"><span class=\"icon-wrapper circle-yes\"><i class=\"fusion-li-icon fa fa-check\" aria-hidden=\"true\"><\/i><\/span><div class=\"fusion-li-item-content\">Lo guiaremos y apoyaremos en su proceso de adaptaci\u00f3n a una nueva cultura.<\/div><\/li>\n<li class=\"fusion-li-item\" style=\"\"><span class=\"icon-wrapper circle-yes\"><i class=\"fusion-li-icon fa fa-check\" aria-hidden=\"true\"><\/i><\/span><div class=\"fusion-li-item-content\">Tendr\u00e1 acceso a una l\u00ednea telef\u00f3nica las 24 horas para contactarnos en caso de cualquier problema personal, social, legal o de otro tipo con el cual se pueda encontrar durante su estad\u00eda en Argentina.<\/div><\/li>\n<li class=\"fusion-li-item\" style=\"\"><span class=\"icon-wrapper circle-yes\"><i class=\"fusion-li-icon fa fa-check\" aria-hidden=\"true\"><\/i><\/span><div class=\"fusion-li-item-content\">Si desea hacer un trabajo voluntario espec\u00edfico para cubrir requisitos acad\u00e9micos espec\u00edficos, podemos dise\u00f1ar su posici\u00f3n de acuerdo a sus necesidades.<\/div><\/li>\n\n<\/ul>\n<\/div><\/div><\/div><div class=\"fusion-panel panel-default panel-3cc4c5bf72950ba00 fusion-toggle-has-divider\" style=\"--awb-title-color:#007eff;--awb-content-color:#000000;\"><div class=\"panel-heading\"><h4 class=\"panel-title toggle\" id=\"toggle_3cc4c5bf72950ba00\"><a aria-expanded=\"false\" aria-controls=\"3cc4c5bf72950ba00\" role=\"button\" data-toggle=\"collapse\" data-parent=\"#accordion-1854-1\" data-target=\"#3cc4c5bf72950ba00\" href=\"#3cc4c5bf72950ba00\"><span class=\"fusion-toggle-icon-wrapper\" aria-hidden=\"true\"><i class=\"fa-fusion-box active-icon awb-icon-minus\" aria-hidden=\"true\"><\/i><i class=\"fa-fusion-box inactive-icon awb-icon-plus\" aria-hidden=\"true\"><\/i><\/span><span class=\"fusion-toggle-heading\">Selecci\u00f3n de los Participantes<\/span><\/a><\/h4><\/div><div id=\"3cc4c5bf72950ba00\" class=\"panel-collapse collapse \" aria-labelledby=\"toggle_3cc4c5bf72950ba00\"><div class=\"panel-body toggle-content fusion-clearfix\">\n<p>Esperamos de nuestros participantes las capacidades y habilidades necesarias para llevar a cabo una experiencia de voluntariado internacional exitosa: la capacidad de adaptarse a una cultura y un medio ambiente nuevo, el nivel de espa\u00f1ol requerido por la posici\u00f3n o la voluntad de tomar un curso de espa\u00f1ol y un compromiso genuino con la organizaci\u00f3n anfitriona.<\/p>\n<\/div><\/div><\/div><\/div><\/div><\/div><\/div><div class=\"fusion-layout-column fusion_builder_column fusion-builder-column-5 fusion_builder_column_1_2 1_2 fusion-flex-column\" style=\"--awb-bg-blend:overlay;--awb-bg-size:cover;--awb-width-large:50%;--awb-margin-top-large:0px;--awb-spacing-right-large:3.84%;--awb-margin-bottom-large:20px;--awb-spacing-left-large:3.84%;--awb-width-medium:100%;--awb-spacing-right-medium:1.92%;--awb-spacing-left-medium:1.92%;--awb-width-small:100%;--awb-spacing-right-small:1.92%;--awb-spacing-left-small:1.92%;\"><div class=\"fusion-column-wrapper fusion-flex-justify-content-flex-start fusion-content-layout-column\"><div class=\"accordian fusion-accordian\" style=\"--awb-border-size:1px;--awb-icon-size:13px;--awb-content-font-size:13px;--awb-icon-alignment:left;--awb-hover-color:#f9f9f9;--awb-border-color:#cccccc;--awb-background-color:#ffffff;--awb-divider-color:#e0dede;--awb-divider-hover-color:#e0dede;--awb-icon-color:#ffffff;--awb-title-color:#007eff;--awb-content-color:#000000;--awb-icon-box-color:#333333;--awb-toggle-hover-accent-color:#67b7e1;--awb-title-font-family:&quot;Antic Slab&quot;;--awb-title-font-weight:400;--awb-title-font-style:normal;--awb-title-font-size:13px;--awb-title-letter-spacing:0px;--awb-title-line-height:1.54;--awb-content-font-family:&quot;PT Sans&quot;;--awb-content-font-style:normal;--awb-content-font-weight:400;\"><div class=\"panel-group fusion-toggle-icon-boxed\" id=\"accordion-1854-2\"><div class=\"fusion-panel panel-default panel-8c7440101fae66f26 fusion-toggle-has-divider\" style=\"--awb-title-color:#007eff;--awb-content-color:#000000;\"><div class=\"panel-heading\"><h4 class=\"panel-title toggle\" id=\"toggle_8c7440101fae66f26\"><a aria-expanded=\"false\" aria-controls=\"8c7440101fae66f26\" role=\"button\" data-toggle=\"collapse\" data-parent=\"#accordion-1854-2\" data-target=\"#8c7440101fae66f26\" href=\"#8c7440101fae66f26\"><span class=\"fusion-toggle-icon-wrapper\" aria-hidden=\"true\"><i class=\"fa-fusion-box active-icon awb-icon-minus\" aria-hidden=\"true\"><\/i><i class=\"fa-fusion-box inactive-icon awb-icon-plus\" aria-hidden=\"true\"><\/i><\/span><span class=\"fusion-toggle-heading\">Costo del Voluntariado<\/span><\/a><\/h4><\/div><div id=\"8c7440101fae66f26\" class=\"panel-collapse collapse \" aria-labelledby=\"toggle_8c7440101fae66f26\"><div class=\"panel-body toggle-content fusion-clearfix\">\n<p>Gratuito para los estudiantes que tomen 4 o m\u00e1s semanas de curso.<\/p>\n<p>Otros estudiantes: por favor, escr\u00edbanos.<\/p>\n<\/div><\/div><\/div><div class=\"fusion-panel panel-default panel-ca6f75633dc6f88c3 fusion-toggle-has-divider\" style=\"--awb-title-color:#007eff;--awb-content-color:#000000;\"><div class=\"panel-heading\"><h4 class=\"panel-title toggle\" id=\"toggle_ca6f75633dc6f88c3\"><a aria-expanded=\"false\" aria-controls=\"ca6f75633dc6f88c3\" role=\"button\" data-toggle=\"collapse\" data-parent=\"#accordion-1854-2\" data-target=\"#ca6f75633dc6f88c3\" href=\"#ca6f75633dc6f88c3\"><span class=\"fusion-toggle-icon-wrapper\" aria-hidden=\"true\"><i class=\"fa-fusion-box active-icon awb-icon-minus\" aria-hidden=\"true\"><\/i><i class=\"fa-fusion-box inactive-icon awb-icon-plus\" aria-hidden=\"true\"><\/i><\/span><span class=\"fusion-toggle-heading\">Duraci\u00f3n y Fechas<\/span><\/a><\/h4><\/div><div id=\"ca6f75633dc6f88c3\" class=\"panel-collapse collapse \" aria-labelledby=\"toggle_ca6f75633dc6f88c3\"><div class=\"panel-body toggle-content fusion-clearfix\">\n<p>Puede elegir la duraci\u00f3n de su programa de voluntariado, pero tenga en cuenta que organizamos las posiciones basados en un per\u00edodo m\u00ednimo de 4 semanas y un m\u00e1 ximo de 6 meses.<\/p>\n<p>Por favor, tenga presente que el proceso puede llevar hasta 4 semanas antes de que su posici\u00f3n est\u00e9 confirmada. Recomendamos esperar por la confirmaci\u00f3n de su voluntariado antes de organizar su vuelo. Esto es necesario para asegurar que su posici\u00f3n estar\u00e1 disponible en las fechas requeridas.<\/p>\n<p>Las posiciones de voluntariado est\u00e1n disponibles todo el a\u00f1o.<\/p>\n<\/div><\/div><\/div><\/div><\/div><\/div><\/div><\/div><\/div><div class=\"fusion-fullwidth fullwidth-box fusion-builder-row-2 fusion-flex-container has-pattern-background has-mask-background nonhundred-percent-fullwidth non-hundred-percent-height-scrolling\" style=\"--awb-border-radius-top-left:0px;--awb-border-radius-top-right:0px;--awb-border-radius-bottom-right:0px;--awb-border-radius-bottom-left:0px;--awb-flex-wrap:wrap;\" ><div class=\"fusion-builder-row fusion-row fusion-flex-align-items-flex-start fusion-flex-content-wrap\" style=\"max-width:1144px;margin-left: calc(-4% \/ 2 );margin-right: calc(-4% \/ 2 );\"><div class=\"fusion-layout-column fusion_builder_column fusion-builder-column-6 fusion_builder_column_1_1 1_1 fusion-flex-column fusion-flex-align-self-flex-start fusion-column-no-min-height\" style=\"--awb-bg-size:cover;--awb-width-large:100%;--awb-margin-top-large:0px;--awb-spacing-right-large:1.92%;--awb-margin-bottom-large:0px;--awb-spacing-left-large:1.92%;--awb-width-medium:100%;--awb-spacing-right-medium:1.92%;--awb-spacing-left-medium:1.92%;--awb-width-small:100%;--awb-spacing-right-small:1.92%;--awb-spacing-left-small:1.92%;\"><div class=\"fusion-column-wrapper fusion-flex-justify-content-flex-start fusion-content-layout-column\"><div class=\"fusion-reading-box-container reading-box-container-1\" style=\"--awb-title-color:#000000;--awb-margin-top:0px;--awb-margin-bottom:84px;\"><div class=\"reading-box\" style=\"background-color:rgba(255,255,255,0.85);border-width:0px;border-color:#e5e4e4;border-left-width:3px;border-left-color:var(--primary_color);border-style:solid;\"><a class=\"button fusion-button button-default fusion-button-large button-large button-flat fusion-desktop-button fusion-tagline-button continue fusion-desktop-button-margin continue-right\" style=\"-webkit-box-shadow:none;-moz-box-shadow:none;box-shadow:none;border-radius:2px 2px 2px 2px\" href=\"https:\/\/verbum.biz\/enrollment\" target=\"_blank\" rel=\"noopener noreferrer\"><span>Reserva Ahora!<\/span><\/a><h2>Estudiar espa\u00f1ol es m\u00e1s f\u00e1cil en Verbum!<\/h2><div class=\"reading-box-description fusion-reading-box-additional\">Contrat\u00e1 tu curso de espa\u00f1ol en Verbum y empez\u00e1 a disfrutar tu estad\u00eda en Buenos Aires!<\/div><div class=\"fusion-clearfix\"><\/div><a class=\"button fusion-button button-default fusion-button-large button-large button-flat fusion-mobile-button continue-right\" style=\"-webkit-box-shadow:none;-moz-box-shadow:none;box-shadow:none;border-radius:2px 2px 2px 2px\" href=\"https:\/\/verbum.biz\/enrollment\" target=\"_blank\" rel=\"noopener noreferrer\"><span>Reserva Ahora!<\/span><\/a><\/div><\/div><\/div><\/div><\/div><\/div><\/p>\n","protected":false},"excerpt":{"rendered":"","protected":false},"author":1,"featured_media":0,"parent":0,"menu_order":0,"comment_status":"open","ping_status":"closed","template":"","meta":{"footnotes":""},"class_list":["post-1854","page","type-page","status-publish","hentry"],"_links":{"self":[{"href":"https:\/\/verbum.biz\/es\/wp-json\/wp\/v2\/pages\/1854","targetHints":{"allow":["GET"]}}],"collection":[{"href":"https:\/\/verbum.biz\/es\/wp-json\/wp\/v2\/pages"}],"about":[{"href":"https:\/\/verbum.biz\/es\/wp-json\/wp\/v2\/types\/page"}],"author":[{"embeddable":true,"href":"https:\/\/verbum.biz\/es\/wp-json\/wp\/v2\/users\/1"}],"replies":[{"embeddable":true,"href":"https:\/\/verbum.biz\/es\/wp-json\/wp\/v2\/comments?post=1854"}],"version-history":[{"count":2,"href":"https:\/\/verbum.biz\/es\/wp-json\/wp\/v2\/pages\/1854\/revisions"}],"predecessor-version":[{"id":6183,"href":"https:\/\/verbum.biz\/es\/wp-json\/wp\/v2\/pages\/1854\/revisions\/6183"}],"wp:attachment":[{"href":"https:\/\/verbum.biz\/es\/wp-json\/wp\/v2\/media?parent=1854"}],"curies":[{"name":"wp","href":"https:\/\/api.w.org\/{rel}","templated":true}]}}