{"id":766,"date":"2014-10-13T20:29:41","date_gmt":"2014-10-13T20:29:41","guid":{"rendered":"http:\/\/verbum.biz\/?page_id=766"},"modified":"2024-09-22T22:45:14","modified_gmt":"2024-09-23T01:45:14","slug":"spanskskole-i-buenos-aires-argentina","status":"publish","type":"page","link":"https:\/\/verbum.biz\/no\/","title":{"rendered":"Spanskskole i Buenos Aires, Argentina"},"content":{"rendered":"<p><div class=\"fusion-fullwidth fullwidth-box fusion-builder-row-1 nonhundred-percent-fullwidth non-hundred-percent-height-scrolling\" style=\"--awb-border-radius-top-left:0px;--awb-border-radius-top-right:0px;--awb-border-radius-bottom-right:0px;--awb-border-radius-bottom-left:0px;--awb-flex-wrap:wrap;\" ><div class=\"fusion-builder-row fusion-row\"><div class=\"fusion-layout-column fusion_builder_column fusion-builder-column-0 fusion_builder_column_1_1 1_1 fusion-one-full fusion-column-first fusion-column-last\" style=\"--awb-bg-size:cover;--awb-margin-bottom:0px;\"><div class=\"fusion-column-wrapper fusion-flex-column-wrapper-legacy\"><div class=\"fusion-text fusion-text-1\"><p>Verbum School of Spanish kan tilby en rekke spanskkurs p\u00e5 flere niv\u00e5er, alt fra spansk for nybegynnere til spansk for viderekommende. Verbum kan ogs\u00e5 tilby et vidt spekter av muligheter for kulturell- og spr\u00e5klig fordypning i Buenos Aires og ellers i Argentina. Vi \u00f8nsker \u00e5 tilfredsstille enhver students behov ved \u00e5 gi en helhetlig og meningsfull l\u00e6ringsopplevelse i et faglig st\u00f8ttende- og hyggelig milj\u00f8.<\/p>\n<p>Vi kan tilby:<\/p>\n<\/div><div class=\"fusion-clearfix\"><\/div><\/div><\/div><\/div><\/div><div class=\"fusion-fullwidth fullwidth-box fusion-builder-row-2 hundred-percent-fullwidth non-hundred-percent-height-scrolling\" style=\"--awb-border-radius-top-left:0px;--awb-border-radius-top-right:0px;--awb-border-radius-bottom-right:0px;--awb-border-radius-bottom-left:0px;--awb-overflow:visible;--awb-flex-wrap:wrap;\" ><div class=\"fusion-builder-row fusion-row\"><div class=\"fusion-layout-column fusion_builder_column fusion-builder-column-1 fusion_builder_column_1_1 1_1 fusion-one-full fusion-column-first fusion-column-last fusion-column-no-min-height\" style=\"--awb-bg-size:cover;--awb-margin-bottom:0px;\"><div class=\"fusion-column-wrapper fusion-flex-column-wrapper-legacy\"><ul style=\"--awb-line-height:23.8px;--awb-icon-width:23.8px;--awb-icon-height:23.8px;--awb-icon-margin:9.8px;--awb-content-margin:33.6px;--awb-circlecolor:#a0ce4e;--awb-circle-yes-font-size:12.32px;\" class=\"fusion-checklist fusion-checklist-1 fusion-checklist-default type-icons\">\n\n<li class=\"fusion-li-item\" style=\"\"><span class=\"icon-wrapper circle-yes\"><i class=\"fusion-li-icon fa fa-check\" aria-hidden=\"true\"><\/i><\/span><div class=\"fusion-li-item-content\">Spansk spr\u00e5kkurs: Generell spansk, spansk med spesialfelt (medisinsk spansk, forretning\/business spansk, akademisk spansk, argentinsk historie og litteratur, osv) samt forberedelser for internasjonale eksamener (DELE, CELU, DIE)<\/div><\/li>\n<li class=\"fusion-li-item\" style=\"\"><span class=\"icon-wrapper circle-yes\"><i class=\"fusion-li-icon fa fa-check\" aria-hidden=\"true\"><\/i><\/span><div class=\"fusion-li-item-content\">Muligheter for frivillighetsarbeid<\/div><\/li>\n<li class=\"fusion-li-item\" style=\"\"><span class=\"icon-wrapper circle-yes\"><i class=\"fusion-li-icon fa fa-check\" aria-hidden=\"true\"><\/i><\/span><div class=\"fusion-li-item-content\">Sosiale og kulturelle aktiviteter<\/div><\/li>\n<li class=\"fusion-li-item\" style=\"\"><span class=\"icon-wrapper circle-yes\"><i class=\"fusion-li-icon fa fa-check\" aria-hidden=\"true\"><\/i><\/span><div class=\"fusion-li-item-content\">Praktikantstillinger\/internships<\/div><\/li>\n<li class=\"fusion-li-item\" style=\"\"><span class=\"icon-wrapper circle-yes\"><i class=\"fusion-li-icon fa fa-check\" aria-hidden=\"true\"><\/i><\/span><div class=\"fusion-li-item-content\">Turisme<\/div><\/li>\n<li class=\"fusion-li-item\" style=\"\"><span class=\"icon-wrapper circle-yes\"><i class=\"fusion-li-icon fa fa-check\" aria-hidden=\"true\"><\/i><\/span><div class=\"fusion-li-item-content\">Overnattings- og botilbud i Buenos Aires<\/div><\/li>\n<li class=\"fusion-li-item\" style=\"\"><span class=\"icon-wrapper circle-yes\"><i class=\"fusion-li-icon fa fa-check\" aria-hidden=\"true\"><\/i><\/span><div class=\"fusion-li-item-content\">Transport til og fra flyplassen.<\/div><\/li>\n\n<p>Verbum School of Spanish ligger sentralt i bydelen Almargo i Buenos Aires, i n\u00e6rheten av Palermo Soho. For n\u00e6rmere beskrivelse, <a href=\"https:\/\/verbum.biz\/spanish-school\/location.html\"><span style=\"color: #000099;\">klikk her<\/span><\/a>.<\/p>\n<\/ul><div class=\"fusion-clearfix\"><\/div><\/div><\/div><div class=\"fusion-layout-column fusion_builder_column fusion-builder-column-2 fusion_builder_column_1_1 1_1 fusion-one-full fusion-column-first fusion-column-last fusion-column-no-min-height\" style=\"--awb-bg-size:cover;--awb-margin-bottom:0px;\"><div class=\"fusion-column-wrapper fusion-flex-column-wrapper-legacy\"><div class=\"fusion-text fusion-text-2\"><div class=\"fusion-tabs fusion-tabs-1 classic nav-is-justified horizontal-tabs icon-position-left mobile-mode-accordion\" style=\"--awb-title-border-radius-top-left:0px;--awb-title-border-radius-top-right:0px;--awb-title-border-radius-bottom-right:0px;--awb-title-border-radius-bottom-left:0px;--awb-inactive-color:#ebeaea;--awb-background-color:#ffffff;--awb-border-color:#ebeaea;--awb-active-border-color:#67b7e1;\"><div class=\"nav\"><ul class=\"nav-tabs nav-justified\" role=\"tablist\"><li class=\"active\" role=\"presentation\"><a class=\"tab-link\" data-toggle=\"tab\" role=\"tab\" aria-controls=\"tab-8dd19d4d52e3ce251f3\" aria-selected=\"true\" id=\"fusion-tab-v\u00e5respanskkurs\" href=\"#tab-8dd19d4d52e3ce251f3\"><h4 class=\"fusion-tab-heading\">V\u00e5re spanskkurs<\/h4><\/a><\/li><li role=\"presentation\"><a class=\"tab-link\" data-toggle=\"tab\" role=\"tab\" aria-controls=\"tab-f9c64483fc64438c6ae\" aria-selected=\"false\" tabindex=\"-1\" id=\"fusion-tab-alternativebomuligheter\" href=\"#tab-f9c64483fc64438c6ae\"><h4 class=\"fusion-tab-heading\">Alternative bomuligheter<\/h4><\/a><\/li><li role=\"presentation\"><a class=\"tab-link\" data-toggle=\"tab\" role=\"tab\" aria-controls=\"tab-549d19eb34af7b25beb\" aria-selected=\"false\" tabindex=\"-1\" id=\"fusion-tab-muligheterforfrivillighetsarbeid\" href=\"#tab-549d19eb34af7b25beb\"><h4 class=\"fusion-tab-heading\">Muligheter for frivillighetsarbeid<\/h4><\/a><\/li><li role=\"presentation\"><a class=\"tab-link\" data-toggle=\"tab\" role=\"tab\" aria-controls=\"tab-e5402089f2145cafb6a\" aria-selected=\"false\" tabindex=\"-1\" id=\"fusion-tab-transporttil-ogfraflyplassen\" href=\"#tab-e5402089f2145cafb6a\"><h4 class=\"fusion-tab-heading\">Transport til- og fra flyplassen<\/h4><\/a><\/li><li role=\"presentation\"><a class=\"tab-link\" data-toggle=\"tab\" role=\"tab\" aria-controls=\"tab-869096a812d9ef52dab\" aria-selected=\"false\" tabindex=\"-1\" id=\"fusion-tab-sosiale-ogkulturelleaktiviteter\" href=\"#tab-869096a812d9ef52dab\"><h4 class=\"fusion-tab-heading\">Sosiale- og kulturelle aktiviteter<\/h4><\/a><\/li><li role=\"presentation\"><a class=\"tab-link\" data-toggle=\"tab\" role=\"tab\" aria-controls=\"tab-6129c03730013a89825\" aria-selected=\"false\" tabindex=\"-1\" id=\"fusion-tab-internships\" href=\"#tab-6129c03730013a89825\"><h4 class=\"fusion-tab-heading\">Internships<\/h4><\/a><\/li><li role=\"presentation\"><a class=\"tab-link\" data-toggle=\"tab\" role=\"tab\" aria-controls=\"tab-7d21e8bfb32706bc493\" aria-selected=\"false\" tabindex=\"-1\" id=\"fusion-tab-turisme\" href=\"#tab-7d21e8bfb32706bc493\"><h4 class=\"fusion-tab-heading\">Turisme<\/h4><\/a><\/li><\/ul><\/div><div class=\"tab-content\"><div class=\"nav fusion-mobile-tab-nav\"><ul class=\"nav-tabs nav-justified\" role=\"tablist\"><li class=\"active\" role=\"presentation\"><a class=\"tab-link\" data-toggle=\"tab\" role=\"tab\" aria-controls=\"tab-8dd19d4d52e3ce251f3\" aria-selected=\"true\" id=\"mobile-fusion-tab-v\u00e5respanskkurs\" href=\"#tab-8dd19d4d52e3ce251f3\"><h4 class=\"fusion-tab-heading\">V\u00e5re spanskkurs<\/h4><\/a><\/li><\/ul><\/div><div class=\"tab-pane fade fusion-clearfix in active\" role=\"tabpanel\" tabindex=\"0\" aria-labelledby=\"fusion-tab-v\u00e5respanskkurs\" id=\"tab-8dd19d4d52e3ce251f3\"> V\u00e5re kurs er organisert i 6 forskjellige niv\u00e5er, i henhold til the European framework of reference for languages. Verbum er medlem av SEA (Spr\u00e5kskole-forening som kvalitetssikrer kursene), D.I.E. (international diploma of Spanish, Universitetet i Salamanca) og er godkjent av det argentinske turistdepartement.<br \/>\nV\u00e5re l\u00e6rere innehar universitetsgrader, videreutdannelse i spansk som fremmedspr\u00e5k, og har mange \u00e5rs erfaring med \u00e5 undervise i spansk. V\u00e5re kurs er tilpasset behovene for enhver student, og vi tilbyr maksimal fleksibilitet med hensyn til kurs og eventuelle \u00f8nskede fokus\/satsingsomr\u00e5der. Kursene avholdes i mindre grupper eller individuelt, avhengig av hver enkelt students \u00f8nske\/behov. I tillegg er alle v\u00e5re kurs tilrettelagt for teoretiske og praktiske \u00f8velser i klasserommene.<\/p>\n<p>Vi tilbyr f\u00f8lgende spanskkurs:<\/p>\n<ul>\n<ul>\n<ul>\n<li>Ordin\u00e6rt spanskkurs: 10 timer per uke, gruppe. Pris: US $ 120 per uke.<\/li>\n<li>Intensivkurs: 20 timer per uke, gruppe. Pris: US $195 per uke.<\/li>\n<li>Super intensivkurs: 20 timer per uke i gruppe og 10 timer per uke med individuell undervisning. Pris: US $345 per uke.<\/li>\n<li>Individuell spanskundervisning: US $22 per time<\/li>\n<li>Spanskkurs i gruppe med 2 personer: US $14 per time per person<\/li>\n<\/ul>\n<\/ul>\n<\/ul>\n<p>Vi tilbyr f\u00f8lgende spesialkurs i spansk rettet mot:<\/p>\n<ul>\n<ul>\n<ul>\n<li>Forretnings- businessspansk<\/li>\n<li>Medisinsk spansk<\/li>\n<li>Spansk med jus-tema<\/li>\n<li>Konversasjonsspansk<\/li>\n<li>Tematisk spansk workshop<\/li>\n<li>Spansk for utvekslingsstudenter<\/li>\n<li>Spansk for turister<\/li>\n<li>Spansk for reiselivsansatte<\/li>\n<li>Spansk filosofi<\/li>\n<\/ul>\n<\/ul>\n<\/ul>\n<p>Disse kursene koster US $22 per time (individuelle kurs)<\/p>\n<p>Vi kan ogs\u00e5 tilby <strong>forberedende kurs for internasjonale spanske spr\u00e5keksamener <\/strong>som SIELE, DELE, CELU, DIE, og lignende. Disse kursene avholdes individuelt (US $22 per time) eller i kurs i gruppe p\u00e5 2 personer (US $14 per time).<\/p>\n<p>Det er ingen registreringsavgift p\u00e5 v\u00e5re kurs.<br \/>\nV\u00e5re priser inkluderer en forberedende test, sertifikat\/diplom, studiemateriale, to gratis sosiale- og kulturelle aktiviteter per uke samt gratis kaffe\/te\/kjeks p\u00e5 skolen.<\/p>\n<p><\/div><div class=\"nav fusion-mobile-tab-nav\"><ul class=\"nav-tabs nav-justified\" role=\"tablist\"><li role=\"presentation\"><a class=\"tab-link\" data-toggle=\"tab\" role=\"tab\" aria-controls=\"tab-f9c64483fc64438c6ae\" aria-selected=\"false\" tabindex=\"-1\" id=\"mobile-fusion-tab-alternativebomuligheter\" href=\"#tab-f9c64483fc64438c6ae\"><h4 class=\"fusion-tab-heading\">Alternative bomuligheter<\/h4><\/a><\/li><\/ul><\/div><div class=\"tab-pane fade fusion-clearfix\" role=\"tabpanel\" tabindex=\"0\" aria-labelledby=\"fusion-tab-v\u00e5respanskkurs\" id=\"tab-f9c64483fc64438c6ae\"><\/p>\n<p>Innkvartering hos familie: Vi tilbyr et eget rom hos en vertsfamilie. Pris: US $595 per mnd (US $160 per uke): Det \u00e5 bo hos en argentinsk familie gir deg en ypperlig mulighet til \u00e5 praktisere spansk i et trygt milj\u00f8. Mulighet for dobbeltrom for 2 personer ved behov.<\/p>\n<ul>\n<ul>\n<ul>\n<li>Delt leilighet: Vi tilbyr et privat rom i en leilighet delt med andre internasjonale studenter. Pris: US $595 per mnd. (US $160 per uke). Mulighet for dobbeltrom for 2 personer ved behov.<\/li>\n<li>Studenthybel: Du vil bo med andre argentinske studenter. Delt rom fra US $100 per uke.<\/li>\n<li>Hostel (vandrerhjem): Vi kan anbefale et hostel i n\u00e6rheten av skolen. Kontakt oss for n\u00e6rmere informasjon.<\/li>\n<li>Privat leilighet: 1- eller 2-roms leiligheter. Kontakt oss for n\u00e6rmere informasjon.<\/li>\n<\/ul>\n<\/ul>\n<\/ul>\n<p>&nbsp;<\/p>\n<p><\/div><div class=\"nav fusion-mobile-tab-nav\"><ul class=\"nav-tabs nav-justified\" role=\"tablist\"><li role=\"presentation\"><a class=\"tab-link\" data-toggle=\"tab\" role=\"tab\" aria-controls=\"tab-549d19eb34af7b25beb\" aria-selected=\"false\" tabindex=\"-1\" id=\"mobile-fusion-tab-muligheterforfrivillighetsarbeid\" href=\"#tab-549d19eb34af7b25beb\"><h4 class=\"fusion-tab-heading\">Muligheter for frivillighetsarbeid<\/h4><\/a><\/li><\/ul><\/div><div class=\"tab-pane fade fusion-clearfix\" role=\"tabpanel\" tabindex=\"0\" aria-labelledby=\"fusion-tab-v\u00e5respanskkurs\" id=\"tab-549d19eb34af7b25beb\">Vi kan tilby frivillighetsarbeid, dvs. gratis arbeidsinnsats i forskjellige omr\u00e5der som for eksempel organisere lek for barn, undervise i engelsk, hjelpe til med administrative oppgaver og lignende.<\/p>\n<p>Minimum varighet ved frivillighetsarbeid: 1 mnd.<\/p>\n<p><\/div><div class=\"nav fusion-mobile-tab-nav\"><ul class=\"nav-tabs nav-justified\" role=\"tablist\"><li role=\"presentation\"><a class=\"tab-link\" data-toggle=\"tab\" role=\"tab\" aria-controls=\"tab-e5402089f2145cafb6a\" aria-selected=\"false\" tabindex=\"-1\" id=\"mobile-fusion-tab-transporttil-ogfraflyplassen\" href=\"#tab-e5402089f2145cafb6a\"><h4 class=\"fusion-tab-heading\">Transport til- og fra flyplassen<\/h4><\/a><\/li><\/ul><\/div><div class=\"tab-pane fade fusion-clearfix\" role=\"tabpanel\" tabindex=\"0\" aria-labelledby=\"fusion-tab-v\u00e5respanskkurs\" id=\"tab-e5402089f2145cafb6a\">Vi kan tilby transport mellom flyplassen og ditt bosted i Buenos Aires. Pris: US $45 hver veg.<\/p>\n<p><\/div><div class=\"nav fusion-mobile-tab-nav\"><ul class=\"nav-tabs nav-justified\" role=\"tablist\"><li role=\"presentation\"><a class=\"tab-link\" data-toggle=\"tab\" role=\"tab\" aria-controls=\"tab-869096a812d9ef52dab\" aria-selected=\"false\" tabindex=\"-1\" id=\"mobile-fusion-tab-sosiale-ogkulturelleaktiviteter\" href=\"#tab-869096a812d9ef52dab\"><h4 class=\"fusion-tab-heading\">Sosiale- og kulturelle aktiviteter<\/h4><\/a><\/li><\/ul><\/div><div class=\"tab-pane fade fusion-clearfix\" role=\"tabpanel\" tabindex=\"0\" aria-labelledby=\"fusion-tab-v\u00e5respanskkurs\" id=\"tab-869096a812d9ef52dab\"> Vi tilbyr v\u00e5re studenter to gratis aktiviteter per uke. Dette kan for eksempel v\u00e6re: Salsatimer, konversasjonstimer, argentinsk film, utflukt til bydeler med en l\u00e6rer og lignende.<\/p>\n<p>Vi tilbyr ogs\u00e5 f\u00f8lgende ekstra aktiviteter:<\/p>\n<ul>\n<ul>\n<ul>\n<li>Salsatimer: US $15 per time<\/li>\n<li>Tangotimer: Vi tilbyr en \u201dtango-pakke\u201d som inkluderer 2 individuelle timer og en 4 timers gruppeundervisning per uke. Pris: US $140 per uke.For \u00e5 l\u00e6re \u00e5 danse nok tango for \u00e5 g\u00e5 p\u00e5 en \u201dmilonga\u201d (tradisjonelt sted hvor det danses tango), vil de fleste trenge et to ukers kurs.<\/li>\n<\/ul>\n<ul>\n<li>Utflukt i Buenos Aires for \u00e5 l\u00e6re samt snakke spansk. Turene er individuelle (US $22 per time) eller i grupper (US $14 per time per person).<\/li>\n<li>Dagstur til en \u201destancia\u201d (argentinsk ranch): Vi kan tilby forskjellige muligheter. Kontakt oss for n\u00e6rmere informasjon.<\/li>\n<li>Tango show: Vi kan tilby en rekke show\/forestillinger. Kontakt oss for n\u00e6rmere informasjon.<\/li>\n<\/ul>\n<\/ul>\n<\/ul>\n<p><\/div><div class=\"nav fusion-mobile-tab-nav\"><ul class=\"nav-tabs nav-justified\" role=\"tablist\"><li role=\"presentation\"><a class=\"tab-link\" data-toggle=\"tab\" role=\"tab\" aria-controls=\"tab-6129c03730013a89825\" aria-selected=\"false\" tabindex=\"-1\" id=\"mobile-fusion-tab-internships\" href=\"#tab-6129c03730013a89825\"><h4 class=\"fusion-tab-heading\">Internships<\/h4><\/a><\/li><\/ul><\/div><div class=\"tab-pane fade fusion-clearfix\" role=\"tabpanel\" tabindex=\"0\" aria-labelledby=\"fusion-tab-v\u00e5respanskkurs\" id=\"tab-6129c03730013a89825\">Vi tilbyr en rekke internships-program i Buenos Aires. M\u00e5let med internships\/praksisplasser er \u00e5 gi v\u00e5re studenter en profesjonell erfaring i sine fagomr\u00e5der eller yrker. Minimums varighet: 1 mnd. Pris: Kontakt oss for n\u00e6rmere informasjon.<\/p>\n<p><\/div><div class=\"nav fusion-mobile-tab-nav\"><ul class=\"nav-tabs nav-justified\" role=\"tablist\"><li role=\"presentation\"><a class=\"tab-link\" data-toggle=\"tab\" role=\"tab\" aria-controls=\"tab-7d21e8bfb32706bc493\" aria-selected=\"false\" tabindex=\"-1\" id=\"mobile-fusion-tab-turisme\" href=\"#tab-7d21e8bfb32706bc493\"><h4 class=\"fusion-tab-heading\">Turisme<\/h4><\/a><\/li><\/ul><\/div><div class=\"tab-pane fade fusion-clearfix\" role=\"tabpanel\" tabindex=\"0\" aria-labelledby=\"fusion-tab-v\u00e5respanskkurs\" id=\"tab-7d21e8bfb32706bc493\">Vi kan v\u00e6re behjelpelig med \u00e5 organisere turer rundt omkring i Argentina og ellers i S\u00f8r-Amerika. Vi kan ogs\u00e5 v\u00e6re behjelpelig med \u00e5 gi tips samt anbefalinger om severdigheter og steder det kan v\u00e6re verdt \u00e5 bes\u00f8ke under oppholdet.<\/p>\n<p><\/div><\/div><\/div>\n<\/div><div class=\"fusion-clearfix\"><\/div><\/div><\/div><\/div><\/div><\/p>\n","protected":false},"excerpt":{"rendered":"","protected":false},"author":1,"featured_media":0,"parent":0,"menu_order":0,"comment_status":"open","ping_status":"closed","template":"","meta":{"footnotes":""},"class_list":["post-766","page","type-page","status-publish","hentry"],"_links":{"self":[{"href":"https:\/\/verbum.biz\/no\/wp-json\/wp\/v2\/pages\/766","targetHints":{"allow":["GET"]}}],"collection":[{"href":"https:\/\/verbum.biz\/no\/wp-json\/wp\/v2\/pages"}],"about":[{"href":"https:\/\/verbum.biz\/no\/wp-json\/wp\/v2\/types\/page"}],"author":[{"embeddable":true,"href":"https:\/\/verbum.biz\/no\/wp-json\/wp\/v2\/users\/1"}],"replies":[{"embeddable":true,"href":"https:\/\/verbum.biz\/no\/wp-json\/wp\/v2\/comments?post=766"}],"version-history":[{"count":10,"href":"https:\/\/verbum.biz\/no\/wp-json\/wp\/v2\/pages\/766\/revisions"}],"predecessor-version":[{"id":6328,"href":"https:\/\/verbum.biz\/no\/wp-json\/wp\/v2\/pages\/766\/revisions\/6328"}],"wp:attachment":[{"href":"https:\/\/verbum.biz\/no\/wp-json\/wp\/v2\/media?parent=766"}],"curies":[{"name":"wp","href":"https:\/\/api.w.org\/{rel}","templated":true}]}}