{"id":3921,"date":"2014-12-26T21:49:11","date_gmt":"2014-12-26T21:49:11","guid":{"rendered":"https:\/\/verbum.biz\/aulas-espanhol-online\/"},"modified":"2025-06-17T13:58:39","modified_gmt":"2025-06-17T16:58:39","slug":"aulas-espanhol-online","status":"publish","type":"page","link":"https:\/\/verbum.biz\/pt-br\/aulas-espanhol-online\/","title":{"rendered":"Aulas de Espanhol Online"},"content":{"rendered":"<div class=\"fusion-fullwidth fullwidth-box fusion-builder-row-1 hundred-percent-fullwidth non-hundred-percent-height-scrolling\" style=\"--awb-border-radius-top-left:0px;--awb-border-radius-top-right:0px;--awb-border-radius-bottom-right:0px;--awb-border-radius-bottom-left:0px;--awb-overflow:visible;--awb-flex-wrap:wrap;\" ><div class=\"fusion-builder-row fusion-row\"><div class=\"fusion-layout-column fusion_builder_column fusion-builder-column-0 fusion_builder_column_1_2 1_2 fusion-one-half fusion-column-first\" style=\"--awb-bg-size:cover;width:50%;width:calc(50% - ( ( 4% ) * 0.5 ) );margin-right: 4%;\"><div class=\"fusion-column-wrapper fusion-column-has-shadow fusion-flex-column-wrapper-legacy\"><div class=\"fusion-image-element in-legacy-container\" style=\"--awb-caption-title-font-family:var(--h2_typography-font-family);--awb-caption-title-font-weight:var(--h2_typography-font-weight);--awb-caption-title-font-style:var(--h2_typography-font-style);--awb-caption-title-size:var(--h2_typography-font-size);--awb-caption-title-transform:var(--h2_typography-text-transform);--awb-caption-title-line-height:var(--h2_typography-line-height);--awb-caption-title-letter-spacing:var(--h2_typography-letter-spacing);\"><span class=\" fusion-imageframe imageframe-none imageframe-1 hover-type-none\"><img decoding=\"async\" width=\"300\" height=\"150\" alt=\"Online Spanish Lessons\" title=\"spanish-school-buenos-aires-classes-online-lessons\" src=\"https:\/\/verbum.biz\/wp-content\/uploads\/spanish-school-buenos-aires-classes-online-lessons-300x150.png\" class=\"img-responsive wp-image-1459\" srcset=\"https:\/\/verbum.biz\/wp-content\/uploads\/spanish-school-buenos-aires-classes-online-lessons-200x100.png 200w, https:\/\/verbum.biz\/wp-content\/uploads\/spanish-school-buenos-aires-classes-online-lessons-400x200.png 400w, https:\/\/verbum.biz\/wp-content\/uploads\/spanish-school-buenos-aires-classes-online-lessons-600x300.png 600w, https:\/\/verbum.biz\/wp-content\/uploads\/spanish-school-buenos-aires-classes-online-lessons-800x400.png 800w, https:\/\/verbum.biz\/wp-content\/uploads\/spanish-school-buenos-aires-classes-online-lessons.png 1000w\" sizes=\"(max-width: 800px) 100vw, 300px\" \/><\/span><\/div><div class=\"fusion-clearfix\"><\/div><\/div><\/div><div class=\"fusion-layout-column fusion_builder_column fusion-builder-column-1 fusion_builder_column_1_2 1_2 fusion-one-half fusion-column-last\" style=\"--awb-bg-size:cover;width:50%;width:calc(50% - ( ( 4% ) * 0.5 ) );\"><div class=\"fusion-column-wrapper fusion-column-has-shadow fusion-flex-column-wrapper-legacy\"><div class=\"fusion-text fusion-text-1\"><p>Nosso objetivo s\u00e3o aqueles que, por qualquer motivo, n\u00e3o podem assistir a uma aula tradicional. Entre as muitas vantagens de nosso servi\u00e7o, o mais importante \u00e9, sem d\u00favida, a oportunidade de falar com um falante nativo da l\u00edngua espanhola em tempo real, e totalmente privado.<\/p>\n<p>A quantidade e frequ\u00eancia de classes s\u00e3o determinados exclusivamente pelo aluno.<br \/>\nCada aluno ser\u00e1 fornecido com todos os materiais necess\u00e1rios e t\u00eam a oportunidade de entrar em contato com seu professor de 24 horas, por e-mail e mensagens instant\u00e2neas.<\/p>\n<p>As aulas s\u00e3o totalmente multim\u00eddia, com especial \u00eanfase na conversa\u00e7\u00e3o e flu\u00eancia, ajudando os alunos a compreender a linguagem, escrita e falada.<\/p>\n<p>Pre\u00e7o: US $ 27 \/ hora.<\/p>\n<\/div><div class=\"fusion-clearfix\"><\/div><\/div><\/div><\/div><\/div>\n","protected":false},"excerpt":{"rendered":"","protected":false},"author":1,"featured_media":0,"parent":0,"menu_order":0,"comment_status":"open","ping_status":"open","template":"","meta":{"footnotes":""},"class_list":["post-3921","page","type-page","status-publish","hentry"],"_links":{"self":[{"href":"https:\/\/verbum.biz\/pt-br\/wp-json\/wp\/v2\/pages\/3921","targetHints":{"allow":["GET"]}}],"collection":[{"href":"https:\/\/verbum.biz\/pt-br\/wp-json\/wp\/v2\/pages"}],"about":[{"href":"https:\/\/verbum.biz\/pt-br\/wp-json\/wp\/v2\/types\/page"}],"author":[{"embeddable":true,"href":"https:\/\/verbum.biz\/pt-br\/wp-json\/wp\/v2\/users\/1"}],"replies":[{"embeddable":true,"href":"https:\/\/verbum.biz\/pt-br\/wp-json\/wp\/v2\/comments?post=3921"}],"version-history":[{"count":5,"href":"https:\/\/verbum.biz\/pt-br\/wp-json\/wp\/v2\/pages\/3921\/revisions"}],"predecessor-version":[{"id":6502,"href":"https:\/\/verbum.biz\/pt-br\/wp-json\/wp\/v2\/pages\/3921\/revisions\/6502"}],"wp:attachment":[{"href":"https:\/\/verbum.biz\/pt-br\/wp-json\/wp\/v2\/media?parent=3921"}],"curies":[{"name":"wp","href":"https:\/\/api.w.org\/{rel}","templated":true}]}}