{"id":3926,"date":"2014-08-22T22:02:39","date_gmt":"2014-08-22T22:02:39","guid":{"rendered":"https:\/\/verbum.biz\/buenos-aires-argentina\/outros-servicos\/"},"modified":"2020-04-20T01:52:07","modified_gmt":"2020-04-20T04:52:07","slug":"outros-servicos","status":"publish","type":"page","link":"https:\/\/verbum.biz\/pt-br\/buenos-aires-argentina\/outros-servicos\/","title":{"rendered":"Outros Servi\u00e7os"},"content":{"rendered":"<p><div class=\"fusion-fullwidth fullwidth-box fusion-builder-row-1 nonhundred-percent-fullwidth non-hundred-percent-height-scrolling\" style=\"--awb-border-radius-top-left:0px;--awb-border-radius-top-right:0px;--awb-border-radius-bottom-right:0px;--awb-border-radius-bottom-left:0px;--awb-flex-wrap:wrap;\" ><div class=\"fusion-builder-row fusion-row\"><div class=\"fusion-layout-column fusion_builder_column fusion-builder-column-0 fusion_builder_column_1_1 1_1 fusion-one-full fusion-column-first fusion-column-last\" style=\"--awb-bg-size:cover;--awb-margin-bottom:0px;\"><div class=\"fusion-column-wrapper fusion-flex-column-wrapper-legacy\"><div class=\"fusion-text fusion-text-1\"><\/div><div class=\"fusion-clearfix\"><\/div><\/div><\/div><\/div><\/div><div class=\"fusion-fullwidth fullwidth-box fusion-builder-row-2 nonhundred-percent-fullwidth non-hundred-percent-height-scrolling\" style=\"--awb-border-radius-top-left:0px;--awb-border-radius-top-right:0px;--awb-border-radius-bottom-right:0px;--awb-border-radius-bottom-left:0px;--awb-flex-wrap:wrap;\" ><div class=\"fusion-builder-row fusion-row\"><div class=\"fusion-layout-column fusion_builder_column fusion-builder-column-1 fusion_builder_column_1_1 1_1 fusion-one-full fusion-column-first fusion-column-last\" style=\"--awb-bg-size:cover;\"><div class=\"fusion-column-wrapper fusion-column-has-shadow fusion-flex-column-wrapper-legacy\"><div class=\"fusion-tabs fusion-tabs-1 classic nav-is-justified horizontal-tabs icon-position-left mobile-mode-accordion\" style=\"--awb-title-border-radius-top-left:0px;--awb-title-border-radius-top-right:0px;--awb-title-border-radius-bottom-right:0px;--awb-title-border-radius-bottom-left:0px;--awb-inactive-color:#ebeaea;--awb-background-color:#ffffff;--awb-border-color:#ebeaea;--awb-active-border-color:#67b7e1;\"><div class=\"nav\"><ul class=\"nav-tabs nav-justified\" role=\"tablist\"><li class=\"active\" role=\"presentation\"><a class=\"tab-link\" data-toggle=\"tab\" role=\"tab\" aria-controls=\"tab-b237da65b7fb8a2ad5e\" aria-selected=\"true\" id=\"fusion-tab-diadetourprivado\" href=\"#tab-b237da65b7fb8a2ad5e\"><h4 class=\"fusion-tab-heading\"> Dia de tour privado <\/h4><\/a><\/li><li role=\"presentation\"><a class=\"tab-link\" data-toggle=\"tab\" role=\"tab\" aria-controls=\"tab-3f53423b4f489f2b728\" aria-selected=\"false\" tabindex=\"-1\" id=\"fusion-tab-trasladodoaeroporto\" href=\"#tab-3f53423b4f489f2b728\"><h4 class=\"fusion-tab-heading\">Traslado do aeroporto<\/h4><\/a><\/li><li role=\"presentation\"><a class=\"tab-link\" data-toggle=\"tab\" role=\"tab\" aria-controls=\"tab-0196586992b8a6c2fbe\" aria-selected=\"false\" tabindex=\"-1\" id=\"fusion-tab-aulasdedan\u00e7a\" href=\"#tab-0196586992b8a6c2fbe\"><h4 class=\"fusion-tab-heading\"> Aulas de Dan\u00e7a <\/h4><\/a><\/li><\/ul><\/div><div class=\"tab-content\"><div class=\"nav fusion-mobile-tab-nav\"><ul class=\"nav-tabs nav-justified\" role=\"tablist\"><li class=\"active\" role=\"presentation\"><a class=\"tab-link\" data-toggle=\"tab\" role=\"tab\" aria-controls=\"tab-b237da65b7fb8a2ad5e\" aria-selected=\"true\" id=\"mobile-fusion-tab-diadetourprivado\" href=\"#tab-b237da65b7fb8a2ad5e\"><h4 class=\"fusion-tab-heading\"> Dia de tour privado <\/h4><\/a><\/li><\/ul><\/div><div class=\"tab-pane fade fusion-clearfix in active\" role=\"tabpanel\" tabindex=\"0\" aria-labelledby=\"fusion-tab-diadetourprivado\" id=\"tab-b237da65b7fb8a2ad5e\">\nEstes passeios s\u00e3o:<\/p>\n<ul>\n<li>Guiadas em espanhol por um professor de espanhol como l\u00edngua estrangeira como uma maneira de voc\u00ea praticar e melhorar o seu espanhol. Voc\u00ea pode fazer perguntas \/ falar em Ingl\u00eas quando \u00e9 necess\u00e1rio.<\/li>\n<li>Guiada em Ingl\u00eas \/ Portugu\u00eas para as pessoas que n\u00e3o sabem nada de espanhol ou n\u00e3o sabem o suficiente Espanhol.<\/li>\n<\/ul>\n<p>O dia de tour \u00e9 a maneira mais eficaz para descobrir os destaques e a diversidade de Buenos Aires e seus muitos bairros em apenas meia \/ um dia.<\/p>\n<p>Nossos passeios de um dia oferecer-lhe a oportunidade de explorar Buenos Aires atrav\u00e9s de caminhadas e transporte p\u00fablico para ver a cidade de perto.<br \/>\nComo oferecemos excurs\u00f5es privadas, o itiner\u00e1rio n\u00e3o \u00e9 fixo, mas organizados de acordo com os interesses e prefer\u00eancias da pessoa ou grupo.<\/p>\n<p>Todos os nossos passeios de um dia s\u00e3o personalizado e tamb\u00e9m oferecemos passeios tem\u00e1ticos.<br \/>\nPre\u00e7os:<style type='text\/css'>\n\t\t\t\t.pricing-table-1.fusion-pricing-table .panel-container, .pricing-table-1.fusion-pricing-table .standout .panel-container,\n\t\t\t\t.pricing-table-1.full-boxed-pricing.fusion-pricing-table {background-color:#ffffff;}\n\t\t\t\t.pricing-table-1.fusion-pricing-table .list-group .list-group-item,\n\t\t\t\t.pricing-table-1.fusion-pricing-table .list-group .list-group-item:last-child{background-color:#9eafbf; border-color:#ededed;}\n\t\t\t\t.pricing-table-1.full-boxed-pricing.fusion-pricing-table .panel-wrapper:hover .panel-heading,\n\t\t\t\t.pricing-table-1.fusion-pricing-table .panel-wrapper:hover .list-group-item {background-color:#ffffff;}\n\t\t\t\t.pricing-table-1.full-boxed-pricing.fusion-pricing-table .panel-heading{background-color:#9eafbf;}\n\t\t\t\t.pricing-table-1.fusion-pricing-table .fusion-panel, .pricing-table-1 .panel-wrapper:last-child .fusion-panel,\n\t\t\t\t.pricing-table-1.fusion-pricing-table .standout .fusion-panel, .pricing-table-1.fusion-pricing-table  .panel-heading,\n\t\t\t\t.pricing-table-1.fusion-pricing-table .panel-body, .pricing-table-1.fusion-pricing-table .panel-footer{border-color:#ededed;}\n\t\t\t\t.pricing-table-1.fusion-pricing-table .panel-body, .pricing-table-1.fusion-pricing-table .panel-footer{background-color:#ffffff;}\n\t\t\t\t.pricing-table-1.sep-boxed-pricing.fusion-pricing-table .panel-heading h3{color:#333333;}\n\t\t\t\t.pricing-table-1.full-boxed-pricing.fusion-pricing-table .panel-heading h3{color:#333333;}\n\t\t\t\t.pricing-table-1.fusion-pricing-table .panel-body .price .decimal-part{color:#62a2c4;}\n\t\t\t\t.pricing-table-1.fusion-pricing-table .panel-body .price .integer-part{color:#62a2c4;}\n\t\t\t\t.pricing-table-1.fusion-pricing-table ul.list-group li{color:#000000;}\n\t\t\t\t<\/style><div class=\"fusion-pricing-table pricing-table-1 full-boxed-pricing row fusion-columns-2 columns-2 fusion-clearfix\">\n<div class=\"panel-wrapper fusion-column column col-lg-6 col-md-6 col-sm-6 fusion-pricingtable-column\"><div class=\"panel-container\"><div class=\"fusion-panel\"><div class=\"panel-heading\"><h3 class=\"title-row\">Meio dia<\/h3><\/div><div class=\"panel-body pricing-row\"><\/div><ul class=\"list-group\"><li class=\"list-group-item normal-row\">Meio d\u00eda. Tour privado<\/li><\/ul><div class=\"panel-footer footer-row\">Reserve<\/div><\/div><\/div><\/div>\n<div class=\"panel-wrapper fusion-column column col-lg-6 col-md-6 col-sm-6 fusion-pricingtable-column\"><div class=\"panel-container\"><div class=\"fusion-panel\"><div class=\"panel-heading\"><h3 class=\"title-row\">Dia Inteiro<\/h3><\/div><div class=\"panel-body pricing-row\"><\/div><ul class=\"list-group\"><li class=\"list-group-item normal-row\">Dia inteiro. Tour privado. <\/li><\/ul><div class=\"panel-footer footer-row\">Reserve agora!<\/div><\/div><\/div><\/div>\n<\/div><\/div><div class=\"nav fusion-mobile-tab-nav\"><ul class=\"nav-tabs nav-justified\" role=\"tablist\"><li role=\"presentation\"><a class=\"tab-link\" data-toggle=\"tab\" role=\"tab\" aria-controls=\"tab-3f53423b4f489f2b728\" aria-selected=\"false\" tabindex=\"-1\" id=\"mobile-fusion-tab-trasladodoaeroporto\" href=\"#tab-3f53423b4f489f2b728\"><h4 class=\"fusion-tab-heading\">Traslado do aeroporto<\/h4><\/a><\/li><\/ul><\/div><div class=\"tab-pane fade fusion-clearfix\" role=\"tabpanel\" tabindex=\"0\" aria-labelledby=\"fusion-tab-trasladodoaeroporto\" id=\"tab-3f53423b4f489f2b728\">\n<div class=\"fusion-builder-row fusion-builder-row-inner fusion-row\"><div class=\"fusion-layout-column fusion_builder_column_inner fusion-builder-nested-column-0 fusion_builder_column_inner_1_2 1_2 fusion-one-half fusion-column-first\" style=\"--awb-bg-size:cover;width:50%;width:calc(50% - ( ( 4% ) * 0.5 ) );margin-right: 4%;\"><div class=\"fusion-column-wrapper fusion-flex-column-wrapper-legacy\"><div class=\"fusion-text fusion-text-2\"><p>Entre aeroporto e alojamento: US $ 50 em cada sentido. Jorge, o motorista, vai esperar por voc\u00ea no aeroporto com uma placa com o seu nome, para que voc\u00ea possa reconhec\u00ea-lo.<\/p>\n<\/div><div class=\"fusion-clearfix\"><\/div><\/div><\/div><div class=\"fusion-layout-column fusion_builder_column_inner fusion-builder-nested-column-1 fusion_builder_column_inner_1_2 1_2 fusion-one-half fusion-column-last\" style=\"--awb-bg-size:cover;width:50%;width:calc(50% - ( ( 4% ) * 0.5 ) );\"><div class=\"fusion-column-wrapper fusion-flex-column-wrapper-legacy\"><style type='text\/css'>\n\t\t\t\t.pricing-table-2.fusion-pricing-table .panel-container, .pricing-table-2.fusion-pricing-table .standout .panel-container,\n\t\t\t\t.pricing-table-2.full-boxed-pricing.fusion-pricing-table {background-color:#ffffff;}\n\t\t\t\t.pricing-table-2.fusion-pricing-table .list-group .list-group-item,\n\t\t\t\t.pricing-table-2.fusion-pricing-table .list-group .list-group-item:last-child{background-color:#9eafbf; border-color:#ededed;}\n\t\t\t\t.pricing-table-2.full-boxed-pricing.fusion-pricing-table .panel-wrapper:hover .panel-heading,\n\t\t\t\t.pricing-table-2.fusion-pricing-table .panel-wrapper:hover .list-group-item {background-color:#ffffff;}\n\t\t\t\t.pricing-table-2.full-boxed-pricing.fusion-pricing-table .panel-heading{background-color:#9eafbf;}\n\t\t\t\t.pricing-table-2.fusion-pricing-table .fusion-panel, .pricing-table-2 .panel-wrapper:last-child .fusion-panel,\n\t\t\t\t.pricing-table-2.fusion-pricing-table .standout .fusion-panel, .pricing-table-2.fusion-pricing-table  .panel-heading,\n\t\t\t\t.pricing-table-2.fusion-pricing-table .panel-body, .pricing-table-2.fusion-pricing-table .panel-footer{border-color:#ededed;}\n\t\t\t\t.pricing-table-2.fusion-pricing-table .panel-body, .pricing-table-2.fusion-pricing-table .panel-footer{background-color:#ffffff;}\n\t\t\t\t.pricing-table-2.sep-boxed-pricing.fusion-pricing-table .panel-heading h3{color:#333333;}\n\t\t\t\t.pricing-table-2.full-boxed-pricing.fusion-pricing-table .panel-heading h3{color:#333333;}\n\t\t\t\t.pricing-table-2.fusion-pricing-table .panel-body .price .decimal-part{color:#62a2c4;}\n\t\t\t\t.pricing-table-2.fusion-pricing-table .panel-body .price .integer-part{color:#62a2c4;}\n\t\t\t\t.pricing-table-2.fusion-pricing-table ul.list-group li{color:#000000;}\n\t\t\t\t<\/style><div class=\"fusion-pricing-table pricing-table-2 full-boxed-pricing row fusion-columns-1 columns-1 fusion-clearfix\">\n<div class=\"panel-wrapper fusion-column column col-lg-12 col-md-12 col-sm-12 fusion-pricingtable-column\"><div class=\"panel-container\"><div class=\"fusion-panel\"><div class=\"panel-heading\"><h3 class=\"title-row\">Traslado do Aeroporto<\/h3><\/div><div class=\"panel-body pricing-row\"><div class=\"price \"><span class=\"currency\">US $<\/span><span class=\"integer-part\">50<\/span><span class=\"time price-without-decimal\">each way<\/span><\/div><\/div><ul class=\"list-group\"><li class=\"list-group-item normal-row\">Traslado desde e \u00e1 cidade<\/li><\/ul><div class=\"panel-footer footer-row\">Reserve agora!<\/div><\/div><\/div><\/div>\n<\/div><div class=\"fusion-clearfix\"><\/div><\/div><\/div><\/div>\n<\/div><div class=\"nav fusion-mobile-tab-nav\"><ul class=\"nav-tabs nav-justified\" role=\"tablist\"><li role=\"presentation\"><a class=\"tab-link\" data-toggle=\"tab\" role=\"tab\" aria-controls=\"tab-0196586992b8a6c2fbe\" aria-selected=\"false\" tabindex=\"-1\" id=\"mobile-fusion-tab-aulasdedan\u00e7a\" href=\"#tab-0196586992b8a6c2fbe\"><h4 class=\"fusion-tab-heading\"> Aulas de Dan\u00e7a <\/h4><\/a><\/li><\/ul><\/div><div class=\"tab-pane fade fusion-clearfix\" role=\"tabpanel\" tabindex=\"0\" aria-labelledby=\"fusion-tab-aulasdedan\u00e7a\" id=\"tab-0196586992b8a6c2fbe\">\nAulas particulares ou em grupo de tango, salsa e folclore na escola ou em escolas especializadas em dan\u00e7as.<div class=\"fusion-builder-row fusion-builder-row-inner fusion-row\"><div class=\"fusion-layout-column fusion_builder_column_inner fusion-builder-nested-column-2 fusion_builder_column_inner_1_2 1_2 fusion-one-half fusion-column-first\" style=\"--awb-bg-size:cover;width:50%;width:calc(50% - ( ( 4% ) * 0.5 ) );margin-right: 4%;\"><div class=\"fusion-column-wrapper fusion-flex-column-wrapper-legacy\"><style type='text\/css'>\n\t\t\t\t.pricing-table-3.fusion-pricing-table .panel-container, .pricing-table-3.fusion-pricing-table .standout .panel-container,\n\t\t\t\t.pricing-table-3.full-boxed-pricing.fusion-pricing-table {background-color:#ffffff;}\n\t\t\t\t.pricing-table-3.fusion-pricing-table .list-group .list-group-item,\n\t\t\t\t.pricing-table-3.fusion-pricing-table .list-group .list-group-item:last-child{background-color:#9eafbf; border-color:#ededed;}\n\t\t\t\t.pricing-table-3.full-boxed-pricing.fusion-pricing-table .panel-wrapper:hover .panel-heading,\n\t\t\t\t.pricing-table-3.fusion-pricing-table .panel-wrapper:hover .list-group-item {background-color:#ffffff;}\n\t\t\t\t.pricing-table-3.full-boxed-pricing.fusion-pricing-table .panel-heading{background-color:#9eafbf;}\n\t\t\t\t.pricing-table-3.fusion-pricing-table .fusion-panel, .pricing-table-3 .panel-wrapper:last-child .fusion-panel,\n\t\t\t\t.pricing-table-3.fusion-pricing-table .standout .fusion-panel, .pricing-table-3.fusion-pricing-table  .panel-heading,\n\t\t\t\t.pricing-table-3.fusion-pricing-table .panel-body, .pricing-table-3.fusion-pricing-table .panel-footer{border-color:#ededed;}\n\t\t\t\t.pricing-table-3.fusion-pricing-table .panel-body, .pricing-table-3.fusion-pricing-table .panel-footer{background-color:#ffffff;}\n\t\t\t\t.pricing-table-3.sep-boxed-pricing.fusion-pricing-table .panel-heading h3{color:#333333;}\n\t\t\t\t.pricing-table-3.full-boxed-pricing.fusion-pricing-table .panel-heading h3{color:#333333;}\n\t\t\t\t.pricing-table-3.fusion-pricing-table .panel-body .price .decimal-part{color:#62a2c4;}\n\t\t\t\t.pricing-table-3.fusion-pricing-table .panel-body .price .integer-part{color:#62a2c4;}\n\t\t\t\t.pricing-table-3.fusion-pricing-table ul.list-group li{color:#000000;}\n\t\t\t\t<\/style><div class=\"fusion-pricing-table pricing-table-3 full-boxed-pricing row fusion-columns-1 columns-1 fusion-clearfix\">\n<div class=\"panel-wrapper fusion-column column col-lg-12 col-md-12 col-sm-12 fusion-pricingtable-column\"><div class=\"panel-container\"><div class=\"fusion-panel\"><div class=\"panel-heading\"><h3 class=\"title-row\">Tango Program<\/h3><\/div><div class=\"panel-body pricing-row\"><\/div><ul class=\"list-group\"><li class=\"list-group-item normal-row\">2 aulas em grupo<\/li><li class=\"list-group-item normal-row\">2 hrs cada aula\/total 4 hrs por semana<\/li><li class=\"list-group-item normal-row\">+<\/li><li class=\"list-group-item normal-row\"> 2 aulas privadas. O horario \u00e9 organizado de acordo com as prefer\u00eancias dos estudantes.<\/li><li class=\"list-group-item normal-row\">1 hr cada aula\/total 2 horas por semana<\/li><\/ul><div class=\"panel-footer footer-row\">Reserve agora!<\/div><\/div><\/div><\/div>\n<\/div><div class=\"fusion-clearfix\"><\/div><\/div><\/div>\n<div class=\"fusion-layout-column fusion_builder_column_inner fusion-builder-nested-column-3 fusion_builder_column_inner_1_2 1_2 fusion-one-half fusion-column-last\" style=\"--awb-bg-size:cover;width:50%;width:calc(50% - ( ( 4% ) * 0.5 ) );\"><div class=\"fusion-column-wrapper fusion-flex-column-wrapper-legacy\"><style type='text\/css'>\n\t\t\t\t.pricing-table-4.fusion-pricing-table .panel-container, .pricing-table-4.fusion-pricing-table .standout .panel-container,\n\t\t\t\t.pricing-table-4.full-boxed-pricing.fusion-pricing-table {background-color:#ffffff;}\n\t\t\t\t.pricing-table-4.fusion-pricing-table .list-group .list-group-item,\n\t\t\t\t.pricing-table-4.fusion-pricing-table .list-group .list-group-item:last-child{background-color:#9eafbf; border-color:#ededed;}\n\t\t\t\t.pricing-table-4.full-boxed-pricing.fusion-pricing-table .panel-wrapper:hover .panel-heading,\n\t\t\t\t.pricing-table-4.fusion-pricing-table .panel-wrapper:hover .list-group-item {background-color:#ffffff;}\n\t\t\t\t.pricing-table-4.full-boxed-pricing.fusion-pricing-table .panel-heading{background-color:#9eafbf;}\n\t\t\t\t.pricing-table-4.fusion-pricing-table .fusion-panel, .pricing-table-4 .panel-wrapper:last-child .fusion-panel,\n\t\t\t\t.pricing-table-4.fusion-pricing-table .standout .fusion-panel, .pricing-table-4.fusion-pricing-table  .panel-heading,\n\t\t\t\t.pricing-table-4.fusion-pricing-table .panel-body, .pricing-table-4.fusion-pricing-table .panel-footer{border-color:#ededed;}\n\t\t\t\t.pricing-table-4.fusion-pricing-table .panel-body, .pricing-table-4.fusion-pricing-table .panel-footer{background-color:#ffffff;}\n\t\t\t\t.pricing-table-4.sep-boxed-pricing.fusion-pricing-table .panel-heading h3{color:#333333;}\n\t\t\t\t.pricing-table-4.full-boxed-pricing.fusion-pricing-table .panel-heading h3{color:#333333;}\n\t\t\t\t.pricing-table-4.fusion-pricing-table .panel-body .price .decimal-part{color:#62a2c4;}\n\t\t\t\t.pricing-table-4.fusion-pricing-table .panel-body .price .integer-part{color:#62a2c4;}\n\t\t\t\t.pricing-table-4.fusion-pricing-table ul.list-group li{color:#000000;}\n\t\t\t\t<\/style><div class=\"fusion-pricing-table pricing-table-4 full-boxed-pricing row fusion-columns-1 columns-1 fusion-clearfix\">\n<div class=\"panel-wrapper fusion-column column col-lg-12 col-md-12 col-sm-12 fusion-pricingtable-column\"><div class=\"panel-container\"><div class=\"fusion-panel\"><div class=\"panel-heading\"><h3 class=\"title-row\">Salsa<\/h3><\/div><div class=\"panel-body pricing-row\"><div class=\"price \"><span class=\"currency\">US $<\/span><span class=\"integer-part\">15<\/span><span class=\"time price-without-decimal\">hour<\/span><\/div><\/div><ul class=\"list-group\"><li class=\"list-group-item normal-row\">Aulas individuais<\/li><\/ul><div class=\"panel-footer footer-row\">Reserve Agora!<\/div><\/div><\/div><\/div>\n<\/div><div class=\"fusion-clearfix\"><\/div><\/div><\/div><\/div>\n<\/div><\/div><\/div><div class=\"fusion-clearfix\"><\/div><\/div><\/div><\/div><\/div><div class=\"fusion-fullwidth fullwidth-box fusion-builder-row-3 fusion-parallax-none nonhundred-percent-fullwidth non-hundred-percent-height-scrolling\" style=\"--awb-border-radius-top-left:0px;--awb-border-radius-top-right:0px;--awb-border-radius-bottom-right:0px;--awb-border-radius-bottom-left:0px;--awb-padding-top:80px;--awb-margin-top:20px;--awb-margin-bottom:50px;--awb-background-image:url(&quot;https:\/\/verbum.biz\/wp-content\/uploads\/tours.jpg&quot;);--awb-background-size:cover;--awb-border-sizes-top:1px;--awb-border-sizes-bottom:1px;--awb-flex-wrap:wrap;\" ><div class=\"fusion-builder-row fusion-row\"><div class=\"fusion-layout-column fusion_builder_column fusion-builder-column-2 fusion_builder_column_1_1 1_1 fusion-one-full fusion-column-first fusion-column-last fusion-column-no-min-height\" style=\"--awb-bg-size:cover;--awb-margin-bottom:0px;\"><div class=\"fusion-column-wrapper fusion-flex-column-wrapper-legacy\"><div class=\"fusion-reading-box-container reading-box-container-1\" style=\"--awb-title-color:#000000;--awb-margin-top:0px;--awb-margin-bottom:84px;\"><div class=\"reading-box\" style=\"background-color:rgba(255,255,255,0.85);border-width:0px;border-color:#e5e4e4;border-left-width:3px;border-left-color:var(--primary_color);border-style:solid;\"><a class=\"button fusion-button button-default fusion-button-large button-large button-flat fusion-desktop-button fusion-tagline-button continue fusion-desktop-button-margin continue-right\" style=\"-webkit-box-shadow:none;-moz-box-shadow:none;box-shadow:none;border-radius:0px 0px 0px 0px\" href=\"https:\/\/verbum.biz\/enrollment\" target=\"_blank\" rel=\"noopener noreferrer\"><span>Book Now!<\/span><\/a><h2>Studying Spanish is easier with Verbum!<\/h2><div class=\"reading-box-description fusion-reading-box-additional\">Book your full package through Verbum and start enjoying your stay in Buenos Aires!<\/div><div class=\"fusion-clearfix\"><\/div><a class=\"button fusion-button button-default fusion-button-large button-large button-flat fusion-mobile-button continue-right\" style=\"-webkit-box-shadow:none;-moz-box-shadow:none;box-shadow:none;border-radius:0px 0px 0px 0px\" href=\"https:\/\/verbum.biz\/enrollment\" target=\"_blank\" rel=\"noopener noreferrer\"><span>Book Now!<\/span><\/a><\/div><\/div><div class=\"fusion-clearfix\"><\/div><\/div><\/div><\/div><\/div><\/p>\n","protected":false},"excerpt":{"rendered":"","protected":false},"author":1,"featured_media":0,"parent":3923,"menu_order":3,"comment_status":"open","ping_status":"closed","template":"","meta":{"footnotes":""},"class_list":["post-3926","page","type-page","status-publish","hentry"],"_links":{"self":[{"href":"https:\/\/verbum.biz\/pt-br\/wp-json\/wp\/v2\/pages\/3926","targetHints":{"allow":["GET"]}}],"collection":[{"href":"https:\/\/verbum.biz\/pt-br\/wp-json\/wp\/v2\/pages"}],"about":[{"href":"https:\/\/verbum.biz\/pt-br\/wp-json\/wp\/v2\/types\/page"}],"author":[{"embeddable":true,"href":"https:\/\/verbum.biz\/pt-br\/wp-json\/wp\/v2\/users\/1"}],"replies":[{"embeddable":true,"href":"https:\/\/verbum.biz\/pt-br\/wp-json\/wp\/v2\/comments?post=3926"}],"version-history":[{"count":3,"href":"https:\/\/verbum.biz\/pt-br\/wp-json\/wp\/v2\/pages\/3926\/revisions"}],"predecessor-version":[{"id":5707,"href":"https:\/\/verbum.biz\/pt-br\/wp-json\/wp\/v2\/pages\/3926\/revisions\/5707"}],"up":[{"embeddable":true,"href":"https:\/\/verbum.biz\/pt-br\/wp-json\/wp\/v2\/pages\/3923"}],"wp:attachment":[{"href":"https:\/\/verbum.biz\/pt-br\/wp-json\/wp\/v2\/media?parent=3926"}],"curies":[{"name":"wp","href":"https:\/\/api.w.org\/{rel}","templated":true}]}}