{"id":3935,"date":"2014-08-29T22:41:57","date_gmt":"2014-08-29T22:41:57","guid":{"rendered":"https:\/\/verbum.biz\/bariloche-rio-negro-argentina\/"},"modified":"2019-11-25T15:26:10","modified_gmt":"2019-11-25T18:26:10","slug":"bariloche-rio-negro-argentina","status":"publish","type":"page","link":"https:\/\/verbum.biz\/pt-br\/bariloche-rio-negro-argentina\/","title":{"rendered":"Nossa Escola de Espanhol em Bariloche, Rio Negro, Argentina"},"content":{"rendered":"<p><div class=\"fusion-fullwidth fullwidth-box fusion-builder-row-1 nonhundred-percent-fullwidth non-hundred-percent-height-scrolling\" style=\"--awb-border-radius-top-left:0px;--awb-border-radius-top-right:0px;--awb-border-radius-bottom-right:0px;--awb-border-radius-bottom-left:0px;--awb-flex-wrap:wrap;\" ><\/div><div class=\"fusion-builder-row fusion-row\"><\/div><div class=\"fusion-layout-column fusion_builder_column fusion-builder-column-0 fusion_builder_column_1_2 1_2 fusion-one-half fusion-column-first\" style=\"--awb-bg-size:cover;width:48%; margin-right: 4%;\"><div class=\"fusion-column-wrapper fusion-column-has-shadow fusion-flex-column-wrapper-legacy\"><div class=\"fusion-clearfix\"><\/div><\/div><\/div><div class=\"fusion-title title fusion-title-1 fusion-title-text fusion-title-size-two\"><h2 class=\"fusion-title-heading title-heading-left\" style=\"margin:0;\"><\/p>\n<p>Bem vindo a Bariloche, Argentina!<\/p>\n<p><\/h2><span class=\"awb-title-spacer\"><\/span><div class=\"title-sep-container\"><div class=\"title-sep sep-double sep-solid\" style=\"border-color:#e0dede;\"><\/div><\/div><\/div><div class=\"fusion-text fusion-text-1\"><\/div><\/p>\n<p>San Carlos de Bariloche, normalmente conhecido como Bariloche, est\u00e1 situado no sop\u00e9 da Cordilheira dos Andes da margem sul do Lago Nahuel Huapi. Ele est\u00e1 localizado dentro do Parque Nacional Nahuel Huapi. Bariloche \u00e9 um importante centro tur\u00edstico da Argentina com instala\u00e7\u00f5es de esqui, trekking e montanhismo e serve como base para muitas excurs\u00f5es na regi\u00e3o. Al\u00e9m disso, tem numerosos restaurantes, caf\u00e9s e lojas de chocolate e \u00e9 conhecida pelo seu e-estilo su\u00ed\u00e7o de arquitetura.<\/p>\n<p>A atividade mais popular \u00e9 esquiar, por causa do que a maioria dos turistas visitam Bariloche em seu inverno. Trekking nas montanhas, quase completamente selvagem e desabitada tamb\u00e9m \u00e9 uma atividade popular. Durante o ver\u00e3o, belas praias como Playa Bonita e Villa Tacul receb\u00eaem banhistas embora a temperatura m\u00e9dia do lago \u00e9 Lago Nahuel Huapi 14 \u00b0 C no ver\u00e3o.<br \/>\n[\/one_half]<\/p>\n<p>[one_half last=&#8221;yes&#8221;]<\/p>\n<p>[slider width=&#8221;100%&#8221; height=&#8221;100%&#8221;]<br \/>\n[slide type=&#8221;image&#8221; link=&#8221;&#8221; linktarget=&#8221;_self&#8221; lightbox=&#8221;yes&#8221;]http:\/\/verbum.biz\/cursos-espanhol\/wp-content\/uploads\/spanish-lessons-bariloche-argentina-14.jpg[\/slide]<br \/>\n[slide type=&#8221;image&#8221; link=&#8221;&#8221; linktarget=&#8221;_self&#8221; lightbox=&#8221;yes&#8221;]http:\/\/verbum.biz\/cursos-espanhol\/wp-content\/uploads\/spanish-lessons-bariloche-argentina-8.jpg[\/slide]<br \/>\n[slide type=&#8221;image&#8221; link=&#8221;&#8221; linktarget=&#8221;_self&#8221; lightbox=&#8221;yes&#8221;]http:\/\/verbum.biz\/cursos-espanhol\/wp-content\/uploads\/spanish-lessons-bariloche-argentina-9.jpg[\/slide]<br \/>\n[slide type=&#8221;image&#8221; link=&#8221;&#8221; linktarget=&#8221;_self&#8221; lightbox=&#8221;yes&#8221;]http:\/\/verbum.biz\/cursos-espanhol\/wp-content\/uploads\/spanish-lessons-bariloche-argentina-3.jpg[\/slide]<br \/>\n[slide type=&#8221;image&#8221; link=&#8221;&#8221; linktarget=&#8221;_self&#8221; lightbox=&#8221;yes&#8221;]http:\/\/verbum.biz\/cursos-espanhol\/wp-content\/uploads\/spanish-lessons-bariloche-argentina-4.jpg[\/slide]<br \/>\n[slide type=&#8221;image&#8221; link=&#8221;&#8221; linktarget=&#8221;_self&#8221; lightbox=&#8221;yes&#8221;]http:\/\/verbum.biz\/cursos-espanhol\/wp-content\/uploads\/spanish-lessons-bariloche-argentina-5.jpg[\/slide]<br \/>\n[\/slider]<\/p>\n<p>[\/one_half]<\/p>\n<p>[two_third last=&#8221;no&#8221;]<br \/>\n[title size=&#8221;2&#8243;]Escola em Bariloche[\/title]<br \/>\nNossa escola est\u00e1 localizada em uma casa bonita e tranquila no cora\u00e7\u00e3o da cidade de Bariloche, a 5 minutos do centro da cidade e perto da est\u00e2ncia de esqui e \u00e1reas naturais onde pode desfrutar de v\u00e1rias actividades ao ar livre que Bariloche oferece.<\/p>\n<p>Todas as salas de aula t\u00eam wi-fi e instala\u00e7\u00f5es de \u00e1udio e v\u00eddeo.<\/p>\n<p>A escola tem professores altamente qualificados que ir\u00e3o ajud\u00e1-lo a melhorar sua profici\u00eancia na l\u00edngua espanhola. Nossos professores e pessoal se preocupam com cada aluno, e isso pode ser visto nos resultados.<br \/>\n[\/two_third]<\/p>\n<p>[one_third last=&#8221;yes&#8221;]<br \/>\n[title size=&#8221;2&#8243;]Nossa localiza\u00e7\u00e3o em Bariloche, Rio Negro[\/title]<br \/>\n[map address=&#8221;San Carlos de Bariloche, Argentina&#8221; type=&#8221;roadmap&#8221; map_style=&#8221;custom&#8221; overlay_color=&#8221;#164601&#8243; infobox=&#8221;default&#8221; infobox_background_color=&#8221;&#8221; infobox_text_color=&#8221;&#8221; infobox_content=&#8221;&#8221; icon=&#8221;theme&#8221; width=&#8221;100%&#8221; height=&#8221;235px&#8221; zoom=&#8221;5&#8243; scrollwheel=&#8221;yes&#8221; scale=&#8221;yes&#8221; zoom_pancontrol=&#8221;yes&#8221; popup=&#8221;no&#8221; class=&#8221;&#8221; id=&#8221;&#8221;][\/map]<br \/>\n[\/one_third]<\/p>\n<p>[title size=&#8221;2&#8243;]Nossos estudantes[\/title]<br \/>\n[images lightbox=&#8221;yes&#8221;]<br \/>\n[image link=&#8221;http:\/\/verbum.biz\/cursos-espanhol\/wp-content\/uploads\/spanish-school-bariloche-argentina.jpg&#8221; linktarget=&#8221;_self&#8221; image=&#8221;http:\/\/verbum.biz\/cursos-espanhol\/wp-content\/uploads\/spanish-school-bariloche-argentina.jpg&#8221; alt=&#8221;Our Spanish School in Bariloche, Argentina&#8221;]<br \/>\n[image link=&#8221;http:\/\/verbum.biz\/cursos-espanhol\/wp-content\/uploads\/spanish-school-bariloche-argentina-2.jpg&#8221; linktarget=&#8221;_self&#8221; image=&#8221;http:\/\/verbum.biz\/cursos-espanhol\/wp-content\/uploads\/spanish-school-bariloche-argentina-2.jpg&#8221; alt=&#8221;Our Spanish School in Bariloche, Argentina&#8221;]<br \/>\n[image link=&#8221;http:\/\/verbum.biz\/cursos-espanhol\/wp-content\/uploads\/spanish-school-bariloche-argentina-3.jpg&#8221; linktarget=&#8221;_self&#8221; image=&#8221;http:\/\/verbum.biz\/cursos-espanhol\/wp-content\/uploads\/spanish-school-bariloche-argentina-3.jpg&#8221; alt=&#8221;Our Spanish School in Bariloche, Argentina&#8221;]<br \/>\n[image link=&#8221;http:\/\/verbum.biz\/cursos-espanhol\/wp-content\/uploads\/spanish-school-bariloche-argentina-4.jpg&#8221; linktarget=&#8221;_self&#8221; image=&#8221;http:\/\/verbum.biz\/cursos-espanhol\/wp-content\/uploads\/spanish-school-bariloche-argentina-4.jpg&#8221; alt=&#8221;Our Spanish School in Bariloche, Argentina&#8221;]<br \/>\n[image link=&#8221;http:\/\/verbum.biz\/cursos-espanhol\/wp-content\/uploads\/spanish-school-bariloche-argentina-5.jpg&#8221; linktarget=&#8221;_self&#8221; image=&#8221;http:\/\/verbum.biz\/cursos-espanhol\/wp-content\/uploads\/spanish-school-bariloche-argentina-5.jpg&#8221; alt=&#8221;Our Spanish School in Bariloche, Argentina&#8221;]<br \/>\n[image link=&#8221;http:\/\/verbum.biz\/cursos-espanhol\/wp-content\/uploads\/spanish-school-bariloche-argentina-6.jpg&#8221; linktarget=&#8221;_self&#8221; image=&#8221;http:\/\/verbum.biz\/cursos-espanhol\/wp-content\/uploads\/spanish-school-bariloche-argentina-6.jpg&#8221; alt=&#8221;Our Spanish School in Bariloche, Argentina&#8221;]<br \/>\n[image link=&#8221;http:\/\/verbum.biz\/cursos-espanhol\/wp-content\/uploads\/spanish-school-bariloche-argentina-7.jpg&#8221; linktarget=&#8221;_self&#8221; image=&#8221;http:\/\/verbum.biz\/cursos-espanhol\/wp-content\/uploads\/spanish-school-bariloche-argentina-7.jpg&#8221; alt=&#8221;Our Spanish School in Bariloche, Argentina&#8221;]<br \/>\n[image link=&#8221;http:\/\/verbum.biz\/cursos-espanhol\/wp-content\/uploads\/spanish-school-bariloche-argentina-8.jpg&#8221; linktarget=&#8221;_self&#8221; image=&#8221;http:\/\/verbum.biz\/cursos-espanhol\/wp-content\/uploads\/spanish-school-bariloche-argentina-8.jpg&#8221; alt=&#8221;Our Spanish School in Bariloche, Argentina&#8221;]<br \/>\n[image link=&#8221;http:\/\/verbum.biz\/cursos-espanhol\/wp-content\/uploads\/spanish-school-bariloche-argentina-92.jpg&#8221; linktarget=&#8221;_self&#8221; image=&#8221;http:\/\/verbum.biz\/cursos-espanhol\/wp-content\/uploads\/spanish-school-bariloche-argentina-9.jpg&#8221; alt=&#8221;Our Spanish School in Bariloche, Argentina&#8221;]<br \/>\n[image link=&#8221;http:\/\/verbum.biz\/cursos-espanhol\/wp-content\/uploads\/spanish-school-bariloche-argentina-10.jpg&#8221; linktarget=&#8221;_self&#8221; image=&#8221;http:\/\/verbum.biz\/cursos-espanhol\/wp-content\/uploads\/spanish-school-bariloche-argentina-10.jpg&#8221; alt=&#8221;Our Spanish School in Bariloche, Argentina&#8221;]<br \/>\n[image link=&#8221;http:\/\/verbum.biz\/cursos-espanhol\/wp-content\/uploads\/spanish-school-bariloche-argentina-11.jpg&#8221; linktarget=&#8221;_self&#8221; image=&#8221;http:\/\/verbum.biz\/cursos-espanhol\/wp-content\/uploads\/spanish-school-bariloche-argentina-11.jpg&#8221; alt=&#8221;Our Spanish School in Bariloche, Argentina&#8221;]<br \/>\n[\/images]<\/p>\n<p>[title size=&#8221;2&#8243;]Os servi\u00e7os oferecidos pela nossa escola de espanhol em Bariloche, Argentina[\/title]<\/p>\n<p>[tabs tab1=&#8221;Cursos de espanhol&#8221; tab2=&#8221;Hospedagem&#8221; tab3=&#8221;Ativitidades&#8221;]<br \/>\n[tab id=1]<br \/>\n[fontawesome icon=&#8221;random&#8221; circle=&#8221;yes&#8221; size=&#8221;small&#8221;]<\/p>\n<p>Os cursos de espanhol em Barichole s\u00e3o de segunda a sexta-feira, para todos os n\u00edveis durante todo o ano. Voc\u00ea pode come\u00e7ar um curso de espanhol em qualquer segunda-feira do ano (exceto feriados).<\/p>\n<p>Os grupos s\u00e3o formados por n\u00edvel de espanhol. Ent\u00e3o, voc\u00ea ser\u00e1 colocado em um grupo com os alunos que compartilham seu mesmo n\u00edvel de profici\u00eancia lingu\u00edstica. Os grupos consistem de estudantes de todas as idades, origens e nacionalidades, acreditamos que esta produz um ambiente mais interessante e educativo.<\/p>\n<p><strong><span class=\"hps\">Existem grupos<\/span> <span class=\"hps\">especiais para<\/span> <span class=\"hps\">estudantes do Brasil<\/span> <span class=\"hps\">porque<\/span> <span class=\"hps\">o<\/span> <span class=\"hps\">Portugu\u00eas e Espanhol<\/span> <span class=\"hps\">s\u00e3o muito semelhantes.<\/span><\/strong><\/p>\n<p>Oferecemos os seguintes cursos de espanhol em Bariloche:<\/p>\n<p>[pricing_table type=&#8221;2&#8243; backgroundcolor=&#8221;#a2c4d3&#8243; bordercolor=&#8221;#ffffff&#8221; dividercolor=&#8221;&#8221;]<\/p>\n<p>[pricing_column title=&#8221;Curso intensivo&#8221;][pricing_price currency=&#8221;US$&#8221; price=&#8221;190&#8243; time=&#8221;week&#8221;][\/pricing_price][pricing_row]Aulas em grupo[\/pricing_row][pricing_row]20 horas[\/pricing_row][pricing_row]at\u00e9 6 estudantes[\/pricing_row][pricing_footer]Reserve j\u00e1[\/pricing_footer][\/pricing_column]<br \/>\n[pricing_column title=&#8221;Aulas individuais&#8221;][pricing_price currency=&#8221;US$&#8221; price=&#8221;185&#8243; time=&#8221;week&#8221;][\/pricing_price][pricing_row]Privado[\/pricing_row][pricing_row]10 horas[\/pricing_row][pricing_row]-[\/pricing_row][pricing_footer]Reserve j\u00e1[\/pricing_footer][\/pricing_column]<br \/>\n[pricing_column title=&#8221;Aulas individuais&#8221;][pricing_price currency=&#8221;US$&#8221; price=&#8221;280&#8243; time=&#8221;week&#8221;][\/pricing_price][pricing_row]Privado[\/pricing_row][pricing_row]15 horas[\/pricing_row][pricing_row]-[\/pricing_row][pricing_footer]Reserve j\u00e1[\/pricing_footer][\/pricing_column]<br \/>\n[\/pricing_table]<\/p>\n<p>&nbsp;<\/p>\n<p>[pricing_table type=&#8221;2&#8243; backgroundcolor=&#8221;#a2c4d3&#8243; bordercolor=&#8221;#ffffff&#8221; dividercolor=&#8221;&#8221;]<br \/>\n[pricing_column title=&#8221;Aulas semi-privadas&#8221;][pricing_price currency=&#8221;US $&#8221; price=&#8221;135&#8243; time=&#8221;week&#8221;][\/pricing_price][pricing_row]Privado[\/pricing_row][pricing_row]10 hours[\/pricing_row][pricing_row]2 estudantes[\/pricing_row][pricing_footer]Reserve j\u00e1[\/pricing_footer][\/pricing_column]<br \/>\n[pricing_column title=&#8221;Aulas semi-privadas&#8221;][pricing_price currency=&#8221;US $&#8221; price=&#8221;230&#8243; time=&#8221;week&#8221;][\/pricing_price][pricing_row]Privado[\/pricing_row][pricing_row]20 horas[\/pricing_row][pricing_row]2 estudantes[\/pricing_row][pricing_footer]Reserve j\u00e1[\/pricing_footer][\/pricing_column]<br \/>\n[\/pricing_table]<\/p>\n<p>Aditionals:<\/p>\n<p>[pricing_table type=&#8221;2&#8243; backgroundcolor=&#8221;#a2c4d3&#8243; bordercolor=&#8221;#ffffff&#8221; dividercolor=&#8221;&#8221;]<\/p>\n<p>[pricing_column title=&#8221;Transfer&#8221;][pricing_price currency=&#8221;US$&#8221; price=&#8221;25&#8243; time=&#8221;each&#8221;][\/pricing_price][pricing_row]From the Airport[\/pricing_row][pricing_footer]Reserve j\u00e1[\/pricing_footer][\/pricing_column]<br \/>\n[pricing_column title=&#8221;Transfer&#8221;][pricing_price currency=&#8221;US$&#8221; price=&#8221;<span class=\"hps\">N\u00e3o oferecido<\/span>&#8221; time=&#8221;each&#8221;][\/pricing_price][pricing_row]From Bus Station[\/pricing_row][pricing_footer]Reserve j\u00e1[\/pricing_footer][\/pricing_column]<br \/>\n[pricing_column title=&#8221;Volunteer Programm&#8221;][pricing_price currency=&#8221;US$&#8221; price=&#8221;Sem custo&#8221; time=&#8221;month&#8221;][\/pricing_price][pricing_row]-[\/pricing_row][pricing_footer]Reserve j\u00e1[\/pricing_footer][\/pricing_column]<br \/>\n[\/pricing_table]<\/p>\n<p>[one_half last=&#8221;no&#8221;]<\/p>\n<p>Pre\u00e7os das aulas de espanhol incluem:<\/p>\n<ul>\n<li>Cafeteria na escola<\/li>\n<li>Tes de n\u00edvel<\/li>\n<li>Certificado<\/li>\n<li>atividades gratuitas<\/li>\n<li>Material de estudo<\/li>\n<\/ul>\n<p>[\/one_half]<br \/>\n[one_half last=&#8221;yes&#8221;]<\/p>\n<p>[\/one_half]<\/p>\n<p>[\/tab]<br \/>\n[tab id=2][fontawesome icon=&#8221;thumbs-up&#8221; circle=&#8221;yes&#8221; size=&#8221;small&#8221;]<\/p>\n<p>Nossa escola de espanhol em Bariloche oferece alojamento em:<\/p>\n<ol>\n<li>Casas de fam\u00edlia: Oferecemos quartos individuais ou duplos com caf\u00e9 da manh\u00e3 em fam\u00edlias cuidadosamente selecionadas. Alguns casa tamb\u00e9m oferecem jantar, microondas e TV a cabo e area. Nossas fam\u00edlias est\u00e3o localizadas em \u00e1reas residenciais agrad\u00e1veis e seguras em Bariloche. Como eles s\u00e3o casas, e n\u00e3o apartamentos, todos eles t\u00eam um quintal para passar tempo ao ar livre. Alguns deles tamb\u00e9m t\u00eam vista para o Lago Nahuel Huapi, os bosques e as montanhas, uma maneira perfeita para relaxar e desfrutar. Elas s\u00e3o todas apenas alguns minutos de dist\u00e2ncia da escola. Ficar em uma casa de fam\u00edlia \u00e9 uma \u00f3tima maneira de melhorar seu espanhol e conhecer os moradores locais.<\/li>\n<li>Apartmentos apartilhados, apartamento privado, Hot\u00e9is ou Cabins: por favor, pergunte sobre estas op\u00e7\u00f5es. A nossa escola ir\u00e1 contact\u00e1-lo com eles.<\/li>\n<\/ol>\n<p>Pre\u00e7os<\/p>\n<p>[pricing_table type=&#8221;1&#8243; backgroundcolor=&#8221;#a2c4d3&#8243; bordercolor=&#8221;#ffffff&#8221; dividercolor=&#8221;&#8221;]<\/p>\n<p>[pricing_column title=&#8221;Casa de fam\u00edlia&#8221;][pricing_price currency=&#8221;US $&#8221; price=&#8221;230&#8243; time=&#8221;week&#8221;][\/pricing_price][pricing_row]Caf\u00e9 da manh\u00e3 inclu\u00eddo[\/pricing_row][pricing_row]Quarto individual[\/pricing_row][pricing_footer]Reserve j\u00e1[\/pricing_footer][\/pricing_column]<br \/>\n[pricing_column title=&#8221;Casa de fam\u00edlia&#8221;][pricing_price currency=&#8221;US $&#8221; price=&#8221;200&#8243; time=&#8221;week&#8221;][\/pricing_price][pricing_row]Caf\u00e9 da manh\u00e3 inclu\u00eddo[\/pricing_row][pricing_row]Quarto duplo[\/pricing_row][pricing_footer]Reserve j\u00e1[\/pricing_footer][\/pricing_column]<br \/>\n[pricing_column title=&#8221;Casa de fam\u00edlia&#8221;][pricing_price currency=&#8221;US $&#8221; price=&#8221;280&#8243; time=&#8221;week&#8221;][\/pricing_price][pricing_row]Caf\u00e9 da manh\u00e3 e jantar inclu\u00eddo[\/pricing_row][pricing_row]Quarto individual[\/pricing_row][pricing_footer]Reserve j\u00e1[\/pricing_footer][\/pricing_column][pricing_column title=&#8221;Casa de fam\u00edlia&#8221;][pricing_price currency=&#8221;US $&#8221; price=&#8221;250&#8243; time=&#8221;week each&#8221;][\/pricing_price][pricing_row]Caf\u00e9 da manh\u00e3 e jantar inclu\u00eddo[\/pricing_row][pricing_row]Quarto duplo[\/pricing_row][pricing_footer]Reserve j\u00e1[\/pricing_footer][\/pricing_column]<br \/>\n[\/pricing_table]<\/p>\n<p>[\/tab]<br \/>\n[tab id=3][fontawesome icon=&#8221;magic&#8221; circle=&#8221;yes&#8221; size=&#8221;small&#8221;]<\/p>\n<p>Nossa escola de espanhol em Bariloche oferece duas atividades recreativas gratuitas a cada semana. Eles s\u00e3o escolhidos de acordo com as prefer\u00eancias do grupo, as condi\u00e7\u00f5es meteorol\u00f3gicas e disponibilidade:<\/p>\n<ul>\n<li>Aulas de Tango<\/li>\n<li>Aulas de Salsa<\/li>\n<li>Ioga<\/li>\n<li>Visitar uma cervejaria<\/li>\n<li>City tour<\/li>\n<li>Trekking nas montanhas<\/li>\n<li>Trekking ao longo da praia<\/li>\n<li>Visitar o museo da Patagonia<\/li>\n<li>Aulas de cozinha e degusta\u00e7\u00e3o de empanadas t\u00edpicas<\/li>\n<li>Asistir a um filme<\/li>\n<li>Jagos<\/li>\n<\/ul>\n<p>A nossa escola em Bariloche tamb\u00e9m pode ajud\u00e1-lo a organizar atividades depois das aulas, bem como viagens de fim de semana. Tamb\u00e9m oferece diferentes oportunidades de voluntariado.<\/p>\n<p>[\/tab]<\/p>\n<p>[\/tabs]<\/p>\n<p>[fullwidth backgroundcolor=&#8221;#f8f8f8&#8243; backgroundimage=&#8221;http:\/\/verbum.biz\/cursos-espanhol\/wp-content\/uploads\/spanish-lessons-bariloche-argentina-12.jpg&#8221; backgroundrepeat=&#8221;no-repeat&#8221; backgroundposition=&#8221;center center&#8221; backgroundattachment=&#8221;fixed&#8221; bordersize=&#8221;1px&#8221; bordercolor=&#8221;#e5e4e4&#8243; paddingTop=&#8221;50px&#8221; paddingBottom=&#8221;0px&#8221;]<br \/>\n[tagline_box backgroundcolor=&#8221;rgba(255,255,255,.4)&#8221; shadow=&#8221;no&#8221; shadowopacity=&#8221;&#8221; border=&#8221;1px&#8221; bordercolor=&#8221;#e5e4e4&#8243; highlightposition=&#8221;left&#8221; content_alignment=&#8221;left&#8221; link=&#8221;http:\/\/verbum.biz\/spanish-schools\/enrollment&#8221; linktarget=&#8221;_blank&#8221; button_size=&#8221;large&#8221; button_shape=&#8221;square&#8221; button_type=&#8221;flat&#8221; buttoncolor=&#8221;&#8221; button=&#8221;Book now!&#8221; title=&#8221;Studying Spanish is easier with Verbum!&#8221; description=&#8221;Book your full package through Verbum and start enjoying your stay in Bariloche!&#8221; animation_type=&#8221;fade&#8221; animation_direction=&#8221;up&#8221; animation_speed=&#8221;1&#8243; class=&#8221;&#8221; id=&#8221;&#8221;][\/tagline_box]<br \/>\n[separator style_type=&#8221;&#8221; top_margin=&#8221;-30&#8243; bottom_margin=&#8221;&#8221; sep_color=&#8221;&#8221; icon=&#8221;&#8221; width=&#8221;&#8221; class=&#8221;&#8221; id=&#8221;&#8221;]<br \/>\n[\/fullwidth]<\/p>\n","protected":false},"excerpt":{"rendered":"<p>San Carlos de Bariloche, normalmente conhecido como Bariloche, est\u00e1 situado no sop\u00e9 da Cordilheira dos Andes da margem sul do Lago Nahuel Huapi. Ele est\u00e1 localizado dentro do Parque Nacional Nahuel Huapi. Bariloche \u00e9 um importante centro tur\u00edstico da Argentina com instala\u00e7\u00f5es de esqui, trekking e montanhismo e serve como base para muitas excurs\u00f5es na  [&#8230;]<\/p>\n","protected":false},"author":1,"featured_media":0,"parent":0,"menu_order":0,"comment_status":"open","ping_status":"closed","template":"","meta":{"footnotes":""},"class_list":["post-3935","page","type-page","status-publish","hentry"],"_links":{"self":[{"href":"https:\/\/verbum.biz\/pt-br\/wp-json\/wp\/v2\/pages\/3935","targetHints":{"allow":["GET"]}}],"collection":[{"href":"https:\/\/verbum.biz\/pt-br\/wp-json\/wp\/v2\/pages"}],"about":[{"href":"https:\/\/verbum.biz\/pt-br\/wp-json\/wp\/v2\/types\/page"}],"author":[{"embeddable":true,"href":"https:\/\/verbum.biz\/pt-br\/wp-json\/wp\/v2\/users\/1"}],"replies":[{"embeddable":true,"href":"https:\/\/verbum.biz\/pt-br\/wp-json\/wp\/v2\/comments?post=3935"}],"version-history":[{"count":2,"href":"https:\/\/verbum.biz\/pt-br\/wp-json\/wp\/v2\/pages\/3935\/revisions"}],"predecessor-version":[{"id":5166,"href":"https:\/\/verbum.biz\/pt-br\/wp-json\/wp\/v2\/pages\/3935\/revisions\/5166"}],"wp:attachment":[{"href":"https:\/\/verbum.biz\/pt-br\/wp-json\/wp\/v2\/media?parent=3935"}],"curies":[{"name":"wp","href":"https:\/\/api.w.org\/{rel}","templated":true}]}}