{"id":3936,"date":"2014-08-29T22:41:18","date_gmt":"2014-08-29T22:41:18","guid":{"rendered":"https:\/\/verbum.biz\/cordoba-capital-argentina\/"},"modified":"2020-05-10T18:49:35","modified_gmt":"2020-05-10T21:49:35","slug":"cordoba-capital-argentina","status":"publish","type":"page","link":"https:\/\/verbum.biz\/pt-br\/cordoba-capital-argentina\/","title":{"rendered":"Nossa Escola de Espanhol em C\u00f3rdoba, Argentina"},"content":{"rendered":"<p><div class=\"fusion-fullwidth fullwidth-box fusion-builder-row-1 nonhundred-percent-fullwidth non-hundred-percent-height-scrolling\" style=\"--awb-border-radius-top-left:0px;--awb-border-radius-top-right:0px;--awb-border-radius-bottom-right:0px;--awb-border-radius-bottom-left:0px;--awb-flex-wrap:wrap;\" ><\/div><div class=\"fusion-builder-row fusion-row\"><\/div><div class=\"fusion-layout-column fusion_builder_column fusion-builder-column-0 fusion_builder_column_1_2 1_2 fusion-one-half fusion-column-first\" style=\"--awb-bg-size:cover;width:48%; margin-right: 4%;\"><div class=\"fusion-column-wrapper fusion-column-has-shadow fusion-flex-column-wrapper-legacy\"><div class=\"fusion-slider-sc fusion-flexslider-loading flexslider flexslider-hover-type-none\" data-slideshow_autoplay=\"1\" data-slideshow_smooth_height=\"0\" data-slideshow_speed=\"7000\" style=\"max-width:100%;height:100%;\"><ul class=\"slides\">\n<li class=\"image\"><span class=\"fusion-image-hover-element hover-type-none\"><img decoding=\"async\" src=\"https:\/\/verbum.biz\/wp-content\/uploads\/spanish-lessons-cordoba-argentina6.jpg\" alt=\"Spanish-School-Cordoba-Argentina\" width=\"266\" height=\"190\" \/><\/span><\/li>\n<li class=\"image\"><span class=\"fusion-image-hover-element hover-type-none\"><img decoding=\"async\" src=\"https:\/\/verbum.biz\/wp-content\/uploads\/spanish-lessons-cordoba-argentina9.jpg\" alt=\"Spanish-School-Cordoba-Argentina\" width=\"259\" height=\"194\" \/><\/span><\/li>\n<li class=\"image\"><span class=\"fusion-image-hover-element hover-type-none\"><img decoding=\"async\" src=\"https:\/\/verbum.biz\/wp-content\/uploads\/spanish-lessons-cordoba-argentina10.jpg\" alt=\"spanish-lessons-Cordoba-Argentina\" width=\"259\" height=\"194\" \/><\/span><\/li>\n<li class=\"image\"><span class=\"fusion-image-hover-element hover-type-none\"><img decoding=\"async\" src=\"https:\/\/verbum.biz\/wp-content\/uploads\/spanish-lessons-cordoba-argentina-church.jpg\" alt=\"spanish-lessons-cordoba-argentina-church\" width=\"531\" height=\"398\" \/><\/span><\/li>\n<li class=\"image\"><span class=\"fusion-image-hover-element hover-type-none\"><img decoding=\"async\" src=\"https:\/\/verbum.biz\/wp-content\/uploads\/spanish-lessons-cordoba-argentina1.jpg\" alt=\"spanish-lessons-cordoba-argentina\" width=\"589\" height=\"411\" \/><\/span><\/li>\n<\/ul><\/div><div class=\"fusion-clearfix\"><\/div><\/div><\/div><div class=\"fusion-layout-column fusion_builder_column fusion-builder-column-1 fusion_builder_column_1_2 1_2 fusion-one-half fusion-column-last\" style=\"--awb-bg-size:cover;width:48%;\"><div class=\"fusion-column-wrapper fusion-column-has-shadow fusion-flex-column-wrapper-legacy\"><div class=\"fusion-title title fusion-title-1 fusion-title-text fusion-title-size-two\"><h2 class=\"fusion-title-heading title-heading-left\" style=\"margin:0;\">Bem vindo a Cordoba, Argentina!<\/h2><span class=\"awb-title-spacer\"><\/span><div class=\"title-sep-container\"><div class=\"title-sep sep-double sep-solid\" style=\"border-color:#e0dede;\"><\/div><\/div><\/div><div class=\"fusion-text fusion-text-1\"><p>C\u00f3rdoba \u00e9 uma cidade de universidades par excel\u00eancia. Ela est\u00e1 perta de muitas attrractions naturais: 3 vales, montanhas, rios e lagos a menos de uma de dist\u00e2ncia e oferece muitas atividades interessantes, como asa-delta, cavalo-trekking, montanhismo e trekking.<\/p>\n<\/div><div class=\"fusion-clearfix\"><\/div><\/div><\/div><div class=\"fusion-layout-column fusion_builder_column fusion-builder-column-2 fusion_builder_column_1_2 1_2 fusion-one-half fusion-column-first\" style=\"--awb-bg-size:cover;width:48%; margin-right: 4%;\"><div class=\"fusion-column-wrapper fusion-column-has-shadow fusion-flex-column-wrapper-legacy\"><div class=\"fusion-clearfix\"><\/div><\/div><\/div><div class=\"fusion-title title fusion-title-2 fusion-title-text fusion-title-size-two\"><h2 class=\"fusion-title-heading title-heading-left\" style=\"margin:0;\">Escola em C\u00f3rdoba<\/h2><span class=\"awb-title-spacer\"><\/span><div class=\"title-sep-container\"><div class=\"title-sep sep-double sep-solid\" style=\"border-color:#e0dede;\"><\/div><\/div><\/div><div class=\"fusion-text fusion-text-2\"><\/div><br \/>\nA escola est\u00e1 localizada a apenas 10 minutos do centro da cidade de C\u00f3rdoba. A escola tem seis salas de aula confort\u00e1veis e t\u00eam muitas \u00e1reas comuns para socializar com outros estudantes: cozinha, jardim e terra\u00e7o. H\u00e1 wi fi. A escola oferece oportunidades de voluntariado. Seus alunos podem combinar aulas de espanhol com aulas de tango ou aulas de salsa (cobrado a parte).A nossa escola em C\u00f3rdoba \u00e9 a \u00fanico centro do <strong> Instituto Cervantes na cidade e \u00e9 credenciada pelo <strong> SEA (<em> Associa\u00e7\u00e3o Argentina de Centros de Idiomas). Ele tamb\u00e9m tem uma <strong> Bildungsurlaub para Berlim e Brandenburg.<br \/>\n[\/two_third]<\/strong><\/em><\/strong><\/strong><\/p>\n<p>[one_third last=&#8221;yes&#8221;]<br \/>\n[title size=&#8221;2&#8243;]A nossa localiza\u00e7\u00e3o em Cordoba, Capital[\/title]<br \/>\n[map address=&#8221;C\u00f3rdoba, Argentina&#8221; type=&#8221;roadmap&#8221; map_style=&#8221;custom&#8221; overlay_color=&#8221;#164601&#8243; infobox=&#8221;default&#8221; infobox_background_color=&#8221;&#8221; infobox_text_color=&#8221;&#8221; infobox_content=&#8221;&#8221; icon=&#8221;theme&#8221; width=&#8221;100%&#8221; height=&#8221;235px&#8221; zoom=&#8221;5&#8243; scrollwheel=&#8221;yes&#8221; scale=&#8221;yes&#8221; zoom_pancontrol=&#8221;yes&#8221; popup=&#8221;no&#8221; class=&#8221;&#8221; id=&#8221;&#8221;][\/map]<br \/>\n[\/one_third][title size=&#8221;2&#8243;]Nossos estudantes[\/title]<br \/>\n[images lightbox=&#8221;yes&#8221;]<br \/>\n[image link=&#8221;http:\/\/verbum.biz\/cursos-espanhol\/wp-content\/uploads\/spanish-school-cordoba-argentina12.jpg&#8221; linktarget=&#8221;_self&#8221; image=&#8221;http:\/\/verbum.biz\/cursos-espanhol\/wp-content\/uploads\/spanish-school-cordoba-argentina12.jpg&#8221; alt=&#8221;Our Spanish School in Cordoba, Argentina&#8221;]<br \/>\n[image link=&#8221;http:\/\/verbum.biz\/cursos-espanhol\/wp-content\/uploads\/spanish-school-cordoba-argentina11.jpg&#8221; linktarget=&#8221;_self&#8221; image=&#8221;http:\/\/verbum.biz\/cursos-espanhol\/wp-content\/uploads\/spanish-school-cordoba-argentina11.jpg&#8221; alt=&#8221;Our Spanish School in Cordoba, Argentina&#8221;]<br \/>\n[image link=&#8221;http:\/\/verbum.biz\/cursos-espanhol\/wp-content\/uploads\/spanish-school-cordoba-argentina10.jpg&#8221; linktarget=&#8221;_self&#8221; image=&#8221;http:\/\/verbum.biz\/cursos-espanhol\/wp-content\/uploads\/spanish-school-cordoba-argentina10.jpg&#8221; alt=&#8221;Our Spanish School in Cordoba, Argentina&#8221;]<br \/>\n[image link=&#8221;http:\/\/verbum.biz\/cursos-espanhol\/wp-content\/uploads\/spanish-school-cordoba-argentina9.jpg&#8221; linktarget=&#8221;_self&#8221; image=&#8221;http:\/\/verbum.biz\/cursos-espanhol\/wp-content\/uploads\/spanish-school-cordoba-argentina9.jpg&#8221; alt=&#8221;Our Spanish School in Cordoba, Argentina&#8221;]<br \/>\n[image link=&#8221;http:\/\/verbum.biz\/cursos-espanhol\/wp-content\/uploads\/spanish-school-cordoba-argentina8.jpg&#8221; linktarget=&#8221;_self&#8221; image=&#8221;http:\/\/verbum.biz\/cursos-espanhol\/wp-content\/uploads\/spanish-school-cordoba-argentina8.jpg&#8221; alt=&#8221;Our Spanish School in Cordoba, Argentina&#8221;]<br \/>\n[image link=&#8221;http:\/\/verbum.biz\/cursos-espanhol\/wp-content\/uploads\/spanish-school-cordoba-argentina7.jpg&#8221; linktarget=&#8221;_self&#8221; image=&#8221;http:\/\/verbum.biz\/cursos-espanhol\/wp-content\/uploads\/spanish-school-cordoba-argentina7.jpg&#8221; alt=&#8221;Our Spanish School in Cordoba, Argentina&#8221;]<br \/>\n[image link=&#8221;http:\/\/verbum.biz\/cursos-espanhol\/wp-content\/uploads\/spanish-school-cordoba-argentina6.jpg&#8221; linktarget=&#8221;_self&#8221; image=&#8221;http:\/\/verbum.biz\/cursos-espanhol\/wp-content\/uploads\/spanish-school-cordoba-argentina6.jpg&#8221; alt=&#8221;Our Spanish School in Cordoba, Argentina&#8221;]<br \/>\n[image link=&#8221;http:\/\/verbum.biz\/cursos-espanhol\/wp-content\/uploads\/spanish-school-cordoba-argentina5.jpg&#8221; linktarget=&#8221;_self&#8221; image=&#8221;http:\/\/verbum.biz\/cursos-espanhol\/wp-content\/uploads\/spanish-school-cordoba-argentina5.jpg&#8221; alt=&#8221;Our Spanish School in Cordoba, Argentina&#8221;]<br \/>\n[image link=&#8221;http:\/\/verbum.biz\/cursos-espanhol\/wp-content\/uploads\/Spanish-school-cordoba-argentina4.jpg&#8221; linktarget=&#8221;_self&#8221; image=&#8221;http:\/\/verbum.biz\/cursos-espanhol\/wp-content\/uploads\/Spanish-school-cordoba-argentina4.jpg&#8221; alt=&#8221;Our Spanish School in Cordoba, Argentina&#8221;]<br \/>\n[image link=&#8221;http:\/\/verbum.biz\/cursos-espanhol\/wp-content\/uploads\/spanish-school-cordoba-argentina3.jpg&#8221; linktarget=&#8221;_self&#8221; image=&#8221;http:\/\/verbum.biz\/cursos-espanhol\/wp-content\/uploads\/spanish-school-cordoba-argentina3.jpg&#8221; alt=&#8221;Our Spanish School in Cordoba, Argentina&#8221;]<br \/>\n[image link=&#8221;http:\/\/verbum.biz\/cursos-espanhol\/wp-content\/uploads\/spanish-school-cordoba-argentina2.jpg&#8221; linktarget=&#8221;_self&#8221; image=&#8221;http:\/\/verbum.biz\/cursos-espanhol\/wp-content\/uploads\/spanish-school-cordoba-argentina2.jpg&#8221; alt=&#8221;Our Spanish School in Cordoba, Argentina&#8221;]<br \/>\n[image link=&#8221;http:\/\/verbum.biz\/cursos-espanhol\/wp-content\/uploads\/spanish-school-cordoba-argentina.jpg&#8221; linktarget=&#8221;_self&#8221; image=&#8221;http:\/\/verbum.biz\/cursos-espanhol\/wp-content\/uploads\/spanish-school-cordoba-argentina.jpg&#8221; alt=&#8221;Our Spanish School in Cordoba, Argentina&#8221;]<br \/>\n[\/images][title size=&#8221;2&#8243;]Os servi\u00e7os oferecidos pela nossa escola de espanhol em Cordoba, Argentina[\/title][tabs tab1=&#8221;Cursos de espanhol&#8221; tab2=&#8221;Hospedagem&#8221; tab3=&#8221;Atividades&#8221;]<br \/>\n[tab id=1]<br \/>\n[fontawesome icon=&#8221;random&#8221; circle=&#8221;yes&#8221; size=&#8221;large&#8221;]<\/p>\n<p>Os cursos de espanhol em Barichole s\u00e3o de segunda a sexta-feira, para todos os n\u00edveis durante todo o ano. Voc\u00ea pode come\u00e7ar um curso de espanhol em qualquer segunda-feira do ano (exceto feriados).<\/p>\n<p>Os grupos s\u00e3o formados por n\u00edvel de espanhol. Ent\u00e3o, voc\u00ea ser\u00e1 colocado em um grupo com os alunos que compartilham seu mesmo n\u00edvel de profici\u00eancia lingu\u00edstica. Os grupos consistem de estudantes de todas as idades, origens e nacionalidades, acreditamos que esta produz um ambiente mais interessante e educativo.<\/p>\n<p>Oferecemos os seguintes cursos de espanhol em C\u00f3rdoba:<\/p>\n<p>[pricing_table type=&#8221;1&#8243; backgroundcolor=&#8221;#a2c4d3&#8243; bordercolor=&#8221;#ffffff&#8221; dividercolor=&#8221;&#8221;]<br \/>\n[pricing_column title=&#8221;Curso intensivo&#8221;][pricing_price currency=&#8221;US $&#8221; price=&#8221;175&#8243; time=&#8221;week&#8221;][\/pricing_price][pricing_row]20 horas[\/pricing_row][pricing_row]at\u00e9 6 estudantes[\/pricing_row][pricing_row]-[\/pricing_row][pricing_footer]Reserve j\u00e1[\/pricing_footer][\/pricing_column]<br \/>\n[pricing_column title=&#8221;Curso Intensivo Plus&#8221;][pricing_price currency=&#8221;US $&#8221; price=&#8221;275&#8243; time=&#8221;week&#8221;][\/pricing_price][pricing_row]20 horas grupo[\/pricing_row][pricing_row]at\u00e9 6 estudantes[\/pricing_row][pricing_row]+ 5 horas privadas[\/pricing_row][pricing_footer]Reserve j\u00e1[\/pricing_footer][\/pricing_column]<br \/>\n[pricing_column title=&#8221;Aulas Individuais&#8221;][pricing_price currency=&#8221;US $&#8221; price=&#8221;22&#8243; time=&#8221;hour&#8221;][\/pricing_price][pricing_row]Privado[\/pricing_row][pricing_row]-[\/pricing_row][pricing_row]-[\/pricing_row][pricing_footer]Reserve j\u00e1[\/pricing_footer][\/pricing_column]<br \/>\n[pricing_column title=&#8221;Aulas Semi-privadas&#8221;][pricing_price currency=&#8221;US $&#8221; price=&#8221;16&#8243; time=&#8221;hour&#8221;][\/pricing_price][pricing_row]-[\/pricing_row][pricing_row]2 estudantes[\/pricing_row][pricing_row]-[\/pricing_row][pricing_footer]Reserve j\u00e1[\/pricing_footer][\/pricing_column]<br \/>\n[\/pricing_table]<\/p>\n<p>Pre\u00e7os das aulas de espanhol incluem:<\/p>\n<ul>\n<li>Cafeteria na escola<\/li>\n<li>Tes de n\u00edvel<\/li>\n<li>Certificado<\/li>\n<li>atividades gratuitas<\/li>\n<li>Material de estudo<\/li>\n<\/ul>\n<p>[\/tab]<br \/>\n[tab id=2][fontawesome icon=&#8221;thumbs-up&#8221; circle=&#8221;yes&#8221; size=&#8221;large&#8221;]<\/p>\n<p>Nossa escola de espanhol em C\u00f3rdoba oferece alojamento em:<\/p>\n<ul>\n<li>Apartmento apartilhado<\/li>\n<li>Resid\u00eancia para estudantes<\/li>\n<li>Casa de fam\u00edlia com caf\u00e9 da manh\u00e3 ou meia pens\u00e3o (caf\u00e9 da manh\u00e3 e jantar).<\/li>\n<\/ul>\n<p>Pre\u00e7os:<\/p>\n<p>[pricing_table type=&#8221;1&#8243; backgroundcolor=&#8221;#a2c4d3&#8243; bordercolor=&#8221;#ffffff&#8221; dividercolor=&#8221;&#8221;]<br \/>\n[pricing_column title=&#8221;Apartamento apartilhado&#8221;][pricing_price currency=&#8221;$&#8221; price=&#8221;135&#8243; time=&#8221;week&#8221;][\/pricing_price][pricing_row]-[\/pricing_row][pricing_footer]Reserve j\u00e1[\/pricing_footer][\/pricing_column]<br \/>\n[pricing_column title=&#8221;Casa de fam\u00edlia com caf\u00e9 da manh\u00e3&#8221;][pricing_price currency=&#8221;$&#8221; price=&#8221;150&#8243; time=&#8221;week&#8221;][\/pricing_price][pricing_row]-[\/pricing_row][pricing_footer]Reserve j\u00e1[\/pricing_footer][\/pricing_column]<br \/>\n[pricing_column title=&#8221;Casa de fam\u00edlia com caf\u00e9 da manh\u00e3 e jantar&#8221;][pricing_price currency=&#8221;$&#8221; price=&#8221;190&#8243; time=&#8221;week&#8221;][\/pricing_price][pricing_row]-[\/pricing_row][pricing_footer]Reserve j\u00e1[\/pricing_footer][\/pricing_column]<br \/>\n[pricing_column title=&#8221;Resid\u00eancia para estudantes&#8221;][pricing_price currency=&#8221;$&#8221; price=&#8221;130&#8243; time=&#8221;week&#8221;][\/pricing_price][pricing_row]-[\/pricing_row][pricing_footer]Reserve j\u00e1[\/pricing_footer][\/pricing_column]<br \/>\n[\/pricing_table][\/tab]<br \/>\n[tab id=3][fontawesome icon=&#8221;magic&#8221; circle=&#8221;yes&#8221; size=&#8221;large&#8221;]<\/p>\n<p>A nossa escola em C\u00f3rdoba oferece atividades gratuitas abertas para todos, incluindo as pessoas locais para promover a intera\u00e7\u00e3o para facilitar a aquisi\u00e7\u00e3o da linguagem.<\/p>\n<p>Todas as semanas a escola oferece tr\u00eas atividades gratuitas:<\/p>\n<ul>\n<li>aula de conversa\u00e7\u00e3o<\/li>\n<li>futebol<\/li>\n<li>visita a um museu<\/li>\n<li><strong>As oportunidades volunt\u00e1rias tamb\u00e9m s\u00e3o <strong> livres<\/strong>.<\/strong><\/li>\n<\/ul>\n<p>A escola tamb\u00e9m oferecer mais atividades, algumas delas, a um custo extra:<\/p>\n<ul>\n<li><strong>Esportes<\/strong>: Futebol, volleyball, basketball, etc.<\/li>\n<li><strong>Turismo Local:<\/strong> Trekking, escalada, equita\u00e7\u00e3o, vela, etc.<\/li>\n<li><strong>Atividades culturais : Visitas a museus, \u00e1reas interessantes, aulas de dan\u00e7a, aulas culin\u00e1rias,etc.<\/strong><\/li>\n<li><strong>Entretenimento : a escola tamb\u00e9m organiza sa\u00eddas: discotecas, cinema, bares, etc..<\/strong><\/li>\n<\/ul>\n<p>[\/tab][\/tabs][fullwidth backgroundcolor=&#8221;#f8f8f8&#8243; backgroundimage=&#8221;http:\/\/verbum.biz\/cursos-espanhol\/wp-content\/uploads\/spanish-lessons-cordoba-argentina5.jpg&#8221; backgroundrepeat=&#8221;no-repeat&#8221; backgroundposition=&#8221;center center&#8221; backgroundattachment=&#8221;fixed&#8221; bordersize=&#8221;1px&#8221; bordercolor=&#8221;#e5e4e4&#8243; paddingTop=&#8221;50px&#8221; paddingBottom=&#8221;0px&#8221;]<br \/>\n[tagline_box backgroundcolor=&#8221;rgba(255,255,255,.4)&#8221; shadow=&#8221;no&#8221; shadowopacity=&#8221;&#8221; border=&#8221;1px&#8221; bordercolor=&#8221;#e5e4e4&#8243; highlightposition=&#8221;left&#8221; content_alignment=&#8221;left&#8221; link=&#8221;http:\/\/verbum.biz\/spanish-schools\/enrollment&#8221; linktarget=&#8221;_blank&#8221; button_size=&#8221;large&#8221; button_shape=&#8221;square&#8221; button_type=&#8221;flat&#8221; buttoncolor=&#8221;&#8221; button=&#8221;Book Now!&#8221; title=&#8221;Studying Spanish is easier with Verbum!&#8221; description=&#8221;Book your full package through Verbum and start enjoying your stay in Cordoba!&#8221; animation_type=&#8221;fade&#8221; animation_direction=&#8221;up&#8221; animation_speed=&#8221;1&#8243; class=&#8221;&#8221; id=&#8221;&#8221;][\/tagline_box]<br \/>\n[separator style_type=&#8221;&#8221; top_margin=&#8221;-30&#8243; bottom_margin=&#8221;&#8221; sep_color=&#8221;&#8221; icon=&#8221;&#8221; width=&#8221;&#8221; class=&#8221;&#8221; id=&#8221;&#8221;]<br \/>\n[\/fullwidth]<\/p>\n","protected":false},"excerpt":{"rendered":"<p>A escola est\u00e1 localizada a apenas 10 minutos do centro da cidade de C\u00f3rdoba. A escola tem seis salas de aula confort\u00e1veis e t\u00eam muitas \u00e1reas comuns para socializar com outros estudantes: cozinha, jardim e terra\u00e7o. H\u00e1 wi fi. A escola oferece oportunidades de voluntariado. Seus alunos podem combinar aulas de espanhol com aulas de  [&#8230;]<\/p>\n","protected":false},"author":1,"featured_media":0,"parent":0,"menu_order":0,"comment_status":"open","ping_status":"closed","template":"","meta":{"footnotes":""},"class_list":["post-3936","page","type-page","status-publish","hentry"],"_links":{"self":[{"href":"https:\/\/verbum.biz\/pt-br\/wp-json\/wp\/v2\/pages\/3936","targetHints":{"allow":["GET"]}}],"collection":[{"href":"https:\/\/verbum.biz\/pt-br\/wp-json\/wp\/v2\/pages"}],"about":[{"href":"https:\/\/verbum.biz\/pt-br\/wp-json\/wp\/v2\/types\/page"}],"author":[{"embeddable":true,"href":"https:\/\/verbum.biz\/pt-br\/wp-json\/wp\/v2\/users\/1"}],"replies":[{"embeddable":true,"href":"https:\/\/verbum.biz\/pt-br\/wp-json\/wp\/v2\/comments?post=3936"}],"version-history":[{"count":2,"href":"https:\/\/verbum.biz\/pt-br\/wp-json\/wp\/v2\/pages\/3936\/revisions"}],"predecessor-version":[{"id":5788,"href":"https:\/\/verbum.biz\/pt-br\/wp-json\/wp\/v2\/pages\/3936\/revisions\/5788"}],"wp:attachment":[{"href":"https:\/\/verbum.biz\/pt-br\/wp-json\/wp\/v2\/media?parent=3936"}],"curies":[{"name":"wp","href":"https:\/\/api.w.org\/{rel}","templated":true}]}}