{"id":3937,"date":"2014-08-29T22:52:13","date_gmt":"2014-08-29T22:52:13","guid":{"rendered":"https:\/\/verbum.biz\/isla-margarita-venezuela\/"},"modified":"2014-08-29T22:52:13","modified_gmt":"2014-08-29T22:52:13","slug":"isla-margarita-venezuela","status":"publish","type":"page","link":"https:\/\/verbum.biz\/pt-br\/isla-margarita-venezuela\/","title":{"rendered":"Nossa Escola de Espanhol em Isla Margarita, Venezuela"},"content":{"rendered":"<p>[one_half last=&#8221;no&#8221;]<\/p>\n<p>[title size=&#8221;2&#8243;]Bem vindo a Isla Margarita, Venezuela![\/title]<\/p>\n<p>Margarita \u00e9 uma das mais belas ilhas do Caribe, com mais de 82 praias, cada uma delas \u00fanica. A ilha oferece uma infra-estrutura altamente desenvolvida om a abund\u00e2ncia de hot\u00e9is, bares e vida nocturna.<br \/>\nA temperatura m\u00e9dia \u00e9 de 27-34 graus cent\u00edgrados durante todo o ano. A esta\u00e7\u00e3o das chuvas cai entre outubro e mar\u00e7o, mas chove muito pouco e somente normalmente durante as noites.<br \/>\nAo lado das praias mais populares e mais frequentadas, Margarita tamb\u00e9m tem alguns praias praticamente desertas. N\u00f3s visitamos alguns deles em nossas excurs\u00f5es. Margarita tamb\u00e9m oferece uma grande variedade de esportes: windsurf, surf, mergulho, golfe, t\u00e9nis, aer\u00f3bica, pistas de corrida nas praias e muito mais. Muitos restaurantes e bares diferentes oferecem comida venezuelana e internacional, enquanto que os discos garantir uma noite inesquec\u00edvel.<br \/>\nMargarita \u00e9 famosa por ser uma ilha tranquila e segura comparado a outros lugares da Am\u00e9rica Latina. Recomendamos tomar um t\u00e1xi ap\u00f3s 6:00 Quando ele est\u00e1 ficando escuro. Os t\u00e1xis n\u00e3o s\u00e3o caros na ilha.<\/p>\n<p>[accordian]<\/p>\n<p>[toggle title=&#8221;O que levar para a viagem &#8220;]<br \/>\nRecomendamos roupas de ver\u00e3o para a ilha. O equipamento para ir para a escola, bem como para as excurs\u00f5es, \u00e9 short, camiseta e sand\u00e1lias. A roupa de banho, toalha e protetor solar (fator de prote\u00e7\u00e3o elevado) s\u00e3o necess\u00e1rios para a praia. Dado que estamos nos tr\u00f3picos, um chap\u00e9u ou bon\u00e9 \u00e9 uma obriga\u00e7\u00e3o. o repelente est\u00e1 dispon\u00edvel nas farm\u00e1cias locais e tem-se mostrado mais \u00fatil. Recomendamos trazer cal\u00e7as e um agasalho leve para a noite, bem como para alguns lugares com ar-condicionado, como cinemas, restaurantes e bares. Eletricidade \u00e9 110 a 120 volts. Para as aulas recomendamos que voc\u00ea trazer um dicion\u00e1rio, uma lista de conjuga\u00e7\u00e3o, um caderno e um l\u00e1pis. Vamos fornecer-lhe o resto do material.[\/toggle]<\/p>\n<p>[toggle title=&#8221;Quest\u00f5es de dinheiro&#8221;]<br \/>\nA melhor op\u00e7\u00e3o para as suas despesas de pessoal \u00e9 trazer US $ em dinheiro, como voc\u00ea vai obter uma taxa de c\u00e2mbio muito melhor que quando usa cart\u00f5es de cr\u00e9dito.\u00a0[\/toggle]<\/p>\n<p>[toggle title=&#8221;Servi\u00e7os&#8221;]<br \/>\nH\u00e1 muitos internet caf\u00e9s perto da escola, bem como em Porlamar. Os telefones p\u00fablicos para fazer chamadas internacionais est\u00e3o dispon\u00edveis em toda a Ilha. Os telefones requerem cart\u00f5es telef\u00f4nicos. Um cart\u00e3o de 20 bol\u00edvares \u00e9 necess\u00e1rio para fazer uma chamada internacional. Na escola temos internet sem fio e um computador que os alunos podem utilizar gratuitamente. Muitas fam\u00edlias tamb\u00e9m t\u00eam uma conex\u00e3o de internet sem fio, tamb\u00e9m. [\/toggle]<\/p>\n<p>[\/accordian]<\/p>\n<p>[\/one_half]<\/p>\n<p>[one_half last=&#8221;yes&#8221;]<\/p>\n<p>[slider width=&#8221;100%&#8221; height=&#8221;100%&#8221;]<br \/>\n[slide type=&#8221;image&#8221; link=&#8221;&#8221; linktarget=&#8221;_self&#8221; lightbox=&#8221;yes&#8221;]http:\/\/verbum.biz\/cursos-espanhol\/wp-content\/uploads\/spanish-lessons-isla-margarita-venezuela-1.jpg[\/slide]<br \/>\n[slide type=&#8221;image&#8221; link=&#8221;&#8221; linktarget=&#8221;_self&#8221; lightbox=&#8221;yes&#8221;]http:\/\/verbum.biz\/cursos-espanhol\/wp-content\/uploads\/spanish-lessons-isla-margarita-venezuela-2.jpg[\/slide]<br \/>\n[slide type=&#8221;image&#8221; link=&#8221;&#8221; linktarget=&#8221;_self&#8221; lightbox=&#8221;yes&#8221;]http:\/\/verbum.biz\/cursos-espanhol\/wp-content\/uploads\/spanish-lessons-isla-margarita-venezuela-6.jpg[\/slide]<br \/>\n[slide type=&#8221;image&#8221; link=&#8221;&#8221; linktarget=&#8221;_self&#8221; lightbox=&#8221;yes&#8221;]http:\/\/verbum.biz\/cursos-espanhol\/wp-content\/uploads\/spanish-lessons-isla-margarita-venezuela-7.jpg[\/slide]<br \/>\n[slide type=&#8221;image&#8221; link=&#8221;&#8221; linktarget=&#8221;_self&#8221; lightbox=&#8221;yes&#8221;]http:\/\/verbum.biz\/cursos-espanhol\/wp-content\/uploads\/spanish-lessons-isla-margarita-venezuela-8.jpg[\/slide]<br \/>\n[\/slider]<\/p>\n<p>[accordian]<\/p>\n<p>[toggle title=&#8221;Como chegar a Margarita&#8221;]<br \/>\nPara viajar para a Ilha Margarita voc\u00ea precisar\u00e1 reservar um voo para Caracas e de Caracas h\u00e1 muitos v\u00f4os nacionais para Porlamar em Margarita. Pergunte-nos para as reservas dos voos nacionais.<br \/>\nO aeroporto de Caracas n\u00e3o \u00e9 realmente em Caracas, \u00e9 em outra cidade chamada Maiquet\u00eda e fica a 30 minutos de carro da capital. O aeroporto nacional fica ao lado (5 minutos) e mais de 20 por dia de licen\u00e7a Flights para Porlamar a partir da\u00ed. O tempo de v\u00f4o para a ilha \u00e9 de 30 minutos. A escola pode reservar o v\u00f4o de Caracas a Porlamar para voc\u00ea. Se voc\u00ea precisar passar a noite em Caracas porque o seu v\u00f4o chega depois de as seis horas, a escola vai reservar-lhe um quarto de hotel pr\u00f3ximo ao aeroporto e vai organizar o seu transporte. N\u00f3s recomendamos que voc\u00ea reservar com hotel de Catimar como eles tamb\u00e9m fornecem um servi\u00e7o de transporte de e para o aeroporto: http:\/\/www.hotelcatimar.com\/ Basta perguntar-nos para o servi\u00e7o. No aeroporto de Porlamar voc\u00ea pode tirar proveito do nosso servi\u00e7o de transporte a um custo de US $ 20. [\/toggle]<\/p>\n<p>[toggle title=&#8221;Vistos para os cidad\u00e3os europeus e norte-americanos.&#8221;]<br \/>\nN\u00e3o \u00e9 necess\u00e1rio visto para estudar por at\u00e9 90 dias. A bordo do seu voo, a companhia a\u00e9rea ir\u00e1 fornecer-lhe os documentos necess\u00e1rios e no balc\u00e3o de imigra\u00e7\u00e3o, voc\u00ea receber\u00e1 uma c\u00f3pia que voc\u00ea deve manter at\u00e9 voc\u00ea sair do pa\u00eds. [\/toggle]<\/p>\n<p>[toggle title=&#8221;Vacinas&#8221;]<br \/>\nNenhuma vacina \u00e9 necess\u00e1ria a menos que voc\u00ea pretende ir para a Amaz\u00f4nia. N\u00e3o h\u00e1 mal\u00e1ria na ilha, mas n\u00f3s recomendamos a vacina\u00e7\u00e3o contra a hepatite A e B..[\/toggle]<\/p>\n<p>[\/accordian]<\/p>\n<p>[\/one_half]<br \/>\n[one_half last=&#8221;no&#8221;]<br \/>\n[title size=&#8221;2&#8243;]Escola em Margarita[\/title]<\/p>\n<p>A nossa escola oferece a melhor oportunidade para melhorar suas habilidades na l\u00edngua espanhola, enquanto aprecia a atmosfera bonita, a paisagem e praias de uma ilha do Caribe.<\/p>\n<p>Ele est\u00e1 localizado em uma casa apenas a 30 minutos a p\u00e9 da praia. Esta \u00e9 uma \u00e1rea residencial segura e est\u00e1 localizado entre Porlamar, a maior e mais importante cidade da ilha, e Pampatar, uma pequena aldeia de pescadores \u00e0 beira-mar. A \u00e1rea \u00e9 chamada Playa El Angel, e todas as nossas fam\u00edlias vivem a uma curta dist\u00e2ncia. Tem um jardim dianteiro e traseiro e diferentes salas de aulas, todos os quais s\u00e3o muito tranquilo e confort\u00e1vel.<\/p>\n<p><strong> A nossa escola tem um <strong> Bildungsurlaub <strong> \u00e9 um centro de exames para o DIE (Diploma Internacional de Espa\u00f1ol). Este diploma \u00e9 oferecido em 10 n\u00edveis e 3 especializa\u00e7\u00f5es, e voc\u00ea pode fazer o exame oral, na nossa escola antes de terminar o seu curso.<\/strong><\/strong><\/strong><\/p>\n<p>No final de cada n\u00edvel, a escola vai emitir com seu pr\u00f3prio certificado. Se voc\u00ea gostaria de um certificado internacional oficial, recomendamos que voc\u00ea tomar um dos 10 n\u00edveis do Diploma exame Internacional de Espa\u00f1ol. Este exame oral \u00e9 de baixo custo, se voc\u00ea lev\u00e1-la na Venezuela, e do Diploma \u00e9 emitido pela Universidad Pontificia de Salamanca, Espanha e FIDESCU.<\/p>\n<p>A escola organiza excurs\u00f5es \u00e0 tarde ao redor da ilha tr\u00eas vezes por semana. <strong> Estas viagens s\u00e3o parte do programa e s\u00e3o gratuitos.<br \/>\n[\/one_half]<\/strong><\/p>\n<p>[one_half last=&#8221;yes&#8221;]<br \/>\n[title size=&#8221;2&#8243;]Nossa localiza\u00e7\u00e3o em Isla Margarita, Venezuela[\/title]<br \/>\n[map address=&#8221;Isla Margarita, Venezuela&#8221; type=&#8221;roadmap&#8221; map_style=&#8221;custom&#8221; overlay_color=&#8221;#164601&#8243; infobox=&#8221;default&#8221; infobox_background_color=&#8221;&#8221; infobox_text_color=&#8221;&#8221; infobox_content=&#8221;&#8221; icon=&#8221;theme&#8221; width=&#8221;100%&#8221; height=&#8221;235px&#8221; zoom=&#8221;5&#8243; scrollwheel=&#8221;yes&#8221; scale=&#8221;yes&#8221; zoom_pancontrol=&#8221;yes&#8221; popup=&#8221;no&#8221; class=&#8221;&#8221; id=&#8221;&#8221;][\/map]<br \/>\n[\/one_half]<\/p>\n<p>[title size=&#8221;2&#8243;]Nossos estudantes[\/title]<br \/>\n[images lightbox=&#8221;yes&#8221;]<br \/>\n[image link=&#8221;http:\/\/verbum.biz\/cursos-espanhol\/wp-content\/uploads\/spanish-school-bariloche-argentina.jpg&#8221; linktarget=&#8221;_self&#8221; image=&#8221;http:\/\/verbum.biz\/cursos-espanhol\/wp-content\/uploads\/spanish-school-bariloche-argentina.jpg&#8221; alt=&#8221;Our Spanish School in Bariloche, Argentina&#8221;]<br \/>\n[image link=&#8221;http:\/\/verbum.biz\/cursos-espanhol\/wp-content\/uploads\/spanish-school-bariloche-argentina-2.jpg&#8221; linktarget=&#8221;_self&#8221; image=&#8221;http:\/\/verbum.biz\/cursos-espanhol\/wp-content\/uploads\/spanish-school-bariloche-argentina-2.jpg&#8221; alt=&#8221;Our Spanish School in Bariloche, Argentina&#8221;]<br \/>\n[\/images]<\/p>\n<p>[title size=&#8221;2&#8243;]Os servi\u00e7os oferecidos pela nossa escola de espanhol em Isla Margarita, Venezuela[\/title]<\/p>\n<p>[tabs tab1=&#8221;Cursos de espanhol&#8221; tab2=&#8221;Hospedagem&#8221; tab3=&#8221;Atividades&#8221;]<br \/>\n[tab id=1]<br \/>\n[fontawesome icon=&#8221;random&#8221; circle=&#8221;yes&#8221; size=&#8221;small&#8221;]<\/p>\n<p>A escola oferece cursos de espanhol gerais, cursos especiais para professores de espanhol e cursos de prepara\u00e7\u00e3o para o certificado DELE.<br \/>\nNossas aulas de grupo espanhol geral come\u00e7am \u00e0s 8h30 e terminam \u00e0s 01:00. H\u00e1 duas pausas 10,00-10,30 am e 12,00-12,15 hs.<br \/>\n\u00c0s ter\u00e7as-feiras, quartas-feiras e quintas-feiras deixamos para as nossas excurs\u00f5es em torno de 13:10.<br \/>\nHor\u00e1rios de aulas individuais variam de acordo com arranjos de alunos e professores.<\/p>\n<p><strong> Espanhol para especiais prop\u00f3sitos: Servi\u00e7os de Sa\u00fade, Lei e Neg\u00f3cios: Estes cursos s\u00e3o oferecidos com excurs\u00f5es ou experi\u00eancia de trabalho. Estes cursos s\u00e3o destinados a profissionais e estudantes com interesse na \u00e1rea. Um conhecimento intermedi\u00e1rio de espanhol \u00e9 necess\u00e1rio para estes cursos. A nossa escola vai ficar feliz em ajud\u00e1-lo a encontrar um est\u00e1gio adequado ap\u00f3s o curso, se voc\u00ea pretende continuar seus estudos.<\/strong><\/p>\n<p>[pricing_table type=&#8221;2&#8243; backgroundcolor=&#8221;#a2c4d3&#8243; bordercolor=&#8221;#ffffff&#8221; dividercolor=&#8221;&#8221;]<\/p>\n<p>[pricing_column title=&#8221;Curso intensivo&#8221;][pricing_price currency=&#8221;US$&#8221; price=&#8221;230&#8243; time=&#8221;week&#8221;][\/pricing_price][pricing_row]Aulas em grupo[\/pricing_row][pricing_row]25 aulas[\/pricing_row][pricing_row]De 8:30 am at\u00e9 1 pm[\/pricing_row][pricing_footer]Reserve j\u00e1[\/pricing_footer][\/pricing_column]<br \/>\n[pricing_column title=&#8221;Espanhol espec\u00edfico&#8221;][pricing_price currency=&#8221;US$&#8221; price=&#8221;230&#8243; time=&#8221;week&#8221;][\/pricing_price][pricing_row]Aulas em grupo[\/pricing_row][pricing_row]25 aulas\u00a0(45\u00b4cada uma)[\/pricing_row][pricing_row]Excurs\u00f5es ou experi\u00eancia de trabalho inclu\u00eddo[\/pricing_row][pricing_footer]Reserve j\u00e1[\/pricing_footer][\/pricing_column]<br \/>\n[\/pricing_table]<\/p>\n<p>&nbsp;<\/p>\n<p>&nbsp;<\/p>\n<p>[pricing_table type=&#8221;1&#8243; backgroundcolor=&#8221;#a2c4d3&#8243; bordercolor=&#8221;#ffffff&#8221; dividercolor=&#8221;&#8221;]<br \/>\n[pricing_column title=&#8221;One to One Lessons&#8221;][pricing_price currency=&#8221;US$&#8221; price=&#8221;200&#8243; time=&#8221;week&#8221;][\/pricing_price][pricing_row]Private Lessons[\/pricing_row][pricing_row]10 lessons[\/pricing_row][pricing_footer]Reserve j\u00e1[\/pricing_footer][\/pricing_column]<br \/>\n[pricing_column title=&#8221;One to One Lessons&#8221;][pricing_price currency=&#8221;US$&#8221; price=&#8221;280&#8243; time=&#8221;week&#8221;][\/pricing_price][pricing_row]Private Lessons[\/pricing_row][pricing_row]15 lessons[\/pricing_row][pricing_footer]Reserve j\u00e1[\/pricing_footer][\/pricing_column]<br \/>\n[pricing_column title=&#8221;One to One Lessons&#8221;][pricing_price currency=&#8221;US$&#8221; price=&#8221;370&#8243; time=&#8221;week&#8221;][\/pricing_price][pricing_row]Private Lessons[\/pricing_row][pricing_row]20 lessons[\/pricing_row][pricing_footer]Reserve j\u00e1[\/pricing_footer][\/pricing_column]<br \/>\n[pricing_column title=&#8221;One to One Lessons&#8221;][pricing_price currency=&#8221;US$&#8221; price=&#8221;400&#8243; time=&#8221;week&#8221;][\/pricing_price][pricing_row]Private Lessons[\/pricing_row][pricing_row]25 lessons[\/pricing_row][pricing_footer]Reserve j\u00e1[\/pricing_footer][\/pricing_column]<\/p>\n<p>[\/pricing_table]<\/p>\n<p>Aditionals<br \/>\n[pricing_table type=&#8221;2&#8243; backgroundcolor=&#8221;#a2c4d3&#8243; bordercolor=&#8221;#ffffff&#8221; dividercolor=&#8221;&#8221;]<\/p>\n<p>[pricing_column title=&#8221;Transporto do aeroporto&#8221;][pricing_price currency=&#8221;US$&#8221; price=&#8221;22&#8243; time=&#8221;one way&#8221;][\/pricing_price][pricing_row]Do Porlamar at\u00e9 hospedagem[\/pricing_row][pricing_footer]Reserve j\u00e1[\/pricing_footer][\/pricing_column]<br \/>\n[pricing_column title=&#8221;Transporto do aeroporto&#8221;][pricing_price currency=&#8221;US$&#8221; price=&#8221;35&#8243; time=&#8221;by ferry&#8221;][\/pricing_price][pricing_row]De Porlamar Airport at\u00e9 hospedagem[\/pricing_row][pricing_footer]Reserve j\u00e1[\/pricing_footer][\/pricing_column]<br \/>\n[\/pricing_table]<\/p>\n<p>&nbsp;<\/p>\n<p>&nbsp;<\/p>\n<p>&nbsp;<\/p>\n<p>[\/tab]<br \/>\n[tab id=2][fontawesome icon=&#8221;thumbs-up&#8221; circle=&#8221;yes&#8221; size=&#8221;small&#8221;]<\/p>\n<p>Nossa escola de espanhol em Isla Margarita oferece alojamento em:<\/p>\n<ul>\n<li>Casa de fam\u00edlia fam\u00edlia com caf\u00e9 da manh\u00e3 e jantar em quarto individual ou duplo<\/li>\n<li>Apartamento privado, casa ou hotel<\/li>\n<\/ul>\n<p>Pre\u00e7os:<\/p>\n<p>[pricing_table type=&#8221;2&#8243; backgroundcolor=&#8221;#a2c4d3&#8243; bordercolor=&#8221;#ffffff&#8221; dividercolor=&#8221;&#8221;]<\/p>\n<p>[pricing_column title=&#8221;Casa de fam\u00edlia &#8220;][pricing_price currency=&#8221;US $&#8221; price=&#8221;210&#8243; time=&#8221;week&#8221;][\/pricing_price][pricing_row]om caf\u00e9 da manh\u00e3 e jantar [\/pricing_row][pricing_row]Quarto individual e banheiro privado[\/pricing_row][pricing_footer]Reserve j\u00e1[\/pricing_footer][\/pricing_column]<br \/>\n[pricing_column title=&#8221;Casa de fam\u00edlia &#8220;][pricing_price currency=&#8221;US $&#8221; price=&#8221;30&#8243; time=&#8221;extra days&#8221;][\/pricing_price][pricing_row]Com caf\u00e9 da manh\u00e3 e jantar [\/pricing_row][pricing_row]Quarto individual e banheiro privado[\/pricing_row][pricing_footer]Reserve j\u00e1[\/pricing_footer][\/pricing_column]<\/p>\n<p>[\/pricing_table]<\/p>\n<p>Para aqueles que desejam ficar em um apartamento, casa ou hotel, por favor contacte-nos. Existem diferentes categorias de pre\u00e7os e n\u00f3s teremos o prazer de encontrar um local adequado para voc\u00ea.<\/p>\n<p>[\/tab]<br \/>\n[tab id=3][fontawesome icon=&#8221;magic&#8221; circle=&#8221;yes&#8221; size=&#8221;small&#8221;]<\/p>\n<p>A escola organiza excurs\u00f5es \u00e0 tarde ao redor da ilha tr\u00eas vezes por semana. <strong> Estas viagens s\u00e3o parte do programa e s\u00e3o gratuitos. \u00c0s ter\u00e7as-feiras, quartas-feiras e quintas-feiras deixamos para as nossas excurs\u00f5es em torno de 1:10, dependendo da dist\u00e2ncia da atra\u00e7\u00e3o a ser visitada. As excurs\u00f5es s\u00e3o gratuitos, mas os bilhetes para os museus, parques nacionais e de o barco em La Restinga deve ser pago por cada aluno. No entanto, estes s\u00e3o relativamente baratas. Recomendamos que nossos alunos trazem seu pr\u00f3prio almo\u00e7o para as excurs\u00f5es. Na escola h\u00e1 um frigor\u00edfico, onde voc\u00ea pode armazenar seus alimentos. Tamb\u00e9m \u00e9 poss\u00edvel almo\u00e7ar em alguns lugares perto da escola, bem como a maioria dos destinos que visitamos nas excurs\u00f5es da tarde t\u00eam pequenos restaurantes ou lojas que servem comida .<\/strong><\/p>\n<p>[\/tab]<\/p>\n<p>[\/tabs]<\/p>\n<p>[fullwidth backgroundcolor=&#8221;#f8f8f8&#8243; backgroundimage=&#8221;http:\/\/verbum.biz\/cursos-espanhol\/wp-content\/uploads\/spanish-lessons-isla-margarita-venezuela-5.jpg&#8221; backgroundrepeat=&#8221;no-repeat&#8221; backgroundposition=&#8221;center center&#8221; backgroundattachment=&#8221;fixed&#8221; bordersize=&#8221;1px&#8221; bordercolor=&#8221;#e5e4e4&#8243; paddingTop=&#8221;50px&#8221; paddingBottom=&#8221;0px&#8221;] [tagline_box backgroundcolor=&#8221;rgba(255,255,255,.4)&#8221; shadow=&#8221;no&#8221; shadowopacity=&#8221;&#8221; border=&#8221;1px&#8221; bordercolor=&#8221;#e5e4e4&#8243; highlightposition=&#8221;left&#8221; content_alignment=&#8221;left&#8221; link=&#8221;http:\/\/verbum.biz\/spanish-schools\/enrollment&#8221; linktarget=&#8221;_blank&#8221; button_size=&#8221;large&#8221; button_shape=&#8221;square&#8221; button_type=&#8221;flat&#8221; buttoncolor=&#8221;&#8221; button=&#8221;Book Now!&#8221; title=&#8221;Studying Spanish is easier with Verbum!&#8221; description=&#8221;Book your full package through Verbum and start enjoying your stay in Isla Margarita!&#8221; animation_type=&#8221;fade&#8221; animation_direction=&#8221;up&#8221; animation_speed=&#8221;1&#8243; class=&#8221;&#8221; id=&#8221;&#8221;][\/tagline_box] [separator style_type=&#8221;&#8221; top_margin=&#8221;-30&#8243; bottom_margin=&#8221;&#8221; sep_color=&#8221;&#8221; icon=&#8221;&#8221; width=&#8221;&#8221; class=&#8221;&#8221; id=&#8221;&#8221;]<\/p>\n<p>[\/fullwidth]<\/p>\n","protected":false},"excerpt":{"rendered":"<p>[one_half last=&#8221;no&#8221;] [title size=&#8221;2&#8243;]Bem vindo a Isla Margarita, Venezuela![\/title] Margarita \u00e9 uma das mais belas ilhas do Caribe, com mais de 82 praias, cada uma delas \u00fanica. A ilha oferece uma infra-estrutura altamente desenvolvida om a abund\u00e2ncia de hot\u00e9is, bares e vida nocturna. A temperatura m\u00e9dia \u00e9 de 27-34 graus cent\u00edgrados durante todo o ano.  [&#8230;]<\/p>\n","protected":false},"author":1,"featured_media":0,"parent":0,"menu_order":0,"comment_status":"open","ping_status":"closed","template":"","meta":{"footnotes":""},"class_list":["post-3937","page","type-page","status-publish","hentry"],"_links":{"self":[{"href":"https:\/\/verbum.biz\/pt-br\/wp-json\/wp\/v2\/pages\/3937","targetHints":{"allow":["GET"]}}],"collection":[{"href":"https:\/\/verbum.biz\/pt-br\/wp-json\/wp\/v2\/pages"}],"about":[{"href":"https:\/\/verbum.biz\/pt-br\/wp-json\/wp\/v2\/types\/page"}],"author":[{"embeddable":true,"href":"https:\/\/verbum.biz\/pt-br\/wp-json\/wp\/v2\/users\/1"}],"replies":[{"embeddable":true,"href":"https:\/\/verbum.biz\/pt-br\/wp-json\/wp\/v2\/comments?post=3937"}],"version-history":[{"count":0,"href":"https:\/\/verbum.biz\/pt-br\/wp-json\/wp\/v2\/pages\/3937\/revisions"}],"wp:attachment":[{"href":"https:\/\/verbum.biz\/pt-br\/wp-json\/wp\/v2\/media?parent=3937"}],"curies":[{"name":"wp","href":"https:\/\/api.w.org\/{rel}","templated":true}]}}