{"id":3938,"date":"2014-08-29T22:42:14","date_gmt":"2014-08-29T22:42:14","guid":{"rendered":"https:\/\/verbum.biz\/mendoza-capital-argentina\/"},"modified":"2014-08-29T22:42:14","modified_gmt":"2014-08-29T22:42:14","slug":"mendoza-capital-argentina","status":"publish","type":"page","link":"https:\/\/verbum.biz\/pt-br\/mendoza-capital-argentina\/","title":{"rendered":"Nossa Escola de Espanhol em Mendoza, Argentina"},"content":{"rendered":"<p>[one_half last=&#8221;no&#8221;]<\/p>\n<p>[title size=&#8221;2&#8243;]Bem vindo a Mendoza, Argentina![\/title]<\/p>\n<p>A cidade \u00e9 uma paragem frequente para os escaladores em seu caminho para o Aconc\u00e1gua (a montanha mais alta de Sudamerica) e para viajantes aventureiros interessados em montanhismo, trekking, cavalgadas, rafting e outros esportes. No inverno, os esquiadores v\u00eam \u00e0 cidade para o seu f\u00e1cil acesso aos Andes.<\/p>\n<p>Mendoza tamb\u00e9m \u00e9 conhecida pelas suas vinhas espectaculares que produzem vinhos de qualidade premium que ganham regularmente pr\u00eamios nacionais e internacionais. Muitas vin\u00edcolas oferecem degusta\u00e7\u00e3o de vinhos. Excurs\u00f5es do vinho podem durar entre 20 minutos e uma hora, dependendo da adega. Muitas vin\u00edcolas t\u00eam dispon\u00edvel servi\u00e7os de alimenta\u00e7\u00e3o exclusivas e deliciosas. Cozinha regional Gourmet, estilo tapas ou queijo e frutas s\u00e3o servidos no interior ou em p\u00e1tios protegidos, todos com espectaculares vistas para o lago e para o vale.<br \/>\n[\/one_half]<\/p>\n<p>[one_half last=&#8221;yes&#8221;]<\/p>\n<p>[slider width=&#8221;100%&#8221; height=&#8221;100%&#8221;]<br \/>\n[slide type=&#8221;image&#8221; link=&#8221;&#8221; linktarget=&#8221;_self&#8221; lightbox=&#8221;yes&#8221;]http:\/\/verbum.biz\/cursos-espanhol\/wp-content\/uploads\/spanish-lessons-mendoza-argentina-4.jpg[\/slide]<br \/>\n[slide type=&#8221;image&#8221; link=&#8221;&#8221; linktarget=&#8221;_self&#8221; lightbox=&#8221;yes&#8221;]http:\/\/verbum.biz\/cursos-espanhol\/wp-content\/uploads\/spanish-lessons-mendoza-argentina-1.jpg[\/slide]<br \/>\n[slide type=&#8221;image&#8221; link=&#8221;&#8221; linktarget=&#8221;_self&#8221; lightbox=&#8221;yes&#8221;]http:\/\/verbum.biz\/cursos-espanhol\/wp-content\/uploads\/spanish-lessons-mendoza-argentina-2.jpg[\/slide] [slide type=&#8221;image&#8221; link=&#8221;&#8221; linktarget=&#8221;_self&#8221; lightbox=&#8221;yes&#8221;]http:\/\/verbum.biz\/cursos-espanhol\/wp-content\/uploads\/spanish-lessons-mendoza-argentina-3.jpg[\/slide]<br \/>\n[slide type=&#8221;image&#8221; link=&#8221;&#8221; linktarget=&#8221;_self&#8221; lightbox=&#8221;yes&#8221;]http:\/\/verbum.biz\/cursos-espanhol\/wp-content\/uploads\/spanish-lessons-mendoza-argentina-5.jpg[\/slide]<br \/>\n[\/slider]<br \/>\n[\/one_half]<\/p>\n<p>[one_half last=&#8221;no&#8221;]<br \/>\n[title size=&#8221;2&#8243;]A escola em Mendoza[\/title]<br \/>\nNossa escola de espanhol em Mendoza tem 8 salas de diferentes tamanhos para aulas em grupo ou aulas individuais. H\u00e1 tamb\u00e9m uma sala usada para assistir filmes ou outras atividades recreativas. As \u00e1reas comuns incluem sala de Internet com 5 computadores. H\u00e1 tamb\u00e9m a sala de estar, onde os alunos podem beber \/ comer alguma coisa. A escola oferece caf\u00e9, ch\u00e1 ou leite para o caf\u00e9 da manh\u00e3 com biscoitos ou frutas. \u00c0s segundas-feiras a escola oferece um almo\u00e7o de boas-vindas para os novos alunos. Professores altamente qualificados e cuidadosos garantir o seu progresso em nossa escola de espanhol em Mendoza.<br \/>\n[\/one_half]<br \/>\n[one_half last=&#8221;yes&#8221;]<br \/>\n[title size=&#8221;2&#8243;]Nossa localiza\u00e7\u00e3o em Mendoza, Argentina[\/title]<br \/>\n[map address=&#8221;Mendoza, Argentina&#8221; type=&#8221;roadmap&#8221; map_style=&#8221;custom&#8221; overlay_color=&#8221;#164601&#8243; infobox=&#8221;default&#8221; infobox_background_color=&#8221;&#8221; infobox_text_color=&#8221;&#8221; infobox_content=&#8221;&#8221; icon=&#8221;theme&#8221; width=&#8221;100%&#8221; height=&#8221;235px&#8221; zoom=&#8221;5&#8243; scrollwheel=&#8221;yes&#8221; scale=&#8221;yes&#8221; zoom_pancontrol=&#8221;yes&#8221; popup=&#8221;no&#8221; class=&#8221;&#8221; id=&#8221;&#8221;][\/map]<br \/>\n[\/one_half]<\/p>\n<p>[title size=&#8221;2&#8243;]Nossos estudantes[\/title]<br \/>\n[images lightbox=&#8221;yes&#8221;]<br \/>\n[image link=&#8221;http:\/\/verbum.biz\/cursos-espanhol\/wp-content\/uploads\/spanish-school-mendoza-argentina-1.jpg&#8221; linktarget=&#8221;_self&#8221; image=&#8221;http:\/\/verbum.biz\/cursos-espanhol\/wp-content\/uploads\/spanish-school-mendoza-argentina-1.jpg&#8221; alt=&#8221;Our Spanish School in Mendoza, Argentina&#8221;]<br \/>\n[image link=&#8221;http:\/\/verbum.biz\/cursos-espanhol\/wp-content\/uploads\/spanish-school-mendoza-argentina-2.jpg&#8221; linktarget=&#8221;_self&#8221; image=&#8221;http:\/\/verbum.biz\/cursos-espanhol\/wp-content\/uploads\/spanish-school-mendoza-argentina-2.jpg&#8221; alt=&#8221;Our Spanish School in Mendoza, Argentina&#8221;]<br \/>\n[image link=&#8221;http:\/\/verbum.biz\/cursos-espanhol\/wp-content\/uploads\/spanish-school-mendoza-argentina-3.jpg&#8221; linktarget=&#8221;_self&#8221; image=&#8221;http:\/\/verbum.biz\/cursos-espanhol\/wp-content\/uploads\/spanish-school-mendoza-argentina-3.jpg&#8221; alt=&#8221;Our Spanish School in Mendoza, Argentina&#8221;]<br \/>\n[image link=&#8221;http:\/\/verbum.biz\/cursos-espanhol\/wp-content\/uploads\/spanish-school-mendoza-argentina-4.jpg&#8221; linktarget=&#8221;_self&#8221; image=&#8221;http:\/\/verbum.biz\/cursos-espanhol\/wp-content\/uploads\/spanish-school-mendoza-argentina-4.jpg&#8221; alt=&#8221;Our Spanish School in Mendoza, Argentina&#8221;]<br \/>\n[\/images]<\/p>\n<p>[title size=&#8221;2&#8243;]Os servi\u00e7os oferecidos pela nossa escola de espanhol em Mendoza, Argentina[\/title]<br \/>\n[tabs tab1=&#8221;Cursos de espanhol&#8221; tab2=&#8221;Hospedagem&#8221; tab3=&#8221;Atividades&#8221;]<br \/>\n[tab id=1]<\/p>\n<p>[fontawesome icon=&#8221;random&#8221; circle=&#8221;yes&#8221; size=&#8221;small&#8221;]<\/p>\n<p>Os cursos de espanhol em Mendoza s\u00e3o de segunda a sexta-feira, para todos os n\u00edveis durante todo o ano. Voc\u00ea pode come\u00e7ar um curso de espanhol em qualquer segunda-feira do ano (exceto feriados).<\/p>\n<p>Os grupos s\u00e3o formados por n\u00edvel de espanhol. Ent\u00e3o, voc\u00ea ser\u00e1 colocado em um grupo com os alunos que compartilham seu mesmo n\u00edvel de profici\u00eancia lingu\u00edstica. Os grupos consistem de estudantes de todas as idades, origens e nacionalidades, acreditamos que esta produz um ambiente mais interessante e educativo.<\/p>\n<p>Oferecemos os seguintes cursos de espanhol em Mendoza:<\/p>\n<p>[pricing_table type=&#8221;2&#8243; backgroundcolor=&#8221;#a2c4d3&#8243; bordercolor=&#8221;#ffffff&#8221; dividercolor=&#8221;&#8221;]<br \/>\n[pricing_column title=&#8221;Curso intensivo&#8221;][pricing_price currency=&#8221;US$&#8221; price=&#8221;190&#8243; time=&#8221;week&#8221;][\/pricing_price][pricing_row]Aulas em grupo[\/pricing_row][pricing_row]20 horas[\/pricing_row][pricing_row]at\u00e9 6 estudantes[\/pricing_row][pricing_footer]Signup[\/pricing_footer][\/pricing_column]<br \/>\n[pricing_column title=&#8221;Aulas Individuais&#8221;][pricing_price currency=&#8221;US$&#8221; price=&#8221;210&#8243; time=&#8221;week&#8221;][\/pricing_price][pricing_row]Privado[\/pricing_row][pricing_row]10 horas[\/pricing_row][pricing_row]-[\/pricing_row][pricing_footer]Signup[\/pricing_footer][\/pricing_column]<br \/>\n[\/pricing_table]<\/p>\n<p>[pricing_table type=&#8221;2&#8243; backgroundcolor=&#8221;#a2c4d3&#8243; bordercolor=&#8221;#ffffff&#8221; dividercolor=&#8221;&#8221;]<br \/>\n[pricing_column title=&#8221;Aulas Individuais&#8221;][pricing_price currency=&#8221;US$&#8221; price=&#8221;405&#8243; time=&#8221;week&#8221;][\/pricing_price][pricing_row]Privado[\/pricing_row][pricing_row]20 horas[\/pricing_row][pricing_row]-[\/pricing_row][pricing_footer]Reserve j\u00e1[\/pricing_footer][\/pricing_column]<br \/>\n[pricing_column title=&#8221;Aulas Semi-privadas&#8221;][pricing_price currency=&#8221;US$&#8221; price=&#8221;160&#8243; time=&#8221;week&#8221;][\/pricing_price][pricing_row]Semi-Privado[\/pricing_row][pricing_row]10 horas[\/pricing_row][pricing_row]2 estudantes[\/pricing_row][pricing_footer]Reserve j\u00e1[\/pricing_footer][\/pricing_column]<br \/>\n[pricing_column title=&#8221;Aulas semi-privadas&#8221;][pricing_price currency=&#8221;US$&#8221; price=&#8221;310&#8243; time=&#8221;week&#8221;][\/pricing_price][pricing_row]Semi-Privado[\/pricing_row][pricing_row]20 horas[\/pricing_row][pricing_row]2 estudantes[\/pricing_row][pricing_footer]Reserve j\u00e1[\/pricing_footer][\/pricing_column]<br \/>\n[\/pricing_table]<\/p>\n<p>[one_half last=&#8221;no&#8221;]<br \/>\nPre\u00e7os das aulas de espanhol incluem:<\/p>\n<ul>\n<li>Cafeteria na escola<\/li>\n<li>Tes de n\u00edvel<\/li>\n<li>Certificado<\/li>\n<li>atividades gratuitas<\/li>\n<\/ul>\n<p>[\/one_half]<br \/>\n[one_half last=&#8221;yes&#8221;]<\/p>\n<p>Pre\u00e7os das aulas de espanhol n\u00e3o incluem:<\/p>\n<ul>\n<li>Material de estudo<\/li>\n<\/ul>\n<p>Em Mendoza o material de estudo n\u00e3o est\u00e1 inclu\u00eddo no pre\u00e7o dos cursos. Cobramos US $ 50.<br \/>\n[\/one_half]<br \/>\n[\/tab]<\/p>\n<p>[tab id=2][fontawesome icon=&#8221;thumbs-up&#8221; circle=&#8221;yes&#8221; size=&#8221;small&#8221;] Nossa escola de espanhol em Mendoza oferece alojamento em:<\/p>\n<ul>\n<li>Apartamento apartilhado<\/li>\n<li>Resid\u00eancia para estudantes<\/li>\n<li>Casa de fam\u00edlia com caf\u00e9 da manh\u00e3 ou meia pens\u00e3o (caf\u00e9 da manh\u00e3 e jantar).<\/li>\n<li>Apartmento<\/li>\n<li>Hostel<\/li>\n<li>Hotel<\/li>\n<\/ul>\n<p>Pre\u00e7os:<\/p>\n<p>[pricing_table type=&#8221;1&#8243; backgroundcolor=&#8221;#a2c4d3&#8243; bordercolor=&#8221;#ffffff&#8221; dividercolor=&#8221;&#8221;]<br \/>\n[pricing_column title=&#8221;Apartamento apartilhado&#8221;][pricing_price currency=&#8221;US $&#8221; price=&#8221;150&#8243; time=&#8221;week&#8221;][\/pricing_price][pricing_row]-[\/pricing_row][pricing_footer]Reserve j\u00e1[\/pricing_footer][\/pricing_column]<br \/>\n[pricing_column title=&#8221;Casa de fam\u00edlia com meia pens\u00e3o &#8220;][pricing_price currency=&#8221;US $&#8221; price=&#8221;230&#8243; time=&#8221;week&#8221;][\/pricing_price][pricing_row]-[\/pricing_row][pricing_footer]Reserve j\u00e1[\/pricing_footer][\/pricing_column]<br \/>\n[\/pricing_table]<\/p>\n<p>[\/tab]<br \/>\n[tab id=3][fontawesome icon=&#8221;magic&#8221; circle=&#8221;yes&#8221; size=&#8221;small&#8221;]Nossa escola de espanhol em Mendoza oferece atividades recreativas gratuitas cada semana.<\/p>\n<ul>\n<li>Segunda: Troca Espanhol \/Ingl\u00eas (outra l\u00edngua)<\/li>\n<li>Ter\u00e7a-feira: classe de fon\u00e9tica<\/li>\n<li>Quarta-feira: assistir a um filme em espanhol<\/li>\n<li>Quinta-feira: aula de conversa\u00e7\u00e3o<\/li>\n<li>Sexta-feira: m\u00fasicas em espanhol<\/li>\n<\/ul>\n<p>Atividades com um pequeno custo extra s\u00e3o:<\/p>\n<ul>\n<li>Aulas de couzinha<\/li>\n<li>Aulas de Tango ou Salsa<\/li>\n<li>Degusta\u00e7\u00e3o de vinhos numa adega<\/li>\n<li>Passeios a cavalo e rafting<\/li>\n<\/ul>\n<p>N\u00f3s tamb\u00e9m oferecemos oportunidades de voluntariado e est\u00e1gios em Mendoza. Durante fim de semana, v\u00e1rias excurs\u00f5es s\u00e3o organizadas.<br \/>\n[\/tab]<\/p>\n<p>[\/tabs]<\/p>\n<p>[fullwidth backgroundcolor=&#8221;#f8f8f8&#8243; backgroundimage=&#8221;http:\/\/verbum.biz\/cursos-espanhol\/wp-content\/uploads\/spanish-lessons-mendoza-argentina-7.jpg&#8221; backgroundrepeat=&#8221;no-repeat&#8221; backgroundposition=&#8221;center center&#8221; backgroundattachment=&#8221;fixed&#8221; bordersize=&#8221;1px&#8221; bordercolor=&#8221;#e5e4e4&#8243; paddingTop=&#8221;50px&#8221; paddingBottom=&#8221;0px&#8221;] [tagline_box backgroundcolor=&#8221;rgba(255,255,255,.4)&#8221; shadow=&#8221;no&#8221; shadowopacity=&#8221;&#8221; border=&#8221;1px&#8221; bordercolor=&#8221;#e5e4e4&#8243; highlightposition=&#8221;left&#8221; content_alignment=&#8221;left&#8221; link=&#8221;http:\/\/verbum.biz\/spanish-schools\/enrollment&#8221; linktarget=&#8221;_blank&#8221; button_size=&#8221;large&#8221; button_shape=&#8221;square&#8221; button_type=&#8221;flat&#8221; buttoncolor=&#8221;&#8221; button=&#8221;Book Now!&#8221; title=&#8221;Studying Spanish is easier with Verbum!&#8221; description=&#8221;Book your full package through Verbum and start enjoying your stay in Mendoza!&#8221; animation_type=&#8221;fade&#8221; animation_direction=&#8221;up&#8221; animation_speed=&#8221;1&#8243; class=&#8221;&#8221; id=&#8221;&#8221;][\/tagline_box] [separator style_type=&#8221;&#8221; top_margin=&#8221;-30&#8243; bottom_margin=&#8221;&#8221; sep_color=&#8221;&#8221; icon=&#8221;&#8221; width=&#8221;&#8221; class=&#8221;&#8221; id=&#8221;&#8221;]<\/p>\n<p>[\/fullwidth]<\/p>\n","protected":false},"excerpt":{"rendered":"<p>[one_half last=&#8221;no&#8221;] [title size=&#8221;2&#8243;]Bem vindo a Mendoza, Argentina![\/title] A cidade \u00e9 uma paragem frequente para os escaladores em seu caminho para o Aconc\u00e1gua (a montanha mais alta de Sudamerica) e para viajantes aventureiros interessados em montanhismo, trekking, cavalgadas, rafting e outros esportes. No inverno, os esquiadores v\u00eam \u00e0 cidade para o seu f\u00e1cil acesso aos  [&#8230;]<\/p>\n","protected":false},"author":1,"featured_media":0,"parent":0,"menu_order":0,"comment_status":"open","ping_status":"closed","template":"","meta":{"footnotes":""},"class_list":["post-3938","page","type-page","status-publish","hentry"],"_links":{"self":[{"href":"https:\/\/verbum.biz\/pt-br\/wp-json\/wp\/v2\/pages\/3938","targetHints":{"allow":["GET"]}}],"collection":[{"href":"https:\/\/verbum.biz\/pt-br\/wp-json\/wp\/v2\/pages"}],"about":[{"href":"https:\/\/verbum.biz\/pt-br\/wp-json\/wp\/v2\/types\/page"}],"author":[{"embeddable":true,"href":"https:\/\/verbum.biz\/pt-br\/wp-json\/wp\/v2\/users\/1"}],"replies":[{"embeddable":true,"href":"https:\/\/verbum.biz\/pt-br\/wp-json\/wp\/v2\/comments?post=3938"}],"version-history":[{"count":0,"href":"https:\/\/verbum.biz\/pt-br\/wp-json\/wp\/v2\/pages\/3938\/revisions"}],"wp:attachment":[{"href":"https:\/\/verbum.biz\/pt-br\/wp-json\/wp\/v2\/media?parent=3938"}],"curies":[{"name":"wp","href":"https:\/\/api.w.org\/{rel}","templated":true}]}}