{"id":3941,"date":"2014-08-22T22:01:41","date_gmt":"2014-08-22T22:01:41","guid":{"rendered":"https:\/\/verbum.biz\/voluntariado\/"},"modified":"2020-04-20T02:16:41","modified_gmt":"2020-04-20T05:16:41","slug":"voluntariado","status":"publish","type":"page","link":"https:\/\/verbum.biz\/pt-br\/voluntariado\/","title":{"rendered":"Voluntariado"},"content":{"rendered":"<p><div class=\"fusion-fullwidth fullwidth-box fusion-builder-row-1 hundred-percent-fullwidth non-hundred-percent-height-scrolling\" style=\"--awb-border-radius-top-left:0px;--awb-border-radius-top-right:0px;--awb-border-radius-bottom-right:0px;--awb-border-radius-bottom-left:0px;--awb-overflow:visible;--awb-flex-wrap:wrap;\" ><div class=\"fusion-builder-row fusion-row\"><div class=\"fusion-layout-column fusion_builder_column fusion-builder-column-0 fusion_builder_column_1_2 1_2 fusion-one-half fusion-column-first\" style=\"--awb-bg-size:cover;width:50%;width:calc(50% - ( ( 4% ) * 0.5 ) );margin-right: 4%;\"><div class=\"fusion-column-wrapper fusion-flex-column-wrapper-legacy\"><div class=\"fusion-slider-sc fusion-flexslider-loading flexslider flexslider-hover-type-none\" data-slideshow_autoplay=\"1\" data-slideshow_smooth_height=\"0\" data-slideshow_speed=\"7000\" style=\"max-width:100%;height:100%;\"><ul class=\"slides\">\n<li class=\"image\"><span class=\"fusion-image-hover-element hover-type-none\"><img decoding=\"async\" src=\"https:\/\/verbum.biz\/wp-content\/uploads\/spanish-school-buenos-aires-volunteer-1.jpg\" alt=\"spanish-school-buenos-aires-volunteer\" width=\"960\" height=\"720\" \/><\/span><\/li>\n<li class=\"image\"><span class=\"fusion-image-hover-element hover-type-none\"><img decoding=\"async\" src=\"https:\/\/verbum.biz\/wp-content\/uploads\/spanish-school-buenos-aires-volunteer-2.jpg\" alt=\"spanish-school-buenos-aires-volunteer\" width=\"960\" height=\"720\" \/><\/span><\/li>\n<li class=\"image\"><span class=\"fusion-image-hover-element hover-type-none\"><img decoding=\"async\" src=\"https:\/\/verbum.biz\/wp-content\/uploads\/spanish-school-buenos-aires-volunteer-3.jpg\" alt=\"spanish-school-buenos-aires-volunteer\" width=\"960\" height=\"720\" \/><\/span><\/li>\n<li class=\"image\"><span class=\"fusion-image-hover-element hover-type-none\"><img decoding=\"async\" src=\"https:\/\/verbum.biz\/wp-content\/uploads\/spanish-school-buenos-aires-volunteer-4.jpg\" alt=\"spanish-school-buenos-aires-volunteer\" width=\"448\" height=\"336\" \/><\/span><\/li>\n<li class=\"image\"><span class=\"fusion-image-hover-element hover-type-none\"><img decoding=\"async\" src=\"https:\/\/verbum.biz\/wp-content\/uploads\/spanish-school-buenos-aires-volunteer-5.jpg\" alt=\"spanish-school-buenos-aires-volunteer\" width=\"593\" height=\"444\" \/><\/span><\/li>\n<li class=\"image\"><span class=\"fusion-image-hover-element hover-type-none\"><img decoding=\"async\" src=\"https:\/\/verbum.biz\/wp-content\/uploads\/spanish-school-buenos-aires-volunteer-6.jpg\" alt=\"spanish-school-buenos-aires-volunteer\" width=\"593\" height=\"419\" \/><\/span><\/li>\n<li class=\"image\"><span class=\"fusion-image-hover-element hover-type-none\"><img decoding=\"async\" src=\"https:\/\/verbum.biz\/wp-content\/uploads\/spanish-school-buenos-aires-volunteer-7.jpg\" alt=\"spanish-school-buenos-aires-volunteer\" width=\"593\" height=\"409\" \/><\/span><\/li>\n<\/ul><\/div><div class=\"fusion-clearfix\"><\/div><\/div><\/div><div class=\"fusion-layout-column fusion_builder_column fusion-builder-column-1 fusion_builder_column_1_2 1_2 fusion-one-half fusion-column-last\" style=\"--awb-bg-size:cover;width:50%;width:calc(50% - ( ( 4% ) * 0.5 ) );\"><div class=\"fusion-column-wrapper fusion-flex-column-wrapper-legacy\"><div class=\"fusion-text fusion-text-1\"><p>Voc\u00ea est\u00e1 preocupado com os aspectos sociais da cultura que voc\u00ea est\u00e1 visitando? Voc\u00ea quer ajudar as pessoas que est\u00e3o em necessidade?<\/p>\n<p>Um programa de voluntariado pode abrir as portas para muitas oportunidades novas e emocionantes. Ele tamb\u00e9m abre o cora\u00e7\u00e3o e d\u00e1-lhe a oportunidade maravilhosa de experimentar a vida local em primeira m\u00e3o, al\u00e9m de dar algo de volta \u00e0 comunidade.<\/p>\n<p>Voluntariado em Buenos Aires pode ser ao mesmo tempo desafiador e gratificante, mas uma coisa \u00e9 certa &#8211; voc\u00ea vai voltar com um verdadeiro sentimento de realiza\u00e7\u00e3o pessoal.<\/p>\n<\/div><div class=\"fusion-clearfix\"><\/div><\/div><\/div><div class=\"fusion-layout-column fusion_builder_column fusion-builder-column-2 fusion_builder_column_1_2 1_2 fusion-one-half fusion-column-first\" style=\"--awb-bg-size:cover;width:50%;width:calc(50% - ( ( 4% ) * 0.5 ) );margin-right: 4%;\"><div class=\"fusion-column-wrapper fusion-flex-column-wrapper-legacy\"><div class=\"fusion-text fusion-text-2\"><p> Nossos volunt\u00e1rios podem participar de uma grande variedade de projectos nos dom\u00ednios de desenvolvimento comunit\u00e1rio, educa\u00e7\u00e3o, sa\u00fade e preserva\u00e7\u00e3o ambiental em Argentina.<\/p>\n<\/div><div class=\"fusion-clearfix\"><\/div><\/div><\/div><div class=\"fusion-layout-column fusion_builder_column fusion-builder-column-3 fusion_builder_column_1_2 1_2 fusion-one-half fusion-column-last\" style=\"--awb-bg-size:cover;width:50%;width:calc(50% - ( ( 4% ) * 0.5 ) );\"><div class=\"fusion-column-wrapper fusion-flex-column-wrapper-legacy\"><div class=\"fusion-text fusion-text-3\"><p> O papel que os volunt\u00e1rios desempenham durante o seu programa ser\u00e1 baseado em suas habilidades e interesses individuais, \u00e9 por isso que Verbum trabalhou para desenvolver uma vasta gama de op\u00e7\u00f5es de voluntariado.<\/p>\n<\/div><div class=\"fusion-clearfix\"><\/div><\/div><\/div><div class=\"fusion-layout-column fusion_builder_column fusion-builder-column-4 fusion_builder_column_1_2 1_2 fusion-one-half fusion-column-first\" style=\"--awb-bg-size:cover;width:50%;width:calc(50% - ( ( 4% ) * 0.5 ) );margin-right: 4%;\"><div class=\"fusion-column-wrapper fusion-flex-column-wrapper-legacy\"><div class=\"accordian fusion-accordian\" style=\"--awb-border-size:1px;--awb-icon-size:13px;--awb-content-font-size:13px;--awb-icon-alignment:left;--awb-hover-color:#f9f9f9;--awb-border-color:#cccccc;--awb-background-color:#ffffff;--awb-divider-color:#e0dede;--awb-divider-hover-color:#e0dede;--awb-icon-color:#ffffff;--awb-title-color:#007eff;--awb-content-color:#000000;--awb-icon-box-color:#333333;--awb-toggle-hover-accent-color:#67b7e1;--awb-title-font-family:&quot;Antic Slab&quot;;--awb-title-font-weight:400;--awb-title-font-style:normal;--awb-title-font-size:13px;--awb-title-letter-spacing:0px;--awb-title-line-height:1.54;--awb-content-font-family:&quot;PT Sans&quot;;--awb-content-font-style:normal;--awb-content-font-weight:400;\"><div class=\"panel-group fusion-toggle-icon-boxed\" id=\"accordion-3941-1\">\n<div class=\"fusion-panel panel-default panel-775c296436a529b49 fusion-toggle-has-divider\"><div class=\"panel-heading\"><h4 class=\"panel-title toggle\" id=\"toggle_775c296436a529b49\"><a aria-expanded=\"false\" aria-controls=\"775c296436a529b49\" role=\"button\" data-toggle=\"collapse\" data-parent=\"#accordion-3941-1\" data-target=\"#775c296436a529b49\" href=\"#775c296436a529b49\"><span class=\"fusion-toggle-icon-wrapper\" aria-hidden=\"true\"><i class=\"fa-fusion-box active-icon awb-icon-minus\" aria-hidden=\"true\"><\/i><i class=\"fa-fusion-box inactive-icon awb-icon-plus\" aria-hidden=\"true\"><\/i><\/span><span class=\"fusion-toggle-heading\">Por que voluntariado atrav\u00e9s Verbum?<\/span><\/a><\/h4><\/div><div id=\"775c296436a529b49\" class=\"panel-collapse collapse \" aria-labelledby=\"toggle_775c296436a529b49\"><div class=\"panel-body toggle-content fusion-clearfix\">\n<ul style=\"--awb-line-height:23.8px;--awb-icon-width:23.8px;--awb-icon-height:23.8px;--awb-icon-margin:9.8px;--awb-content-margin:33.6px;--awb-circlecolor:#a0ce4e;--awb-circle-yes-font-size:12.32px;\" class=\"fusion-checklist fusion-checklist-1 fusion-checklist-default type-icons\">\n\n<li class=\"fusion-li-item\" style=\"\"><span class=\"icon-wrapper circle-yes\"><i class=\"fusion-li-icon fa fa-check\" aria-hidden=\"true\"><\/i><\/span><div class=\"fusion-li-item-content\">Voc\u00ea ser\u00e1 atribu\u00edda uma posi\u00e7\u00e3o volunt\u00e1ria de acordo com suas necessidades.<\/div><\/li>\n<li class=\"fusion-li-item\" style=\"\"><span class=\"icon-wrapper circle-yes\"><i class=\"fusion-li-icon fa fa-check\" aria-hidden=\"true\"><\/i><\/span><div class=\"fusion-li-item-content\">Voc\u00ea ter\u00e1 o total apoio da nosso pessoal durante seu tempo voluntariado.<\/div><\/li>\n<li class=\"fusion-li-item\" style=\"\"><span class=\"icon-wrapper circle-yes\"><i class=\"fusion-li-icon fa fa-check\" aria-hidden=\"true\"><\/i><\/span><div class=\"fusion-li-item-content\">Muitos empregadores apreciam experi\u00eancia de voluntariado acima de tudo. Se voc\u00ea tem o voluntariado em seu curr\u00edculo, ele mostra que voc\u00ea \u00e9 flex\u00edvel, paciente e comprometido.<\/div><\/li>\n<li class=\"fusion-li-item\" style=\"\"><span class=\"icon-wrapper circle-yes\"><i class=\"fusion-li-icon fa fa-check\" aria-hidden=\"true\"><\/i><\/span><div class=\"fusion-li-item-content\">Vamos orientar e apoiar quando voc\u00ea se acostumar a uma nova cultura.<\/div><\/li>\n<li class=\"fusion-li-item\" style=\"\"><span class=\"icon-wrapper circle-yes\"><i class=\"fusion-li-icon fa fa-check\" aria-hidden=\"true\"><\/i><\/span><div class=\"fusion-li-item-content\">Voc\u00ea ter\u00e1 acesso a uma linha telef\u00f4nica 24 horas para ajud\u00e1-lo com pessoais, sociais, legais ou quaisquer outros problemas que podem ocorrer durante a sua estadia em Argentina.<\/div><\/li>\n<li class=\"fusion-li-item\" style=\"\"><span class=\"icon-wrapper circle-yes\"><i class=\"fusion-li-icon fa fa-check\" aria-hidden=\"true\"><\/i><\/span><div class=\"fusion-li-item-content\">Se voc\u00ea precisa de seu trabalho volunt\u00e1rio para atender requisitos espec\u00edficos para fins acad\u00eamicos, voc\u00ea pode projetar seu pr\u00f3prio posicionamento de acordo com suas necessidades.<\/div><\/li>\n\n<\/ul>\n<\/div><\/div><\/div>\n<div class=\"fusion-panel panel-default panel-f7e6c91379e9a1d3c fusion-toggle-has-divider\"><div class=\"panel-heading\"><h4 class=\"panel-title toggle\" id=\"toggle_f7e6c91379e9a1d3c\"><a aria-expanded=\"false\" aria-controls=\"f7e6c91379e9a1d3c\" role=\"button\" data-toggle=\"collapse\" data-parent=\"#accordion-3941-1\" data-target=\"#f7e6c91379e9a1d3c\" href=\"#f7e6c91379e9a1d3c\"><span class=\"fusion-toggle-icon-wrapper\" aria-hidden=\"true\"><i class=\"fa-fusion-box active-icon awb-icon-minus\" aria-hidden=\"true\"><\/i><i class=\"fa-fusion-box inactive-icon awb-icon-plus\" aria-hidden=\"true\"><\/i><\/span><span class=\"fusion-toggle-heading\">Sele\u00e7\u00e3o de Participantes<\/span><\/a><\/h4><\/div><div id=\"f7e6c91379e9a1d3c\" class=\"panel-collapse collapse \" aria-labelledby=\"toggle_f7e6c91379e9a1d3c\"><div class=\"panel-body toggle-content fusion-clearfix\">\n<p>Em rela\u00e7\u00e3o aos nossos participantes, n\u00f3s esperamos que eles t\u00eam as habilidades e compet\u00eancias necess\u00e1rias para produzir um bem sucedida experi\u00eancia de voluntariado internacional: a capacidade de se adaptar a um novo ambiente e Cultura, o n\u00edvel de espanhol necess\u00e1rio ou a vontade de fazer um curso de espanhol e compromisso genu\u00edno pela organiza\u00e7\u00e3o anfitri\u00e3. <\/div><\/div><\/div>\n<\/div><\/div><div class=\"fusion-clearfix\"><\/div><\/div><\/div><div class=\"fusion-layout-column fusion_builder_column fusion-builder-column-5 fusion_builder_column_1_2 1_2 fusion-one-half fusion-column-last\" style=\"--awb-bg-size:cover;width:50%;width:calc(50% - ( ( 4% ) * 0.5 ) );\"><div class=\"fusion-column-wrapper fusion-flex-column-wrapper-legacy\"><div class=\"accordian fusion-accordian\" style=\"--awb-border-size:1px;--awb-icon-size:13px;--awb-content-font-size:13px;--awb-icon-alignment:left;--awb-hover-color:#f9f9f9;--awb-border-color:#cccccc;--awb-background-color:#ffffff;--awb-divider-color:#e0dede;--awb-divider-hover-color:#e0dede;--awb-icon-color:#ffffff;--awb-title-color:#007eff;--awb-content-color:#000000;--awb-icon-box-color:#333333;--awb-toggle-hover-accent-color:#67b7e1;--awb-title-font-family:&quot;Antic Slab&quot;;--awb-title-font-weight:400;--awb-title-font-style:normal;--awb-title-font-size:13px;--awb-title-letter-spacing:0px;--awb-title-line-height:1.54;--awb-content-font-family:&quot;PT Sans&quot;;--awb-content-font-style:normal;--awb-content-font-weight:400;\"><div class=\"panel-group fusion-toggle-icon-boxed\" id=\"accordion-3941-2\">\n<div class=\"fusion-panel panel-default panel-5bf3d412b2f943868 fusion-toggle-has-divider\"><div class=\"panel-heading\"><h4 class=\"panel-title toggle\" id=\"toggle_5bf3d412b2f943868\"><a aria-expanded=\"false\" aria-controls=\"5bf3d412b2f943868\" role=\"button\" data-toggle=\"collapse\" data-parent=\"#accordion-3941-2\" data-target=\"#5bf3d412b2f943868\" href=\"#5bf3d412b2f943868\"><span class=\"fusion-toggle-icon-wrapper\" aria-hidden=\"true\"><i class=\"fa-fusion-box active-icon awb-icon-minus\" aria-hidden=\"true\"><\/i><i class=\"fa-fusion-box inactive-icon awb-icon-plus\" aria-hidden=\"true\"><\/i><\/span><span class=\"fusion-toggle-heading\">Taxa de Voluntariado<\/span><\/a><\/h4><\/div><div id=\"5bf3d412b2f943868\" class=\"panel-collapse collapse \" aria-labelledby=\"toggle_5bf3d412b2f943868\"><div class=\"panel-body toggle-content fusion-clearfix\">\nLivre para os estudantes matriculados em um curso de 4 semanas ou mais.<\/p>\n<p>Outros alunos: por favor, escreva-nos.[\/toggle] <\/div><\/div><\/div>\n<div class=\"fusion-panel panel-default panel-280841d38651966f4 fusion-toggle-has-divider\"><div class=\"panel-heading\"><h4 class=\"panel-title toggle\" id=\"toggle_280841d38651966f4\"><a aria-expanded=\"false\" aria-controls=\"280841d38651966f4\" role=\"button\" data-toggle=\"collapse\" data-parent=\"#accordion-3941-2\" data-target=\"#280841d38651966f4\" href=\"#280841d38651966f4\"><span class=\"fusion-toggle-icon-wrapper\" aria-hidden=\"true\"><i class=\"fa-fusion-box active-icon awb-icon-minus\" aria-hidden=\"true\"><\/i><i class=\"fa-fusion-box inactive-icon awb-icon-plus\" aria-hidden=\"true\"><\/i><\/span><span class=\"fusion-toggle-heading\">Dura\u00e7\u00e3o e Datas<\/span><\/a><\/h4><\/div><div id=\"280841d38651966f4\" class=\"panel-collapse collapse \" aria-labelledby=\"toggle_280841d38651966f4\"><div class=\"panel-body toggle-content fusion-clearfix\">\nVoc\u00ea escolhe a dura\u00e7\u00e3o do seu programa de voluntariado, mas voc\u00ea deve ter em mente que a maioria das posi\u00e7\u00f5es s\u00e3o organizadas com base em um prazo m\u00ednimo de 4 semanas e um m\u00e1ximo de seis meses.<\/p>\n<p>Por favor, note que o processo de posicionamento pode demorar at\u00e9 4 semanas antes de sua posi\u00e7\u00e3o \u00e9 confirmada. N\u00f3s recomendamos que voc\u00ea aguarde a confirma\u00e7\u00e3o do seu trabalho volunt\u00e1rio antes de organizar o seu v\u00f4o. Isso \u00e9 necess\u00e1rio para garantir que a sua posi\u00e7\u00e3o estar\u00e1 dispon\u00edvel para as datas solicitadas.<\/p>\n<p>Os nossos est\u00e1gios volunt\u00e1rios est\u00e3o dispon\u00edveis durante todo o ano.<\/div><\/div><\/div>\n<\/div><\/div><div class=\"fusion-clearfix\"><\/div><\/div><\/div><\/div><\/div><div class=\"fusion-fullwidth fullwidth-box fusion-builder-row-2 fusion-parallax-none nonhundred-percent-fullwidth non-hundred-percent-height-scrolling\" style=\"--awb-border-radius-top-left:0px;--awb-border-radius-top-right:0px;--awb-border-radius-bottom-right:0px;--awb-border-radius-bottom-left:0px;--awb-padding-top:80px;--awb-margin-top:20px;--awb-margin-bottom:50px;--awb-background-image:url(&quot;https:\/\/verbum.biz\/wp-content\/uploads\/04-1.jpg&quot;);--awb-background-size:cover;--awb-border-sizes-top:1px;--awb-border-sizes-bottom:1px;--awb-flex-wrap:wrap;\" ><div class=\"fusion-builder-row fusion-row\"><div class=\"fusion-layout-column fusion_builder_column fusion-builder-column-6 fusion_builder_column_1_1 1_1 fusion-one-full fusion-column-first fusion-column-last fusion-column-no-min-height\" style=\"--awb-bg-size:cover;--awb-margin-bottom:0px;\"><div class=\"fusion-column-wrapper fusion-flex-column-wrapper-legacy\"><div class=\"fusion-reading-box-container reading-box-container-1\" style=\"--awb-title-color:#000000;--awb-margin-top:0px;--awb-margin-bottom:84px;\"><div class=\"reading-box\" style=\"background-color:rgba(255,255,255,0.85);border-width:0px;border-color:#e5e4e4;border-left-width:3px;border-left-color:var(--primary_color);border-style:solid;\"><a class=\"button fusion-button button-default fusion-button-large button-large button-flat fusion-desktop-button fusion-tagline-button continue fusion-desktop-button-margin continue-right\" style=\"-webkit-box-shadow:none;-moz-box-shadow:none;box-shadow:none;border-radius:0px 0px 0px 0px\" href=\"https:\/\/verbum.biz\/enrollment\" target=\"_blank\" rel=\"noopener noreferrer\"><span>Book Now!<\/span><\/a><h2>Volunteer in Buenos Aires<\/h2><div class=\"reading-box-description fusion-reading-box-additional\">Book your full package through Verbum and start enjoying your stay in Buenos Aires!<\/div><div class=\"fusion-clearfix\"><\/div><a class=\"button fusion-button button-default fusion-button-large button-large button-flat fusion-mobile-button continue-right\" style=\"-webkit-box-shadow:none;-moz-box-shadow:none;box-shadow:none;border-radius:0px 0px 0px 0px\" href=\"https:\/\/verbum.biz\/enrollment\" target=\"_blank\" rel=\"noopener noreferrer\"><span>Book Now!<\/span><\/a><\/div><\/div><div class=\"fusion-clearfix\"><\/div><\/div><\/div><\/div><\/div><\/p>\n","protected":false},"excerpt":{"rendered":"","protected":false},"author":1,"featured_media":0,"parent":0,"menu_order":0,"comment_status":"open","ping_status":"closed","template":"","meta":{"footnotes":""},"class_list":["post-3941","page","type-page","status-publish","hentry"],"_links":{"self":[{"href":"https:\/\/verbum.biz\/pt-br\/wp-json\/wp\/v2\/pages\/3941","targetHints":{"allow":["GET"]}}],"collection":[{"href":"https:\/\/verbum.biz\/pt-br\/wp-json\/wp\/v2\/pages"}],"about":[{"href":"https:\/\/verbum.biz\/pt-br\/wp-json\/wp\/v2\/types\/page"}],"author":[{"embeddable":true,"href":"https:\/\/verbum.biz\/pt-br\/wp-json\/wp\/v2\/users\/1"}],"replies":[{"embeddable":true,"href":"https:\/\/verbum.biz\/pt-br\/wp-json\/wp\/v2\/comments?post=3941"}],"version-history":[{"count":2,"href":"https:\/\/verbum.biz\/pt-br\/wp-json\/wp\/v2\/pages\/3941\/revisions"}],"predecessor-version":[{"id":5711,"href":"https:\/\/verbum.biz\/pt-br\/wp-json\/wp\/v2\/pages\/3941\/revisions\/5711"}],"wp:attachment":[{"href":"https:\/\/verbum.biz\/pt-br\/wp-json\/wp\/v2\/media?parent=3941"}],"curies":[{"name":"wp","href":"https:\/\/api.w.org\/{rel}","templated":true}]}}